{"id":27972,"date":"2025-01-24T10:16:04","date_gmt":"2025-01-24T09:16:04","guid":{"rendered":"https:\/\/fixlabproducts.com\/sk\/produkt\/climatop\/"},"modified":"2025-01-27T10:36:56","modified_gmt":"2025-01-27T09:36:56","slug":"climatop","status":"publish","type":"product","link":"https:\/\/fixlabproducts.com\/sk\/produkt\/climatop\/","title":{"rendered":"ClimaTop &#8211; \u010cistiaca pena pre klimatiz\u00e1ciu"},"content":{"rendered":"<p>Pr\u00edpravok ClimaTop obsahuje \u00fa\u010dinn\u00e9 l\u00e1tky, ktor\u00e9 prenikaj\u00fa hlboko do cievok a rebier klimatiza\u010dnej jednotky.<\/p>\n<p><img fetchpriority=\"high\" decoding=\"async\" class=\"alignnone size-medium wp-image-53163\" src=\"https:\/\/clickostore.com\/si\/wp-content\/uploads\/sites\/23\/2024\/05\/PLANT-FERTILIZER-2-600x600.jpg\" alt=\"\" width=\"600\" height=\"600\" \/><\/p>\n<p>Elimin\u00e1ciou plesn\u00ed, h\u00fab a bakt\u00e9ri\u00ed zabezpe\u010duje ClimaTop zdrav\u0161ie prostredie pre v\u00e1s a va\u0161ich bl\u00edzkych.<\/p>\n<p><img decoding=\"async\" class=\"alignnone size-medium wp-image-60838\" src=\"https:\/\/clickostore.com\/sk\/wp-content\/uploads\/sites\/6\/2024\/05\/17-600x600.jpg\" alt=\"\" width=\"600\" height=\"600\" \/><\/p>\n<p>\u010cist\u00e1 klimatiz\u00e1cia pracuje efekt\u00edvnej\u0161ie, spotrebuje menej energie a zn\u00ed\u017ei va\u0161e \u00fa\u010dty za elektrinu.<\/p>\n<p><img decoding=\"async\" class=\"alignnone size-medium wp-image-53158\" src=\"https:\/\/clickostore.com\/si\/wp-content\/uploads\/sites\/23\/2024\/05\/3-600x600.png\" alt=\"\" width=\"600\" height=\"600\" \/><\/p>\n<p>V\u010faka svojmu nekoroz\u00edvnemu zlo\u017eeniu je bezpe\u010dn\u00fd na pou\u017eitie na r\u00f4znych povrchoch, pri\u010dom nesp\u00f4sobuje \u017eiadne po\u0161kodenie.<\/p>\n<p><img loading=\"lazy\" decoding=\"async\" class=\"alignnone size-medium wp-image-60837\" src=\"https:\/\/clickostore.com\/sk\/wp-content\/uploads\/sites\/6\/2024\/05\/14-600x600.jpg\" alt=\"\" width=\"600\" height=\"600\" \/><\/p>\n<p>&nbsp;<\/p>\n<p>&nbsp;<\/p>\n<p>&nbsp;<\/p>\n","protected":false},"excerpt":{"rendered":"<p>ClimaTop je dokonal\u00fdm rie\u0161en\u00edm na udr\u017eiavanie klimatiza\u010dn\u00e9ho syst\u00e9mu v \u0161pi\u010dkovej kond\u00edcii. ClimaTop je \u0161peci\u00e1lne navrhnut\u00fd na zv\u00fd\u0161enie \u00fa\u010dinnosti va\u0161ej klimatiz\u00e1cie, \u010d\u00edm zabezpe\u010duje \u010derstv\u00fd a chladn\u00fd vzduch!\ud83d\udca8\ud83c\udf43<\/p>\n","protected":false},"featured_media":27971,"comment_status":"closed","ping_status":"closed","template":"","meta":{"_acf_changed":false,"inline_featured_image":false},"product_cat":[74],"product_tag":[],"class_list":{"0":"post-27972","1":"product","2":"type-product","3":"status-publish","4":"has-post-thumbnail","6":"product_cat-hracky","8":"first","9":"instock","10":"sale","11":"shipping-taxable","12":"purchasable","13":"product-type-simple"},"acf":[],"_links":{"self":[{"href":"https:\/\/fixlabproducts.com\/sk\/wp-json\/wp\/v2\/product\/27972"}],"collection":[{"href":"https:\/\/fixlabproducts.com\/sk\/wp-json\/wp\/v2\/product"}],"about":[{"href":"https:\/\/fixlabproducts.com\/sk\/wp-json\/wp\/v2\/types\/product"}],"replies":[{"embeddable":true,"href":"https:\/\/fixlabproducts.com\/sk\/wp-json\/wp\/v2\/comments?post=27972"}],"wp:featuredmedia":[{"embeddable":true,"href":"https:\/\/fixlabproducts.com\/sk\/wp-json\/wp\/v2\/media\/27971"}],"wp:attachment":[{"href":"https:\/\/fixlabproducts.com\/sk\/wp-json\/wp\/v2\/media?parent=27972"}],"wp:term":[{"taxonomy":"product_cat","embeddable":true,"href":"https:\/\/fixlabproducts.com\/sk\/wp-json\/wp\/v2\/product_cat?post=27972"},{"taxonomy":"product_tag","embeddable":true,"href":"https:\/\/fixlabproducts.com\/sk\/wp-json\/wp\/v2\/product_tag?post=27972"}],"curies":[{"name":"wp","href":"https:\/\/api.w.org\/{rel}","templated":true}]}}