{"id":27970,"date":"2025-01-24T10:12:57","date_gmt":"2025-01-24T09:12:57","guid":{"rendered":"https:\/\/fixlabproducts.com\/sk\/produkt\/powderwipe\/"},"modified":"2025-01-27T10:37:02","modified_gmt":"2025-01-27T09:37:02","slug":"powderwipe","status":"publish","type":"product","link":"https:\/\/fixlabproducts.com\/sk\/produkt\/powderwipe\/","title":{"rendered":"PowderWipe &#8211; viac\u00fa\u010delov\u00fd \u010distiaci pr\u00e1\u0161ok"},"content":{"rendered":"","protected":false},"excerpt":{"rendered":"<p>Povedzte zbohom odoln\u00fdm \u0161kvrn\u00e1m, mastnote a \u0161pine s na\u0161\u00edm viac\u00fa\u010delov\u00fdm pr\u00e1\u0161kov\u00fdm \u010disti\u010dom. PowderWipe je navrhnut\u00fd tak, aby va\u0161e kuchynsk\u00e9 n\u00e1\u010dinie vyzeralo ako nov\u00e9, zais\u0165uje \u010distenie bez n\u00e1mahy!<\/p>\n","protected":false},"featured_media":27969,"comment_status":"closed","ping_status":"closed","template":"","meta":{"_acf_changed":false,"inline_featured_image":false},"product_cat":[78],"product_tag":[],"class_list":{"0":"post-27970","1":"product","2":"type-product","3":"status-publish","4":"has-post-thumbnail","6":"product_cat-dom-a-zahrada","8":"first","9":"instock","10":"sale","11":"shipping-taxable","12":"purchasable","13":"product-type-simple"},"acf":[],"_links":{"self":[{"href":"https:\/\/fixlabproducts.com\/sk\/wp-json\/wp\/v2\/product\/27970"}],"collection":[{"href":"https:\/\/fixlabproducts.com\/sk\/wp-json\/wp\/v2\/product"}],"about":[{"href":"https:\/\/fixlabproducts.com\/sk\/wp-json\/wp\/v2\/types\/product"}],"replies":[{"embeddable":true,"href":"https:\/\/fixlabproducts.com\/sk\/wp-json\/wp\/v2\/comments?post=27970"}],"wp:featuredmedia":[{"embeddable":true,"href":"https:\/\/fixlabproducts.com\/sk\/wp-json\/wp\/v2\/media\/27969"}],"wp:attachment":[{"href":"https:\/\/fixlabproducts.com\/sk\/wp-json\/wp\/v2\/media?parent=27970"}],"wp:term":[{"taxonomy":"product_cat","embeddable":true,"href":"https:\/\/fixlabproducts.com\/sk\/wp-json\/wp\/v2\/product_cat?post=27970"},{"taxonomy":"product_tag","embeddable":true,"href":"https:\/\/fixlabproducts.com\/sk\/wp-json\/wp\/v2\/product_tag?post=27970"}],"curies":[{"name":"wp","href":"https:\/\/api.w.org\/{rel}","templated":true}]}}