{"id":27968,"date":"2025-01-24T10:12:08","date_gmt":"2025-01-24T09:12:08","guid":{"rendered":"https:\/\/fixlabproducts.com\/sk\/produkt\/pipeaid\/"},"modified":"2025-01-27T10:37:30","modified_gmt":"2025-01-27T09:37:30","slug":"pipeaid","status":"publish","type":"product","link":"https:\/\/fixlabproducts.com\/sk\/produkt\/pipeaid\/","title":{"rendered":"PipeAID &#8211; \u010cisti\u010d kanaliz\u00e1cie"},"content":{"rendered":"<p>PipeAID m\u00e1 jemn\u00e9, ale \u00fa\u010dinn\u00e9 zlo\u017eenie, ktor\u00e9 je \u0161etrn\u00e9 k va\u0161im vodovodn\u00fdm syst\u00e9mom, ale tvrd\u00e9 vo\u010di upchatiu.<\/p>\n<p><img fetchpriority=\"high\" decoding=\"async\" class=\"alignnone size-medium wp-image-60822\" src=\"https:\/\/clickostore.com\/sk\/wp-content\/uploads\/sites\/6\/2024\/05\/SK2-1-600x600.jpg\" alt=\"\" width=\"600\" height=\"600\" \/><\/p>\n<p>Jedine\u010dn\u00fd peniv\u00fd \u00fa\u010dinok expanduje v potrub\u00ed a \u00fa\u010dinne \u010dist\u00ed zanesen\u00e9 miesto. Ide\u00e1lny pre kuchyne, k\u00fape\u013ene at\u010f.<\/p>\n<p><img decoding=\"async\" class=\"alignnone size-medium wp-image-53147\" src=\"https:\/\/clickostore.com\/si\/wp-content\/uploads\/sites\/23\/2024\/05\/3-600x600.jpg\" alt=\"\" width=\"600\" height=\"600\" \/><\/p>\n<p>PipeAID si porad\u00ed aj s nepr\u00edjemn\u00fdm z\u00e1pachom, ktor\u00fd sprev\u00e1dza upchatie odtoku, a inovat\u00edvne zlo\u017eenie zvy\u0161uje prietok vody.<\/p>\n<p><img decoding=\"async\" class=\"alignnone size-medium wp-image-53148\" src=\"https:\/\/clickostore.com\/si\/wp-content\/uploads\/sites\/23\/2024\/05\/4-600x600.jpg\" alt=\"\" width=\"600\" height=\"600\" \/><\/p>\n<p>PipeAID, r\u00fdchly, bezpe\u010dn\u00fd a \u00fa\u010dinn\u00fd sp\u00f4sob, ako si udr\u017ea\u0165 vo\u013ene te\u010d\u00facu kanaliz\u00e1ciu a \u010dist\u00fd domov bez z\u00e1pachu. V\u0161etko v jednom!<\/p>\n<p><img loading=\"lazy\" decoding=\"async\" class=\"alignnone size-medium wp-image-53149\" src=\"https:\/\/clickostore.com\/si\/wp-content\/uploads\/sites\/23\/2024\/05\/5-1-600x600.jpg\" alt=\"\" width=\"600\" height=\"600\" \/><\/p>\n","protected":false},"excerpt":{"rendered":"<p>\u010ci u\u017e ide o upchat\u00fd kuchynsk\u00fd drez, pomaly odtekaj\u00facu vodu v k\u00fape\u013eni, alebo dokonca o upchat\u00e9 kanaliza\u010dn\u00e9 potrubie, PipeAID je v\u0161estrann\u00fd a \u00fa\u010dinn\u00fd pre v\u0161etk\u00fdch. U\u0161etrite si \u010das, n\u00e1klady a probl\u00e9my spojen\u00e9 s profesion\u00e1lnymi in\u0161talat\u00e9rskymi opravami!<\/p>\n","protected":false},"featured_media":27967,"comment_status":"closed","ping_status":"closed","template":"","meta":{"_acf_changed":false,"inline_featured_image":false},"product_cat":[78],"product_tag":[],"class_list":{"0":"post-27968","1":"product","2":"type-product","3":"status-publish","4":"has-post-thumbnail","6":"product_cat-dom-a-zahrada","8":"first","9":"instock","10":"sale","11":"shipping-taxable","12":"purchasable","13":"product-type-simple"},"acf":[],"_links":{"self":[{"href":"https:\/\/fixlabproducts.com\/sk\/wp-json\/wp\/v2\/product\/27968"}],"collection":[{"href":"https:\/\/fixlabproducts.com\/sk\/wp-json\/wp\/v2\/product"}],"about":[{"href":"https:\/\/fixlabproducts.com\/sk\/wp-json\/wp\/v2\/types\/product"}],"replies":[{"embeddable":true,"href":"https:\/\/fixlabproducts.com\/sk\/wp-json\/wp\/v2\/comments?post=27968"}],"wp:featuredmedia":[{"embeddable":true,"href":"https:\/\/fixlabproducts.com\/sk\/wp-json\/wp\/v2\/media\/27967"}],"wp:attachment":[{"href":"https:\/\/fixlabproducts.com\/sk\/wp-json\/wp\/v2\/media?parent=27968"}],"wp:term":[{"taxonomy":"product_cat","embeddable":true,"href":"https:\/\/fixlabproducts.com\/sk\/wp-json\/wp\/v2\/product_cat?post=27968"},{"taxonomy":"product_tag","embeddable":true,"href":"https:\/\/fixlabproducts.com\/sk\/wp-json\/wp\/v2\/product_tag?post=27968"}],"curies":[{"name":"wp","href":"https:\/\/api.w.org\/{rel}","templated":true}]}}