{"id":27966,"date":"2025-01-24T10:11:23","date_gmt":"2025-01-24T09:11:23","guid":{"rendered":"https:\/\/fixlabproducts.com\/sk\/produkt\/greaseoff\/"},"modified":"2025-01-27T10:37:25","modified_gmt":"2025-01-27T09:37:25","slug":"greaseoff","status":"publish","type":"product","link":"https:\/\/fixlabproducts.com\/sk\/produkt\/greaseoff\/","title":{"rendered":"GreaseOFF &#8211; univerz\u00e1lny odmas\u0165ova\u010d"},"content":{"rendered":"<p>Jeho zlo\u017eenie je ide\u00e1lne na dom\u00e1ce aj profesion\u00e1lne pou\u017eitie a prekon\u00e1va vrstvy nahromadenej mastnoty!<\/p>\n<p><img fetchpriority=\"high\" decoding=\"async\" class=\"alignnone size-medium wp-image-61057\" src=\"https:\/\/clickostore.com\/sk\/wp-content\/uploads\/sites\/6\/2024\/09\/SK2-600x600.jpg\" alt=\"\" width=\"600\" height=\"600\" \/><\/p>\n<p>GreaseOFF pou\u017e\u00edvajte na varn\u00e9 dosky, r\u00fary, grily, motory \u00e1ut, re\u0165aze bicyklov a dokonca aj priemyseln\u00e9 stroje.<\/p>\n<p><img decoding=\"async\" class=\"alignnone size-medium wp-image-61049\" src=\"https:\/\/clickostore.com\/sk\/wp-content\/uploads\/sites\/6\/2024\/09\/3-1-600x600.jpg\" alt=\"\" width=\"600\" height=\"600\" \/><\/p>\n<p>Nastriekajte priamo na postihnut\u00e9 miesto, po\u010dkajte nieko\u013eko okamihov a potom zotrite &#8211; r\u00fdchlo a bez n\u00e1mahy.<\/p>\n<p><img decoding=\"async\" class=\"alignnone size-medium wp-image-61058\" src=\"https:\/\/clickostore.com\/sk\/wp-content\/uploads\/sites\/6\/2024\/09\/SK4-600x600.jpg\" alt=\"\" width=\"600\" height=\"600\" \/><\/p>\n<p>Pre\u010do pou\u017e\u00edva\u0165 viacero \u010distiacich prostriedkov, ke\u010f GreaseOFF zvl\u00e1dne v\u0161etko? Je \u00fa\u010dinn\u00fd, \u00fasporn\u00fd a \u0161etr\u00ed miesto.<\/p>\n<p><img loading=\"lazy\" decoding=\"async\" class=\"alignnone size-medium wp-image-61054\" src=\"https:\/\/clickostore.com\/sk\/wp-content\/uploads\/sites\/6\/2024\/09\/EU5-600x600.jpg\" alt=\"\" width=\"600\" height=\"600\" \/><\/p>\n","protected":false},"excerpt":{"rendered":"<p>Rozl\u00fa\u010dka s odolnou mastnotou a \u0161pinou! Pokro\u010dil\u00e9 zlo\u017eenie GreaseOFF prenik\u00e1 hlboko do mastnoty a rozklad\u00e1 ju na molekul\u00e1rnej \u00farovni, aby zabezpe\u010dilo bezchybn\u00fd povrch bez zvy\u0161kov na akomko\u013evek povrchu.<\/p>\n","protected":false},"featured_media":27965,"comment_status":"closed","ping_status":"closed","template":"","meta":{"_acf_changed":false,"inline_featured_image":false},"product_cat":[78],"product_tag":[],"class_list":{"0":"post-27966","1":"product","2":"type-product","3":"status-publish","4":"has-post-thumbnail","6":"product_cat-dom-a-zahrada","8":"first","9":"instock","10":"sale","11":"shipping-taxable","12":"purchasable","13":"product-type-simple"},"acf":[],"_links":{"self":[{"href":"https:\/\/fixlabproducts.com\/sk\/wp-json\/wp\/v2\/product\/27966"}],"collection":[{"href":"https:\/\/fixlabproducts.com\/sk\/wp-json\/wp\/v2\/product"}],"about":[{"href":"https:\/\/fixlabproducts.com\/sk\/wp-json\/wp\/v2\/types\/product"}],"replies":[{"embeddable":true,"href":"https:\/\/fixlabproducts.com\/sk\/wp-json\/wp\/v2\/comments?post=27966"}],"wp:featuredmedia":[{"embeddable":true,"href":"https:\/\/fixlabproducts.com\/sk\/wp-json\/wp\/v2\/media\/27965"}],"wp:attachment":[{"href":"https:\/\/fixlabproducts.com\/sk\/wp-json\/wp\/v2\/media?parent=27966"}],"wp:term":[{"taxonomy":"product_cat","embeddable":true,"href":"https:\/\/fixlabproducts.com\/sk\/wp-json\/wp\/v2\/product_cat?post=27966"},{"taxonomy":"product_tag","embeddable":true,"href":"https:\/\/fixlabproducts.com\/sk\/wp-json\/wp\/v2\/product_tag?post=27966"}],"curies":[{"name":"wp","href":"https:\/\/api.w.org\/{rel}","templated":true}]}}