{"id":27964,"date":"2025-01-24T09:20:25","date_gmt":"2025-01-24T08:20:25","guid":{"rendered":"https:\/\/fixlabproducts.com\/sk\/produkt\/banishmold\/"},"modified":"2025-01-27T10:37:21","modified_gmt":"2025-01-27T09:37:21","slug":"banishmold","status":"publish","type":"product","link":"https:\/\/fixlabproducts.com\/sk\/produkt\/banishmold\/","title":{"rendered":"BanishMold &#8211; G\u00e9l na \u010distenie plesn\u00ed"},"content":{"rendered":"<p>BanishMold je g\u00e9l bez drhnutia, ktor\u00fd r\u00fdchlo rozp\u00fa\u0161\u0165a \u0161kvrny od plesn\u00ed &#8211; sta\u010d\u00ed nanies\u0165, po\u010dka\u0165 a sledova\u0165, ako \u0161kvrny mizn\u00fa.<\/p>\n<p><img fetchpriority=\"high\" decoding=\"async\" class=\"alignnone size-medium wp-image-57121\" src=\"https:\/\/vellostore.com\/sk\/wp-content\/uploads\/sites\/6\/2024\/11\/6-600x600.png\" alt=\"\" width=\"600\" height=\"600\" \/><\/p>\n<p>N\u00e1\u0161 hust\u00fd g\u00e9l pri\u013ene k povrchom, hlboko prenik\u00e1 do \u0161k\u00e1r a rohov dla\u017ed\u00edc a \u00fa\u010dinne a efekt\u00edvne sa zameriava na plesne.<\/p>\n<p><img decoding=\"async\" class=\"alignnone size-medium wp-image-57118\" src=\"https:\/\/vellostore.com\/sk\/wp-content\/uploads\/sites\/6\/2024\/11\/3-600x600.png\" alt=\"\" width=\"600\" height=\"600\" \/><\/p>\n<p>Odstra\u0148uje \u0161kvrny a zabra\u0148uje ich bud\u00facemu rastu, \u010d\u00edm udr\u017euje v\u00e1\u0161 domov dlh\u0161ie bez plesn\u00ed pre zdrav\u0161ie prostredie.<\/p>\n<p><img decoding=\"async\" class=\"alignnone size-medium wp-image-57120\" src=\"https:\/\/vellostore.com\/sk\/wp-content\/uploads\/sites\/6\/2024\/11\/5-600x600.png\" alt=\"\" width=\"600\" height=\"600\" \/><\/p>\n<p>Ide\u00e1lny pre k\u00fape\u013ene, kuchyne, \u0161k\u00e1rovacie hmoty na dla\u017edice, pr\u00e1\u010dky, chladni\u010dky, sprchy, um\u00fdvadl\u00e1 a tmely.<\/p>\n<p><img loading=\"lazy\" decoding=\"async\" class=\"alignnone size-medium wp-image-57119\" src=\"https:\/\/vellostore.com\/sk\/wp-content\/uploads\/sites\/6\/2024\/11\/4-600x600.png\" alt=\"\" width=\"600\" height=\"600\" \/><\/p>\n","protected":false},"excerpt":{"rendered":"<p>Rozl\u00fa\u010dte sa s drhnut\u00edm a \u0161kodliv\u00fdmi chemik\u00e1liami \u2013 BanishMold je navrhnut\u00fd tak, aby bol \u00fa\u010dinn\u00fd, bezpe\u010dn\u00fd a \u013eahko sa pou\u017e\u00edval, tak\u017ee m\u00f4\u017eete obnovi\u0165 \u010distotu a svie\u017eos\u0165 svojich priestorov s minim\u00e1lnym \u00fasil\u00edm.<\/p>\n","protected":false},"featured_media":27963,"comment_status":"closed","ping_status":"closed","template":"","meta":{"_acf_changed":false,"inline_featured_image":false},"product_cat":[74],"product_tag":[],"class_list":{"0":"post-27964","1":"product","2":"type-product","3":"status-publish","4":"has-post-thumbnail","6":"product_cat-hracky","8":"first","9":"instock","10":"sale","11":"shipping-taxable","12":"purchasable","13":"product-type-simple"},"acf":[],"_links":{"self":[{"href":"https:\/\/fixlabproducts.com\/sk\/wp-json\/wp\/v2\/product\/27964"}],"collection":[{"href":"https:\/\/fixlabproducts.com\/sk\/wp-json\/wp\/v2\/product"}],"about":[{"href":"https:\/\/fixlabproducts.com\/sk\/wp-json\/wp\/v2\/types\/product"}],"replies":[{"embeddable":true,"href":"https:\/\/fixlabproducts.com\/sk\/wp-json\/wp\/v2\/comments?post=27964"}],"wp:featuredmedia":[{"embeddable":true,"href":"https:\/\/fixlabproducts.com\/sk\/wp-json\/wp\/v2\/media\/27963"}],"wp:attachment":[{"href":"https:\/\/fixlabproducts.com\/sk\/wp-json\/wp\/v2\/media?parent=27964"}],"wp:term":[{"taxonomy":"product_cat","embeddable":true,"href":"https:\/\/fixlabproducts.com\/sk\/wp-json\/wp\/v2\/product_cat?post=27964"},{"taxonomy":"product_tag","embeddable":true,"href":"https:\/\/fixlabproducts.com\/sk\/wp-json\/wp\/v2\/product_tag?post=27964"}],"curies":[{"name":"wp","href":"https:\/\/api.w.org\/{rel}","templated":true}]}}