{"id":27076,"date":"2024-05-21T10:04:28","date_gmt":"2024-05-21T08:04:28","guid":{"rendered":"https:\/\/fixlabproducts.com\/sk\/produkt\/removerust\/"},"modified":"2025-01-27T10:38:11","modified_gmt":"2025-01-27T09:38:11","slug":"removerust","status":"publish","type":"product","link":"https:\/\/fixlabproducts.com\/sk\/produkt\/removerust\/","title":{"rendered":"Remove Rust 1+1 ZADARMO 200ml"},"content":{"rendered":"","protected":false},"excerpt":{"rendered":"<p>Kovov\u00e9 predmety o\u0161etrite a vd\u00fdchnite im nov\u00fd \u017eivot. Netreba ich vyhadzova\u0165. Pou\u017eite tento produkt a zabudnite na hrdzav\u00e9 predmety.<\/p>\n","protected":false},"featured_media":27075,"comment_status":"closed","ping_status":"closed","template":"","meta":{"_acf_changed":false,"inline_featured_image":false},"product_cat":[78],"product_tag":[],"class_list":{"0":"post-27076","1":"product","2":"type-product","3":"status-publish","4":"has-post-thumbnail","6":"product_cat-dom-a-zahrada","8":"first","9":"instock","10":"sale","11":"shipping-taxable","12":"purchasable","13":"product-type-simple"},"acf":[],"_links":{"self":[{"href":"https:\/\/fixlabproducts.com\/sk\/wp-json\/wp\/v2\/product\/27076"}],"collection":[{"href":"https:\/\/fixlabproducts.com\/sk\/wp-json\/wp\/v2\/product"}],"about":[{"href":"https:\/\/fixlabproducts.com\/sk\/wp-json\/wp\/v2\/types\/product"}],"replies":[{"embeddable":true,"href":"https:\/\/fixlabproducts.com\/sk\/wp-json\/wp\/v2\/comments?post=27076"}],"wp:featuredmedia":[{"embeddable":true,"href":"https:\/\/fixlabproducts.com\/sk\/wp-json\/wp\/v2\/media\/27075"}],"wp:attachment":[{"href":"https:\/\/fixlabproducts.com\/sk\/wp-json\/wp\/v2\/media?parent=27076"}],"wp:term":[{"taxonomy":"product_cat","embeddable":true,"href":"https:\/\/fixlabproducts.com\/sk\/wp-json\/wp\/v2\/product_cat?post=27076"},{"taxonomy":"product_tag","embeddable":true,"href":"https:\/\/fixlabproducts.com\/sk\/wp-json\/wp\/v2\/product_tag?post=27076"}],"curies":[{"name":"wp","href":"https:\/\/api.w.org\/{rel}","templated":true}]}}