{"id":27074,"date":"2024-05-21T10:02:29","date_gmt":"2024-05-21T08:02:29","guid":{"rendered":"https:\/\/fixlabproducts.com\/sk\/produkt\/green-grass\/"},"modified":"2025-01-27T10:38:47","modified_gmt":"2025-01-27T09:38:47","slug":"green-grass","status":"publish","type":"product","link":"https:\/\/fixlabproducts.com\/sk\/produkt\/green-grass\/","title":{"rendered":"GREEN GRASS"},"content":{"rendered":"","protected":false},"excerpt":{"rendered":"<p>Je to skvel\u00fd produkt pre ka\u017ed\u00e9ho, kto m\u00e1 dom\u00e1ce zvierat\u00e1, po\u0161koden\u00fa tr\u00e1vu a \u017elt\u00e9 \u0161kvrny na zatr\u00e1vnenej ploche.<\/p>\n","protected":false},"featured_media":27073,"comment_status":"closed","ping_status":"closed","template":"","meta":{"_acf_changed":false,"inline_featured_image":false},"product_cat":[78,89],"product_tag":[],"class_list":{"0":"post-27074","1":"product","2":"type-product","3":"status-publish","4":"has-post-thumbnail","6":"product_cat-dom-a-zahrada","7":"product_cat-winter-sale","9":"first","10":"instock","11":"sale","12":"shipping-taxable","13":"purchasable","14":"product-type-simple"},"acf":[],"_links":{"self":[{"href":"https:\/\/fixlabproducts.com\/sk\/wp-json\/wp\/v2\/product\/27074"}],"collection":[{"href":"https:\/\/fixlabproducts.com\/sk\/wp-json\/wp\/v2\/product"}],"about":[{"href":"https:\/\/fixlabproducts.com\/sk\/wp-json\/wp\/v2\/types\/product"}],"replies":[{"embeddable":true,"href":"https:\/\/fixlabproducts.com\/sk\/wp-json\/wp\/v2\/comments?post=27074"}],"wp:featuredmedia":[{"embeddable":true,"href":"https:\/\/fixlabproducts.com\/sk\/wp-json\/wp\/v2\/media\/27073"}],"wp:attachment":[{"href":"https:\/\/fixlabproducts.com\/sk\/wp-json\/wp\/v2\/media?parent=27074"}],"wp:term":[{"taxonomy":"product_cat","embeddable":true,"href":"https:\/\/fixlabproducts.com\/sk\/wp-json\/wp\/v2\/product_cat?post=27074"},{"taxonomy":"product_tag","embeddable":true,"href":"https:\/\/fixlabproducts.com\/sk\/wp-json\/wp\/v2\/product_tag?post=27074"}],"curies":[{"name":"wp","href":"https:\/\/api.w.org\/{rel}","templated":true}]}}