{"id":27072,"date":"2024-05-21T10:01:12","date_gmt":"2024-05-21T08:01:12","guid":{"rendered":"https:\/\/fixlabproducts.com\/sk\/produkt\/beewax\/"},"modified":"2025-01-27T10:39:11","modified_gmt":"2025-01-27T09:39:11","slug":"beewax","status":"publish","type":"product","link":"https:\/\/fixlabproducts.com\/sk\/produkt\/beewax\/","title":{"rendered":"Bee Wax 1+1 ZADARMO"},"content":{"rendered":"","protected":false},"excerpt":{"rendered":"<p>U\u017e sa v\u00e1m nep\u00e1\u010di v\u00e1\u0161 star\u00fd dreven\u00fd n\u00e1bytok? Predstavujeme \u00fa\u017easn\u00fd lak, ktor\u00fd o\u017eiv\u00ed v\u00e1\u0161 n\u00e1bytok a dod\u00e1 mu lesk ako nikdy predt\u00fdm.<\/p>\n<p>Mno\u017estvo je vhodn\u00e9 a\u017e na 8 m2 dreven\u00fdch povrchov.<\/p>\n","protected":false},"featured_media":27069,"comment_status":"closed","ping_status":"closed","template":"","meta":{"_acf_changed":false,"inline_featured_image":false},"product_cat":[78],"product_tag":[],"class_list":{"0":"post-27072","1":"product","2":"type-product","3":"status-publish","4":"has-post-thumbnail","6":"product_cat-dom-a-zahrada","8":"first","9":"instock","10":"sale","11":"shipping-taxable","12":"purchasable","13":"product-type-simple"},"acf":[],"_links":{"self":[{"href":"https:\/\/fixlabproducts.com\/sk\/wp-json\/wp\/v2\/product\/27072"}],"collection":[{"href":"https:\/\/fixlabproducts.com\/sk\/wp-json\/wp\/v2\/product"}],"about":[{"href":"https:\/\/fixlabproducts.com\/sk\/wp-json\/wp\/v2\/types\/product"}],"replies":[{"embeddable":true,"href":"https:\/\/fixlabproducts.com\/sk\/wp-json\/wp\/v2\/comments?post=27072"}],"wp:featuredmedia":[{"embeddable":true,"href":"https:\/\/fixlabproducts.com\/sk\/wp-json\/wp\/v2\/media\/27069"}],"wp:attachment":[{"href":"https:\/\/fixlabproducts.com\/sk\/wp-json\/wp\/v2\/media?parent=27072"}],"wp:term":[{"taxonomy":"product_cat","embeddable":true,"href":"https:\/\/fixlabproducts.com\/sk\/wp-json\/wp\/v2\/product_cat?post=27072"},{"taxonomy":"product_tag","embeddable":true,"href":"https:\/\/fixlabproducts.com\/sk\/wp-json\/wp\/v2\/product_tag?post=27072"}],"curies":[{"name":"wp","href":"https:\/\/api.w.org\/{rel}","templated":true}]}}