{"id":27068,"date":"2024-05-21T09:58:41","date_gmt":"2024-05-21T07:58:41","guid":{"rendered":"https:\/\/fixlabproducts.com\/sk\/produkt\/glue-mix\/"},"modified":"2024-05-31T12:26:50","modified_gmt":"2024-05-31T10:26:50","slug":"glue-mix","status":"publish","type":"product","link":"https:\/\/fixlabproducts.com\/sk\/produkt\/glue-mix\/","title":{"rendered":"Glue Mix"},"content":{"rendered":"","protected":false},"excerpt":{"rendered":"<p>V\u010faka tomu, \u017ee sa toto siln\u00e9 lepidlo jednoducho aplikuje a r\u00fdchlo vytvrdne, m\u00f4\u017eete si zafixova\u0165 v\u0161etko ve\u013emi r\u00fdchlo.<\/p>\n","protected":false},"featured_media":27067,"comment_status":"closed","ping_status":"closed","template":"","meta":{"_acf_changed":false,"inline_featured_image":false},"product_cat":[178,78],"product_tag":[],"class_list":{"0":"post-27068","1":"product","2":"type-product","3":"status-publish","4":"has-post-thumbnail","6":"product_cat-automobilove-vyrobky-2","7":"product_cat-dom-a-zahrada","9":"first","10":"instock","11":"sale","12":"shipping-taxable","13":"purchasable","14":"product-type-simple"},"acf":[],"_links":{"self":[{"href":"https:\/\/fixlabproducts.com\/sk\/wp-json\/wp\/v2\/product\/27068"}],"collection":[{"href":"https:\/\/fixlabproducts.com\/sk\/wp-json\/wp\/v2\/product"}],"about":[{"href":"https:\/\/fixlabproducts.com\/sk\/wp-json\/wp\/v2\/types\/product"}],"replies":[{"embeddable":true,"href":"https:\/\/fixlabproducts.com\/sk\/wp-json\/wp\/v2\/comments?post=27068"}],"wp:featuredmedia":[{"embeddable":true,"href":"https:\/\/fixlabproducts.com\/sk\/wp-json\/wp\/v2\/media\/27067"}],"wp:attachment":[{"href":"https:\/\/fixlabproducts.com\/sk\/wp-json\/wp\/v2\/media?parent=27068"}],"wp:term":[{"taxonomy":"product_cat","embeddable":true,"href":"https:\/\/fixlabproducts.com\/sk\/wp-json\/wp\/v2\/product_cat?post=27068"},{"taxonomy":"product_tag","embeddable":true,"href":"https:\/\/fixlabproducts.com\/sk\/wp-json\/wp\/v2\/product_tag?post=27068"}],"curies":[{"name":"wp","href":"https:\/\/api.w.org\/{rel}","templated":true}]}}