{"id":27060,"date":"2024-05-21T09:34:03","date_gmt":"2024-05-21T07:34:03","guid":{"rendered":"https:\/\/fixlabproducts.com\/sk\/produkt\/solidmax\/"},"modified":"2024-05-31T12:26:38","modified_gmt":"2024-05-31T10:26:38","slug":"solidmax","status":"publish","type":"product","link":"https:\/\/fixlabproducts.com\/sk\/produkt\/solidmax\/","title":{"rendered":"SolidMax &#8211; \u010cisti\u010d vodn\u00e9ho kame\u0148a"},"content":{"rendered":"<p>Pr\u00edpravok SolidMax prenik\u00e1 a rozp\u00fa\u0161\u0165a vodn\u00fd kame\u0148, v\u00e1pnik a \u0161kvrny od tvrdej vody, ktor\u00e9 tr\u00e1pia va\u0161e vodovodn\u00e9 bat\u00e9rie, um\u00fdvadl\u00e1, vane, bidety at\u010f.<\/p>\n<p><img fetchpriority=\"high\" decoding=\"async\" class=\"alignnone size-medium wp-image-52669\" src=\"https:\/\/clickostore.com\/si\/wp-content\/uploads\/sites\/23\/2024\/01\/16-600x600.jpg\" alt=\"\" width=\"600\" height=\"600\" \/><\/p>\n<p>Jeho jedine\u010dn\u00e9 zlo\u017eenie sa nezastav\u00ed len pri odstra\u0148ovan\u00ed vodn\u00e9ho kame\u0148a &#8211; vytv\u00e1ra aj ochrann\u00fa bari\u00e9ru, ktor\u00e1 pom\u00e1ha predch\u00e1dza\u0165 jeho bud\u00facemu usadzovaniu!<\/p>\n<p><img decoding=\"async\" class=\"alignnone size-medium wp-image-52671\" src=\"https:\/\/clickostore.com\/si\/wp-content\/uploads\/sites\/23\/2024\/01\/33-600x600.jpg\" alt=\"\" width=\"600\" height=\"600\" \/><\/p>\n<p>Nemus\u00edte tr\u00e1vi\u0165 hodiny drhnut\u00edm a \u0161kraban\u00edm &#8211; jednoducho naneste SolidMax, nechajte ho p\u00f4sobi\u0165 a \u0161kvrny bez n\u00e1mahy zotrite.<\/p>\n<p><img decoding=\"async\" class=\"alignnone size-medium wp-image-52670\" src=\"https:\/\/clickostore.com\/si\/wp-content\/uploads\/sites\/23\/2024\/01\/32-600x600.jpg\" alt=\"\" width=\"600\" height=\"600\" \/><\/p>\n<p>Vst\u00fapte do sveta, kde \u010distenie nie je povinnos\u0165ou, ale pote\u0161uj\u00facim z\u00e1\u017eitkom. Vyberte si SolidMax &#8211; kde sa inov\u00e1cia stret\u00e1va s \u010distotou!<\/p>\n<p><img loading=\"lazy\" decoding=\"async\" class=\"alignnone size-medium wp-image-52672\" src=\"https:\/\/clickostore.com\/si\/wp-content\/uploads\/sites\/23\/2024\/01\/34-600x600.jpg\" alt=\"\" width=\"600\" height=\"600\" \/><\/p>\n","protected":false},"excerpt":{"rendered":"<p>Urobte svoju k\u00fape\u013e\u0148u super \u010dist\u00fa a leskl\u00fa so SolidMaxom. Je to najlep\u0161\u00ed sp\u00f4sob, ako sa zbavi\u0165 vodn\u00e9ho kame\u0148a a dosiahnu\u0165, aby va\u0161a k\u00fape\u013e\u0148a \u017eiarila a vyzerala \u00fa\u017easne. Preto\u017ee v\u00e1\u0161 domov si zasl\u00fa\u017ei len to najlep\u0161ie!<\/p>\n","protected":false},"featured_media":27059,"comment_status":"closed","ping_status":"closed","template":"","meta":{"_acf_changed":false,"inline_featured_image":false},"product_cat":[78],"product_tag":[],"class_list":{"0":"post-27060","1":"product","2":"type-product","3":"status-publish","4":"has-post-thumbnail","6":"product_cat-dom-a-zahrada","8":"first","9":"instock","10":"sale","11":"shipping-taxable","12":"purchasable","13":"product-type-simple"},"acf":[],"_links":{"self":[{"href":"https:\/\/fixlabproducts.com\/sk\/wp-json\/wp\/v2\/product\/27060"}],"collection":[{"href":"https:\/\/fixlabproducts.com\/sk\/wp-json\/wp\/v2\/product"}],"about":[{"href":"https:\/\/fixlabproducts.com\/sk\/wp-json\/wp\/v2\/types\/product"}],"replies":[{"embeddable":true,"href":"https:\/\/fixlabproducts.com\/sk\/wp-json\/wp\/v2\/comments?post=27060"}],"wp:featuredmedia":[{"embeddable":true,"href":"https:\/\/fixlabproducts.com\/sk\/wp-json\/wp\/v2\/media\/27059"}],"wp:attachment":[{"href":"https:\/\/fixlabproducts.com\/sk\/wp-json\/wp\/v2\/media?parent=27060"}],"wp:term":[{"taxonomy":"product_cat","embeddable":true,"href":"https:\/\/fixlabproducts.com\/sk\/wp-json\/wp\/v2\/product_cat?post=27060"},{"taxonomy":"product_tag","embeddable":true,"href":"https:\/\/fixlabproducts.com\/sk\/wp-json\/wp\/v2\/product_tag?post=27060"}],"curies":[{"name":"wp","href":"https:\/\/api.w.org\/{rel}","templated":true}]}}