{"id":27058,"date":"2024-05-21T09:33:25","date_gmt":"2024-05-21T07:33:25","guid":{"rendered":"https:\/\/fixlabproducts.com\/sk\/produkt\/vivavex\/"},"modified":"2025-01-27T10:33:01","modified_gmt":"2025-01-27T09:33:01","slug":"vivavex","status":"publish","type":"product","link":"https:\/\/fixlabproducts.com\/sk\/produkt\/vivavex\/","title":{"rendered":"VivaVex &#8211; \u010cisti\u010d dla\u017eby"},"content":{"rendered":"<p>V\u00fdkonn\u00e9 zlo\u017eenie je \u0161peci\u00e1lne navrhnut\u00e9 na \u0161irok\u00fa \u0161k\u00e1lu povrchov, v\u010faka \u010domu z\u00edskate v\u0161estrann\u00fa \u010distiacu silu!<\/p>\n<p><img fetchpriority=\"high\" decoding=\"async\" class=\"alignnone size-medium wp-image-60753\" src=\"https:\/\/clickostore.com\/sk\/wp-content\/uploads\/sites\/6\/2024\/04\/sk3-600x600.jpg\" alt=\"\" width=\"600\" height=\"600\" \/><\/p>\n<p>Vhodn\u00fd na le\u0161ten\u00fa \u017eulu, mramor, rustik\u00e1lny travert\u00edn, robustn\u00fd pieskovec, elegantn\u00fa keramiku, elegantn\u00e9 terrazzo a \u010fal\u0161ie.<\/p>\n<p><img decoding=\"async\" class=\"alignnone size-medium wp-image-53058\" src=\"https:\/\/clickostore.com\/si\/wp-content\/uploads\/sites\/23\/2024\/04\/5-1-600x600.jpg\" alt=\"\" width=\"600\" height=\"600\" \/><\/p>\n<p>Pom\u00f4\u017ee v\u00e1m dosiahnu\u0165 ohromuj\u00face v\u00fdsledky pre va\u0161u terasu, pr\u00edjazdov\u00fa cestu alebo z\u00e1hradn\u00e9 chodn\u00edky a zabezpe\u010d\u00ed dokonalos\u0165 pri ka\u017edom projekte.<\/p>\n<p><img decoding=\"async\" class=\"alignnone size-medium wp-image-53056\" src=\"https:\/\/clickostore.com\/si\/wp-content\/uploads\/sites\/23\/2024\/04\/2-1-600x600.jpg\" alt=\"\" width=\"600\" height=\"600\" \/><\/p>\n<p>VivaVex je pri spr\u00e1vnom pou\u017e\u00edvan\u00ed bezpe\u010dn\u00fd! Hoci p\u00f4sob\u00ed proti odoln\u00fdm \u0161kvrn\u00e1m, je \u0161etrn\u00fd k va\u0161im povrchom.<\/p>\n<p><img loading=\"lazy\" decoding=\"async\" class=\"alignnone size-medium wp-image-53057\" src=\"https:\/\/clickostore.com\/si\/wp-content\/uploads\/sites\/23\/2024\/04\/4-1-600x600.jpg\" alt=\"\" width=\"600\" height=\"600\" \/><\/p>\n","protected":false},"excerpt":{"rendered":"<p>S VivaVexom nebolo \u010distenie dla\u017eby nikdy jednoduch\u0161ie a \u00fa\u010dinnej\u0161ie. Rozl\u00fa\u010dte sa s mastn\u00fdmi \u0161kvrnami, usadenou mastnotou, nevzh\u013eadn\u00fdmi riasami, otravn\u00fdmi ples\u0148ami a odoln\u00fdmi miner\u00e1lnymi usadeninami! Perfektn\u00e9 rie\u0161enie pre v\u00e1s!<\/p>\n","protected":false},"featured_media":27057,"comment_status":"closed","ping_status":"closed","template":"","meta":{"_acf_changed":false,"inline_featured_image":false},"product_cat":[176],"product_tag":[],"class_list":{"0":"post-27058","1":"product","2":"type-product","3":"status-publish","4":"has-post-thumbnail","6":"product_cat-hracky-2","8":"first","9":"instock","10":"sale","11":"shipping-taxable","12":"purchasable","13":"product-type-simple"},"acf":[],"_links":{"self":[{"href":"https:\/\/fixlabproducts.com\/sk\/wp-json\/wp\/v2\/product\/27058"}],"collection":[{"href":"https:\/\/fixlabproducts.com\/sk\/wp-json\/wp\/v2\/product"}],"about":[{"href":"https:\/\/fixlabproducts.com\/sk\/wp-json\/wp\/v2\/types\/product"}],"replies":[{"embeddable":true,"href":"https:\/\/fixlabproducts.com\/sk\/wp-json\/wp\/v2\/comments?post=27058"}],"wp:featuredmedia":[{"embeddable":true,"href":"https:\/\/fixlabproducts.com\/sk\/wp-json\/wp\/v2\/media\/27057"}],"wp:attachment":[{"href":"https:\/\/fixlabproducts.com\/sk\/wp-json\/wp\/v2\/media?parent=27058"}],"wp:term":[{"taxonomy":"product_cat","embeddable":true,"href":"https:\/\/fixlabproducts.com\/sk\/wp-json\/wp\/v2\/product_cat?post=27058"},{"taxonomy":"product_tag","embeddable":true,"href":"https:\/\/fixlabproducts.com\/sk\/wp-json\/wp\/v2\/product_tag?post=27058"}],"curies":[{"name":"wp","href":"https:\/\/api.w.org\/{rel}","templated":true}]}}