{"id":27056,"date":"2024-05-21T09:32:06","date_gmt":"2024-05-21T07:32:06","guid":{"rendered":"https:\/\/fixlabproducts.com\/sk\/produkt\/easyclean\/"},"modified":"2024-05-31T12:26:30","modified_gmt":"2024-05-31T10:26:30","slug":"easyclean","status":"publish","type":"product","link":"https:\/\/fixlabproducts.com\/sk\/produkt\/easyclean\/","title":{"rendered":"EASYCLEAN &#8211; \u010cisti\u010d drezov a odtokov"},"content":{"rendered":"","protected":false},"excerpt":{"rendered":"<div id=\"tw-container\" class=\"YQaNob\" data-cp=\"1\" data-is-ver=\"false\" data-nnttsvi=\"1\" data-sm=\"1\" data-sugg-time=\"500\" data-sugg-url=\"https:\/\/clients1.google.com\/complete\/search\" data-uilc=\"sl\">\n<div id=\"tw-ob\" class=\"tw-src-ltr\">\n<div class=\"oSioSc\">\n<div id=\"tw-target\">\n<div id=\"kAz1tf\" class=\"g9WsWb\">\n<div id=\"tw-target-text-container\" class=\"tw-ta-container hide-focus-ring tw-nfl\">\n<p>\u010cisti\u010d odpadov a\u00a0odtokov EASYCLEAN je dokonal\u00fdm rie\u0161en\u00edm na udr\u017eanie optim\u00e1lneho fungovania v\u00e1\u0161ho vodovodn\u00e9ho syst\u00e9mu. \u0160peci\u00e1lne vyvinut\u00fd \u010disti\u010d je navrhnut\u00fd tak, aby bez n\u00e1mahy rozpustil organick\u00e9 l\u00e1tky sp\u00f4sobuj\u00face upch\u00e1vanie, ako s\u00fa mastnota, vlasy, papier, zvy\u0161ky mydla a olej. V\u00fdkonn\u00fd \u010disti\u010d je \u00fa\u010dinn\u00fd na v\u0161etky povrchy, vr\u00e1tane potrub\u00ed, toaliet, um\u00fdvadiel, van\u00ed a in\u00fdch hlavn\u00fdch odpadov.<\/p>\n<\/div>\n<\/div>\n<\/div>\n<\/div>\n<\/div>\n<\/div>\n","protected":false},"featured_media":27055,"comment_status":"closed","ping_status":"closed","template":"","meta":{"_acf_changed":false,"inline_featured_image":false},"product_cat":[176,16,78],"product_tag":[],"class_list":{"0":"post-27056","1":"product","2":"type-product","3":"status-publish","4":"has-post-thumbnail","6":"product_cat-hracky-2","7":"product_cat-uncategorized","8":"product_cat-dom-a-zahrada","10":"first","11":"instock","12":"sale","13":"shipping-taxable","14":"purchasable","15":"product-type-simple"},"acf":[],"_links":{"self":[{"href":"https:\/\/fixlabproducts.com\/sk\/wp-json\/wp\/v2\/product\/27056"}],"collection":[{"href":"https:\/\/fixlabproducts.com\/sk\/wp-json\/wp\/v2\/product"}],"about":[{"href":"https:\/\/fixlabproducts.com\/sk\/wp-json\/wp\/v2\/types\/product"}],"replies":[{"embeddable":true,"href":"https:\/\/fixlabproducts.com\/sk\/wp-json\/wp\/v2\/comments?post=27056"}],"wp:featuredmedia":[{"embeddable":true,"href":"https:\/\/fixlabproducts.com\/sk\/wp-json\/wp\/v2\/media\/27055"}],"wp:attachment":[{"href":"https:\/\/fixlabproducts.com\/sk\/wp-json\/wp\/v2\/media?parent=27056"}],"wp:term":[{"taxonomy":"product_cat","embeddable":true,"href":"https:\/\/fixlabproducts.com\/sk\/wp-json\/wp\/v2\/product_cat?post=27056"},{"taxonomy":"product_tag","embeddable":true,"href":"https:\/\/fixlabproducts.com\/sk\/wp-json\/wp\/v2\/product_tag?post=27056"}],"curies":[{"name":"wp","href":"https:\/\/api.w.org\/{rel}","templated":true}]}}