{"id":27034,"date":"2024-05-16T10:09:59","date_gmt":"2024-05-16T08:09:59","guid":{"rendered":"https:\/\/fixlabproducts.com\/sk\/produkt\/ultra-paste\/"},"modified":"2024-05-31T12:26:23","modified_gmt":"2024-05-31T10:26:23","slug":"ultra-paste","status":"publish","type":"product","link":"https:\/\/fixlabproducts.com\/sk\/produkt\/ultra-paste\/","title":{"rendered":"Ultra Paste"},"content":{"rendered":"<p>Ultra Paste je dokonal\u00fdm rie\u0161en\u00edm na opravu praskl\u00edn na keramike. \u010ci u\u017e m\u00e1te od\u0161tiepen\u00e9 dla\u017edice, pomlia\u017eden\u00e9 povrchy alebo rozbit\u00e9 porcel\u00e1nov\u00e9 predmety, Ultra Paste je tu, aby zachr\u00e1nila situ\u00e1ciu.<\/p>\n<p><img fetchpriority=\"high\" decoding=\"async\" class=\"alignnone size-medium wp-image-60463\" src=\"https:\/\/clickostore.com\/sk\/wp-content\/uploads\/sites\/6\/2023\/06\/1-2-600x600.jpg\" alt=\"\" width=\"600\" height=\"600\" \/><\/p>\n<p>Jedin\u00fdm jednoduch\u00fdm \u0165ahom m\u00f4\u017eete obnovi\u0165 rozbit\u00e9 keramick\u00e9 obklada\u010dky a dom\u00e1ce spotrebi\u010de. Pasta je r\u00fdchloschn\u00faca, \u010do znamen\u00e1, \u017ee nebudete musie\u0165 \u010daka\u0165 hodiny na zaschnutie.<\/p>\n<p><img decoding=\"async\" class=\"alignnone size-medium wp-image-60466\" src=\"https:\/\/clickostore.com\/sk\/wp-content\/uploads\/sites\/6\/2023\/06\/4-1-600x600.jpg\" alt=\"\" width=\"600\" height=\"600\" \/><\/p>\n<p>Po nanesen\u00ed pasta bez probl\u00e9mov vypln\u00ed v\u0161etky praskliny, zlomen\u00e9 okraje a diery. Po zaschnut\u00ed pasta Ultra Paste dokonale zodpoved\u00e1 farbe a \u0161trukt\u00fare va\u0161ich dla\u017ed\u00edc.<\/p>\n<p><img decoding=\"async\" class=\"alignnone size-medium wp-image-60468\" src=\"https:\/\/clickostore.com\/sk\/wp-content\/uploads\/sites\/6\/2023\/06\/6-2-600x600.jpg\" alt=\"\" width=\"600\" height=\"600\" \/><\/p>\n<p>Mo\u017eno ju pou\u017ei\u0165 na r\u00f4zne keramick\u00e9 povrchy vr\u00e1tane dla\u017ed\u00edc, \u0161\u00e1lok, tanierov, v\u00e1z a \u010fal\u0161\u00edch. Bez oh\u013eadu na ve\u013ekos\u0165 alebo typ keramick\u00e9ho predmetu, ktor\u00fd potrebujete opravi\u0165, Ultra Paste t\u00fato \u00falohu zvl\u00e1dne.<\/p>\n<p><img loading=\"lazy\" decoding=\"async\" class=\"alignnone size-medium wp-image-60464\" src=\"https:\/\/clickostore.com\/sk\/wp-content\/uploads\/sites\/6\/2023\/06\/2-1-600x600.jpg\" alt=\"\" width=\"600\" height=\"600\" \/><\/p>\n","protected":false},"excerpt":{"rendered":"<p>Ultra Paste je dokonal\u00fdm rie\u0161en\u00edm na opravu praskl\u00edn na keramike. \u010ci u\u017e m\u00e1te od\u0161tiepen\u00e9 dla\u017edice, pomlia\u017eden\u00e9 povrchy alebo rozbit\u00e9 porcel\u00e1nov\u00e9 predmety, Ultra Paste je tu, aby zachr\u00e1nila situ\u00e1ciu. Jedin\u00fdm jednoduch\u00fdm \u0165ahom m\u00f4\u017eete obnovi\u0165 rozbit\u00e9 keramick\u00e9 obklada\u010dky a dom\u00e1ce spotrebi\u010de. Pasta je r\u00fdchloschn\u00faca, \u010do znamen\u00e1, \u017ee nebudete musie\u0165 \u010daka\u0165 hodiny na zaschnutie. Po nanesen\u00ed pasta bez [&hellip;]<\/p>\n","protected":false},"featured_media":27033,"comment_status":"closed","ping_status":"closed","template":"","meta":{"_acf_changed":false,"inline_featured_image":false},"product_cat":[176],"product_tag":[],"class_list":{"0":"post-27034","1":"product","2":"type-product","3":"status-publish","4":"has-post-thumbnail","6":"product_cat-hracky-2","8":"first","9":"instock","10":"sale","11":"shipping-taxable","12":"purchasable","13":"product-type-simple"},"acf":[],"_links":{"self":[{"href":"https:\/\/fixlabproducts.com\/sk\/wp-json\/wp\/v2\/product\/27034"}],"collection":[{"href":"https:\/\/fixlabproducts.com\/sk\/wp-json\/wp\/v2\/product"}],"about":[{"href":"https:\/\/fixlabproducts.com\/sk\/wp-json\/wp\/v2\/types\/product"}],"replies":[{"embeddable":true,"href":"https:\/\/fixlabproducts.com\/sk\/wp-json\/wp\/v2\/comments?post=27034"}],"wp:featuredmedia":[{"embeddable":true,"href":"https:\/\/fixlabproducts.com\/sk\/wp-json\/wp\/v2\/media\/27033"}],"wp:attachment":[{"href":"https:\/\/fixlabproducts.com\/sk\/wp-json\/wp\/v2\/media?parent=27034"}],"wp:term":[{"taxonomy":"product_cat","embeddable":true,"href":"https:\/\/fixlabproducts.com\/sk\/wp-json\/wp\/v2\/product_cat?post=27034"},{"taxonomy":"product_tag","embeddable":true,"href":"https:\/\/fixlabproducts.com\/sk\/wp-json\/wp\/v2\/product_tag?post=27034"}],"curies":[{"name":"wp","href":"https:\/\/api.w.org\/{rel}","templated":true}]}}