{"id":26679,"date":"2023-09-11T10:49:00","date_gmt":"2023-09-11T08:49:00","guid":{"rendered":"https:\/\/fixlabproducts.com\/sk\/?post_type=product&#038;p=26679"},"modified":"2024-05-31T12:26:13","modified_gmt":"2024-05-31T10:26:13","slug":"leak-proof","status":"publish","type":"product","link":"https:\/\/fixlabproducts.com\/sk\/produkt\/leak-proof\/","title":{"rendered":"LEAK PROOF \u2013 Tesniaci sprej"},"content":{"rendered":"","protected":false},"excerpt":{"rendered":"<p>U\u017e v\u00e1s nebav\u00ed rie\u0161i\u0165 nepr\u00edjemn\u00e9 netesnosti, praskliny \u010di medzery vo va\u0161om dome alebo vozidle? Neh\u013eadajte \u010falej, preto\u017ee n\u00e1\u0161 LEAK PROOF je tu, aby zachr\u00e1nil ka\u017ed\u00fa situ\u00e1ciu! V\u010faka v\u00fdnimo\u010dn\u00fdm tesniacim vlastnostiam a v\u0161estrann\u00e9mu pou\u017eitiu je tento produkt dokonal\u00fdm doplnkom va\u0161ej dom\u00e1cej s\u00fapravy n\u00e1strojov.<\/p>\n","protected":false},"featured_media":26680,"comment_status":"closed","ping_status":"closed","template":"","meta":{"_acf_changed":false,"inline_featured_image":false},"product_cat":[168,78],"product_tag":[],"class_list":{"0":"post-26679","1":"product","2":"type-product","3":"status-publish","4":"has-post-thumbnail","6":"product_cat-dom-in-vrt","7":"product_cat-dom-a-zahrada","9":"first","10":"instock","11":"sale","12":"shipping-taxable","13":"purchasable","14":"product-type-simple"},"acf":[],"_links":{"self":[{"href":"https:\/\/fixlabproducts.com\/sk\/wp-json\/wp\/v2\/product\/26679"}],"collection":[{"href":"https:\/\/fixlabproducts.com\/sk\/wp-json\/wp\/v2\/product"}],"about":[{"href":"https:\/\/fixlabproducts.com\/sk\/wp-json\/wp\/v2\/types\/product"}],"replies":[{"embeddable":true,"href":"https:\/\/fixlabproducts.com\/sk\/wp-json\/wp\/v2\/comments?post=26679"}],"wp:featuredmedia":[{"embeddable":true,"href":"https:\/\/fixlabproducts.com\/sk\/wp-json\/wp\/v2\/media\/26680"}],"wp:attachment":[{"href":"https:\/\/fixlabproducts.com\/sk\/wp-json\/wp\/v2\/media?parent=26679"}],"wp:term":[{"taxonomy":"product_cat","embeddable":true,"href":"https:\/\/fixlabproducts.com\/sk\/wp-json\/wp\/v2\/product_cat?post=26679"},{"taxonomy":"product_tag","embeddable":true,"href":"https:\/\/fixlabproducts.com\/sk\/wp-json\/wp\/v2\/product_tag?post=26679"}],"curies":[{"name":"wp","href":"https:\/\/api.w.org\/{rel}","templated":true}]}}