{"id":26645,"date":"2023-09-07T11:00:38","date_gmt":"2023-09-07T09:00:38","guid":{"rendered":"https:\/\/fixlabproducts.com\/sk\/?post_type=product&#038;p=26645"},"modified":"2025-01-27T10:33:44","modified_gmt":"2025-01-27T09:33:44","slug":"foam-pro","status":"publish","type":"product","link":"https:\/\/fixlabproducts.com\/sk\/produkt\/foam-pro\/","title":{"rendered":"FOAM PRO \u2013 Viac\u00fa\u010delov\u00fd penov\u00fd \u010disti\u010d"},"content":{"rendered":"","protected":false},"excerpt":{"rendered":"<p>Foam Pro je to prav\u00e9 pre h\u013abkov\u00e9 \u010distenie a obnovu povrchu bez n\u00e1mahy \u2013 va\u0161e auto, lo\u010f a domov bud\u00fa vyzera\u0165 ako nov\u00e9. Foam Pro sa skvele hod\u00ed na v\u0161etky um\u00fdvate\u013en\u00e9 alebo ma\u013eovan\u00e9 povrchy, ktor\u00e9 vy\u010dist\u00ed s\u00a0maxim\u00e1lnou \u013eahkos\u0165ou!<\/p>\n","protected":false},"featured_media":26646,"comment_status":"closed","ping_status":"closed","template":"","meta":{"_acf_changed":false,"inline_featured_image":false},"product_cat":[168,78],"product_tag":[],"class_list":{"0":"post-26645","1":"product","2":"type-product","3":"status-publish","4":"has-post-thumbnail","6":"product_cat-dom-in-vrt","7":"product_cat-dom-a-zahrada","9":"first","10":"instock","11":"sale","12":"shipping-taxable","13":"purchasable","14":"product-type-simple"},"acf":[],"_links":{"self":[{"href":"https:\/\/fixlabproducts.com\/sk\/wp-json\/wp\/v2\/product\/26645"}],"collection":[{"href":"https:\/\/fixlabproducts.com\/sk\/wp-json\/wp\/v2\/product"}],"about":[{"href":"https:\/\/fixlabproducts.com\/sk\/wp-json\/wp\/v2\/types\/product"}],"replies":[{"embeddable":true,"href":"https:\/\/fixlabproducts.com\/sk\/wp-json\/wp\/v2\/comments?post=26645"}],"wp:featuredmedia":[{"embeddable":true,"href":"https:\/\/fixlabproducts.com\/sk\/wp-json\/wp\/v2\/media\/26646"}],"wp:attachment":[{"href":"https:\/\/fixlabproducts.com\/sk\/wp-json\/wp\/v2\/media?parent=26645"}],"wp:term":[{"taxonomy":"product_cat","embeddable":true,"href":"https:\/\/fixlabproducts.com\/sk\/wp-json\/wp\/v2\/product_cat?post=26645"},{"taxonomy":"product_tag","embeddable":true,"href":"https:\/\/fixlabproducts.com\/sk\/wp-json\/wp\/v2\/product_tag?post=26645"}],"curies":[{"name":"wp","href":"https:\/\/api.w.org\/{rel}","templated":true}]}}