{"id":25298,"date":"2023-02-23T09:45:32","date_gmt":"2023-02-23T08:45:32","guid":{"rendered":"https:\/\/fixlabproducts.com\/sk\/?post_type=product&#038;p=25298"},"modified":"2025-01-27T10:34:40","modified_gmt":"2025-01-27T09:34:40","slug":"wall-fix","status":"publish","type":"product","link":"https:\/\/fixlabproducts.com\/sk\/produkt\/wall-fix\/","title":{"rendered":"WALL FIX &#8211; PASTA NA OPRAVU TRHLIN A DIER V STENE"},"content":{"rendered":"","protected":false},"excerpt":{"rendered":"<p>Vyp\u013a\u0148anie dier v sten\u00e1ch nebolo nikdy tak\u00e9 jednoduch\u00e9. Predstavujeme na\u0161u revolu\u010dn\u00fa pastu Wall Fix, dokonal\u00e9 rie\u0161enie na opravu trhl\u00edn a dier vo va\u0161ich sten\u00e1ch. Na\u0161a pasta je \u0161peci\u00e1lne navrhnut\u00e1 tak, aby poskytovala pevn\u00e9 a odoln\u00e9 spojenie, ktor\u00e9 vydr\u017e\u00ed, v\u010faka \u010domu si m\u00f4\u017eete vychutna\u0165 bezchybn\u00fd povrch po cel\u00e9 roky.<\/p>\n","protected":false},"featured_media":25299,"comment_status":"closed","ping_status":"closed","template":"","meta":{"_acf_changed":false,"inline_featured_image":false},"product_cat":[78],"product_tag":[],"class_list":{"0":"post-25298","1":"product","2":"type-product","3":"status-publish","4":"has-post-thumbnail","6":"product_cat-dom-a-zahrada","8":"first","9":"instock","10":"sale","11":"shipping-taxable","12":"purchasable","13":"product-type-simple"},"acf":[],"_links":{"self":[{"href":"https:\/\/fixlabproducts.com\/sk\/wp-json\/wp\/v2\/product\/25298"}],"collection":[{"href":"https:\/\/fixlabproducts.com\/sk\/wp-json\/wp\/v2\/product"}],"about":[{"href":"https:\/\/fixlabproducts.com\/sk\/wp-json\/wp\/v2\/types\/product"}],"replies":[{"embeddable":true,"href":"https:\/\/fixlabproducts.com\/sk\/wp-json\/wp\/v2\/comments?post=25298"}],"wp:featuredmedia":[{"embeddable":true,"href":"https:\/\/fixlabproducts.com\/sk\/wp-json\/wp\/v2\/media\/25299"}],"wp:attachment":[{"href":"https:\/\/fixlabproducts.com\/sk\/wp-json\/wp\/v2\/media?parent=25298"}],"wp:term":[{"taxonomy":"product_cat","embeddable":true,"href":"https:\/\/fixlabproducts.com\/sk\/wp-json\/wp\/v2\/product_cat?post=25298"},{"taxonomy":"product_tag","embeddable":true,"href":"https:\/\/fixlabproducts.com\/sk\/wp-json\/wp\/v2\/product_tag?post=25298"}],"curies":[{"name":"wp","href":"https:\/\/api.w.org\/{rel}","templated":true}]}}