{"id":25107,"date":"2023-01-17T10:36:45","date_gmt":"2023-01-17T09:36:45","guid":{"rendered":"https:\/\/fixlabproducts.com\/sk\/?post_type=product&#038;p=25107"},"modified":"2025-01-27T10:35:46","modified_gmt":"2025-01-27T09:35:46","slug":"rust-paint","status":"publish","type":"product","link":"https:\/\/fixlabproducts.com\/sk\/produkt\/rust-paint\/","title":{"rendered":"\u0160peci\u00e1lna farba na prekrytie hrdze (300ml)"},"content":{"rendered":"","protected":false},"excerpt":{"rendered":"<p class=\"Default\" style=\"margin-top: 0in\"><span style=\"background: #F7F7F8\">U\u017e v\u00e1s nebav\u00ed st\u00e1le rie\u0161i\u0165 \u0161kared\u00fa hrdzu a kor\u00f3ziu na va\u0161ich kovov\u00fdch povrchoch? N\u00e1\u0161 multifunk\u010dn\u00fd produkt Rust Paint nielen stabilizuje povrch, ale poskytuje aj dlhotrvaj\u00facu ochranu v jednom jednoduchom kroku. \u010ci u\u017e ste profesion\u00e1lny dod\u00e1vate\u013e alebo nad\u0161en\u00fd dom\u00e1ci majster, na\u0161e zlo\u017eenie ur\u010dite spln\u00ed v\u0161etky va\u0161e potreby!<\/span><\/p>\n","protected":false},"featured_media":27525,"comment_status":"closed","ping_status":"closed","template":"","meta":{"_acf_changed":false,"inline_featured_image":false},"product_cat":[78],"product_tag":[],"class_list":{"0":"post-25107","1":"product","2":"type-product","3":"status-publish","4":"has-post-thumbnail","6":"product_cat-dom-a-zahrada","8":"first","9":"instock","10":"sale","11":"shipping-taxable","12":"purchasable","13":"product-type-variable","14":"has-default-attributes","15":"rtwpvs-product"},"acf":[],"_links":{"self":[{"href":"https:\/\/fixlabproducts.com\/sk\/wp-json\/wp\/v2\/product\/25107"}],"collection":[{"href":"https:\/\/fixlabproducts.com\/sk\/wp-json\/wp\/v2\/product"}],"about":[{"href":"https:\/\/fixlabproducts.com\/sk\/wp-json\/wp\/v2\/types\/product"}],"replies":[{"embeddable":true,"href":"https:\/\/fixlabproducts.com\/sk\/wp-json\/wp\/v2\/comments?post=25107"}],"wp:featuredmedia":[{"embeddable":true,"href":"https:\/\/fixlabproducts.com\/sk\/wp-json\/wp\/v2\/media\/27525"}],"wp:attachment":[{"href":"https:\/\/fixlabproducts.com\/sk\/wp-json\/wp\/v2\/media?parent=25107"}],"wp:term":[{"taxonomy":"product_cat","embeddable":true,"href":"https:\/\/fixlabproducts.com\/sk\/wp-json\/wp\/v2\/product_cat?post=25107"},{"taxonomy":"product_tag","embeddable":true,"href":"https:\/\/fixlabproducts.com\/sk\/wp-json\/wp\/v2\/product_tag?post=25107"}],"curies":[{"name":"wp","href":"https:\/\/api.w.org\/{rel}","templated":true}]}}