{"id":25060,"date":"2022-10-03T09:28:58","date_gmt":"2022-10-03T07:28:58","guid":{"rendered":"https:\/\/fixlabproducts.com\/sk\/?post_type=product&#038;p=25060"},"modified":"2025-01-27T10:36:30","modified_gmt":"2025-01-27T09:36:30","slug":"leak-stop-clear-xl","status":"publish","type":"product","link":"https:\/\/fixlabproducts.com\/sk\/produkt\/leak-stop-clear-xl\/","title":{"rendered":"Vodotesn\u00fd izola\u010dn\u00fd tmel 300ml"},"content":{"rendered":"","protected":false},"excerpt":{"rendered":"<p>Produkt umo\u017e\u0148uje r\u00fdchlu opravu r\u00f4znych praskl\u00edn a dier, chr\u00e1ni pred vlhkos\u0165ou a hrdzou na r\u00f4znych kritick\u00fdch povrchoch.<\/p>\n","protected":false},"featured_media":25061,"comment_status":"closed","ping_status":"closed","template":"","meta":{"_acf_changed":false,"inline_featured_image":false},"product_cat":[78,89],"product_tag":[],"class_list":{"0":"post-25060","1":"product","2":"type-product","3":"status-publish","4":"has-post-thumbnail","6":"product_cat-dom-a-zahrada","7":"product_cat-winter-sale","9":"first","10":"instock","11":"sale","12":"shipping-taxable","13":"purchasable","14":"product-type-simple"},"acf":[],"_links":{"self":[{"href":"https:\/\/fixlabproducts.com\/sk\/wp-json\/wp\/v2\/product\/25060"}],"collection":[{"href":"https:\/\/fixlabproducts.com\/sk\/wp-json\/wp\/v2\/product"}],"about":[{"href":"https:\/\/fixlabproducts.com\/sk\/wp-json\/wp\/v2\/types\/product"}],"replies":[{"embeddable":true,"href":"https:\/\/fixlabproducts.com\/sk\/wp-json\/wp\/v2\/comments?post=25060"}],"wp:featuredmedia":[{"embeddable":true,"href":"https:\/\/fixlabproducts.com\/sk\/wp-json\/wp\/v2\/media\/25061"}],"wp:attachment":[{"href":"https:\/\/fixlabproducts.com\/sk\/wp-json\/wp\/v2\/media?parent=25060"}],"wp:term":[{"taxonomy":"product_cat","embeddable":true,"href":"https:\/\/fixlabproducts.com\/sk\/wp-json\/wp\/v2\/product_cat?post=25060"},{"taxonomy":"product_tag","embeddable":true,"href":"https:\/\/fixlabproducts.com\/sk\/wp-json\/wp\/v2\/product_tag?post=25060"}],"curies":[{"name":"wp","href":"https:\/\/api.w.org\/{rel}","templated":true}]}}