{"id":431,"date":"2020-08-11T07:19:11","date_gmt":"2020-08-11T07:19:11","guid":{"rendered":"https:\/\/aleiashop.com\/sk\/?page_id=431"},"modified":"2021-11-22T13:19:12","modified_gmt":"2021-11-22T12:19:12","slug":"reklamacie-a-vymena-tovaru","status":"publish","type":"page","link":"https:\/\/fixlabproducts.com\/sk\/reklamacie-a-vymena-tovaru\/","title":{"rendered":"Rekl\u00e1macie a v\u00fdmena tovaru"},"content":{"rendered":"<h3>V\u00fdmena tovaru\/vr\u00e1tenie pe\u0148az\u00ed<\/h3>\n<p>Do 14 dn\u00ed od prevzatia bal\u00edka m\u00e1te mo\u017enos\u0165 odst\u00fapi\u0165 od k\u00fapnej zmluvy, s\u00fa\u010dasne m\u00e1te n\u00e1rok na v\u00fdmenu produktu alebo na vr\u00e1tenie pe\u0148az\u00ed.<br \/>\nProdukt, ktor\u00fd si prajete vr\u00e1ti\u0165 alebo vymeni\u0165 mus\u00ed by\u0165 nepo\u0161koden\u00fd. Vr\u00e1ten\u00fd mus\u00ed by\u0165 v origin\u00e1lnom a nepo\u0161kodenom obale so v\u0161etk\u00fdm pr\u00edslu\u0161enstvom. V opa\u010dnom pr\u00edpade bude \u017eiados\u0165 o vr\u00e1tenie, resp. v\u00fdmenu odmietnut\u00e1 alebo vyrie\u0161en\u00e1 iba \u010diasto\u010dne.<br \/>\nNajnesk\u00f4r do 14 dn\u00ed od prevzatia bal\u00edka n\u00e1m v\u00fdrobok po\u0161lite na adresu: GM WEB d.o.o., Ljubljanska cesta 45, 1241 Kamnik, Slovenia.<br \/>\nV pr\u00edpade v\u00fdmeny tovaru vypl\u0148te tento formul\u00e1r:<br \/>\nV pr\u00edpade vr\u00e1tenia pe\u0148az\u00ed vypl\u0148te tento formul\u00e1r:<br \/>\nNa bal\u00edk, resp. do bal\u00edka nap\u00ed\u0161te viacmiestni k\u00f3d pre v\u00fdmenu\/vr\u00e1tenie, ktor\u00fd obdr\u017e\u00edte mailom po vyplnen\u00ed formul\u00e1ra.<br \/>\nZ\u00e1sielky bez k\u00f3du pre v\u00fdmenu\/vr\u00e1tenie nie je mo\u017en\u00e9 identifikova\u0165 a Va\u0161a \u017eiados\u0165 v\u00fdmenu\/vr\u00e1tenie na nebude vyrie\u0161en\u00e1.<br \/>\nN\u00e1klady na posielanie hrad\u00ed odosielate\u013e. Z\u00e1sielky na dobierku neprij\u00edmame.<br \/>\nDo 30 dn\u00ed od doru\u010denia V\u00e1\u0161ho bal\u00edka na adresu firmy bude produkt vymenen\u00fd, resp. V\u00e1m bud\u00fa vr\u00e1ten\u00e9 peniaze.<br \/>\nReklam\u00e1cie<br \/>\nV pr\u00edpade, ak V\u00e1\u0161 produkt nefunguje spr\u00e1vne, m\u00f4\u017eete si uplatni\u0165 z\u00e1ruku. Na v\u0161etky elektronick\u00e9 pr\u00edstroje v na\u0161ej ponuke m\u00e1me 24 mesa\u010dn\u00fa z\u00e1ruku.<br \/>\nZ\u00e1ruka neplat\u00ed v pr\u00edpade:<br \/>\n\u2022 Fyzick\u00e9ho po\u0161kodenia<br \/>\n\u2022 Opotrebenia pou\u017e\u00edvan\u00edm<br \/>\n\u2022 Por\u00fach, ku ktor\u00fdm do\u0161lo z d\u00f4vodu nespr\u00e1vneho, neprimeran\u00e9ho a nedbal\u00e9ho pou\u017e\u00edvania v\u00fdrobku<br \/>\nV pr\u00edpade reklam\u00e1cie je potrebn\u00e9, aby ste vyplnili formul\u00e1r pre v\u00fdmenu produktu:<br \/>\nTovar mus\u00ed by\u0165 vr\u00e1ten\u00fd v origin\u00e1lnom a nepo\u0161kodenom obale so v\u0161etk\u00fdm prilo\u017een\u00fdm pr\u00edslu\u0161enstvom. V opa\u010dnom pr\u00edpade bude \u017eiados\u0165 o reklam\u00e1ciu odmietnut\u00e1 alebo vyrie\u0161en\u00e1 iba \u010diasto\u010dne.<br \/>\nV pr\u00edpade reklam\u00e1cie n\u00e1m v\u00fdrobok za\u0161lite na na\u0161u adresu: GM WEB d.o.o., Ljubljanska cesta 45, 1241 Kamnik, Slovenia.<br \/>\nNa bal\u00edk, resp. do bal\u00edka nap\u00ed\u0161te viacmiestni k\u00f3d pre reklam\u00e1ciu, ktor\u00fd obdr\u017e\u00edte mailom po vyplnen\u00ed formul\u00e1ra.<br \/>\nZ\u00e1sielky bez k\u00f3du pre reklam\u00e1ciu nie je mo\u017en\u00e9 identifikova\u0165 a Va\u0161a reklam\u00e1cia na nebude vyrie\u0161en\u00e1.<br \/>\nN\u00e1klady na posielanie hrad\u00ed odosielate\u013e. Z\u00e1sielky na dobierku neprij\u00edmame.<br \/>\nDo 30 dn\u00ed od doru\u010denia V\u00e1\u0161ho bal\u00edka na adresu firmy bude reklam\u00e1cia spracovan\u00e1 a vybaven\u00e1.<\/p>\n","protected":false},"excerpt":{"rendered":"<p>V\u00fdmena tovaru\/vr\u00e1tenie pe\u0148az\u00ed Do 14 dn\u00ed od prevzatia bal\u00edka m\u00e1te mo\u017enos\u0165 odst\u00fapi\u0165 od k\u00fapnej zmluvy, s\u00fa\u010dasne m\u00e1te n\u00e1rok na v\u00fdmenu produktu alebo na vr\u00e1tenie pe\u0148az\u00ed. Produkt, ktor\u00fd si prajete vr\u00e1ti\u0165 alebo vymeni\u0165 mus\u00ed by\u0165 nepo\u0161koden\u00fd. Vr\u00e1ten\u00fd mus\u00ed by\u0165 v origin\u00e1lnom a nepo\u0161kodenom obale so v\u0161etk\u00fdm pr\u00edslu\u0161enstvom. V opa\u010dnom pr\u00edpade bude \u017eiados\u0165 o vr\u00e1tenie, resp. v\u00fdmenu [&hellip;]<\/p>\n","protected":false},"author":1,"featured_media":0,"parent":0,"menu_order":0,"comment_status":"closed","ping_status":"closed","template":"","meta":{"_acf_changed":false,"inline_featured_image":false,"footnotes":""},"class_list":["post-431","page","type-page","status-publish","hentry"],"acf":[],"_links":{"self":[{"href":"https:\/\/fixlabproducts.com\/sk\/wp-json\/wp\/v2\/pages\/431"}],"collection":[{"href":"https:\/\/fixlabproducts.com\/sk\/wp-json\/wp\/v2\/pages"}],"about":[{"href":"https:\/\/fixlabproducts.com\/sk\/wp-json\/wp\/v2\/types\/page"}],"author":[{"embeddable":true,"href":"https:\/\/fixlabproducts.com\/sk\/wp-json\/wp\/v2\/users\/1"}],"replies":[{"embeddable":true,"href":"https:\/\/fixlabproducts.com\/sk\/wp-json\/wp\/v2\/comments?post=431"}],"version-history":[{"count":8,"href":"https:\/\/fixlabproducts.com\/sk\/wp-json\/wp\/v2\/pages\/431\/revisions"}],"predecessor-version":[{"id":15127,"href":"https:\/\/fixlabproducts.com\/sk\/wp-json\/wp\/v2\/pages\/431\/revisions\/15127"}],"wp:attachment":[{"href":"https:\/\/fixlabproducts.com\/sk\/wp-json\/wp\/v2\/media?parent=431"}],"curies":[{"name":"wp","href":"https:\/\/api.w.org\/{rel}","templated":true}]}}