{"id":425,"date":"2020-08-11T07:18:26","date_gmt":"2020-08-11T07:18:26","guid":{"rendered":"https:\/\/aleiashop.com\/sk\/?page_id=425"},"modified":"2023-04-03T10:15:40","modified_gmt":"2023-04-03T08:15:40","slug":"o-spolocnosti","status":"publish","type":"page","link":"https:\/\/fixlabproducts.com\/sk\/o-spolocnosti\/","title":{"rendered":"O spolo\u010dnosti"},"content":{"rendered":"<h3>\u00dadaje o spolo\u010dnosti:<\/h3>\n<p>GM WEB d.o.o.,<br \/>\nLjubljanska cesta 45,<br \/>\n1241 KAMNIK, Slovenia<\/p>\n<h3>Kontaktn\u00e9 \u00fadaje:<\/h3>\n<p>E-mail: info@fixlabproducts.com<\/p>\n<p>&nbsp;<\/p>\n<p><img fetchpriority=\"high\" decoding=\"async\" class=\"alignnone wp-image-1525\" src=\"https:\/\/fixlabproducts.com\/wp-content\/uploads\/2020\/10\/alieashop-450x600.jpg\" alt=\"\" width=\"331\" height=\"441\" \/><\/p>\n<p><img decoding=\"async\" class=\"alignnone wp-image-1527\" src=\"https:\/\/fixlabproducts.com\/wp-content\/uploads\/2020\/10\/IMG_6245-min-450x600.jpg\" alt=\"\" width=\"330\" height=\"440\" \/><\/p>\n","protected":false},"excerpt":{"rendered":"<p>\u00dadaje o spolo\u010dnosti: GM WEB d.o.o., Ljubljanska cesta 45, 1241 KAMNIK, Slovenia Kontaktn\u00e9 \u00fadaje: E-mail: info@fixlabproducts.com &nbsp;<\/p>\n","protected":false},"author":5,"featured_media":0,"parent":0,"menu_order":0,"comment_status":"closed","ping_status":"closed","template":"","meta":{"_acf_changed":false,"inline_featured_image":false,"footnotes":""},"class_list":["post-425","page","type-page","status-publish","hentry"],"acf":[],"_links":{"self":[{"href":"https:\/\/fixlabproducts.com\/sk\/wp-json\/wp\/v2\/pages\/425"}],"collection":[{"href":"https:\/\/fixlabproducts.com\/sk\/wp-json\/wp\/v2\/pages"}],"about":[{"href":"https:\/\/fixlabproducts.com\/sk\/wp-json\/wp\/v2\/types\/page"}],"author":[{"embeddable":true,"href":"https:\/\/fixlabproducts.com\/sk\/wp-json\/wp\/v2\/users\/5"}],"replies":[{"embeddable":true,"href":"https:\/\/fixlabproducts.com\/sk\/wp-json\/wp\/v2\/comments?post=425"}],"version-history":[{"count":14,"href":"https:\/\/fixlabproducts.com\/sk\/wp-json\/wp\/v2\/pages\/425\/revisions"}],"predecessor-version":[{"id":25711,"href":"https:\/\/fixlabproducts.com\/sk\/wp-json\/wp\/v2\/pages\/425\/revisions\/25711"}],"wp:attachment":[{"href":"https:\/\/fixlabproducts.com\/sk\/wp-json\/wp\/v2\/media?parent=425"}],"curies":[{"name":"wp","href":"https:\/\/api.w.org\/{rel}","templated":true}]}}