{"id":21879,"date":"2023-09-11T09:31:14","date_gmt":"2023-09-11T07:31:14","guid":{"rendered":"https:\/\/fixlabproducts.com\/si\/?post_type=product&#038;p=21879"},"modified":"2023-09-12T10:02:26","modified_gmt":"2023-09-12T08:02:26","slug":"leak-proof","status":"publish","type":"product","link":"https:\/\/fixlabproducts.com\/si\/produkt\/leak-proof\/","title":{"rendered":"LEAK PROOF &#8211; Vodoodporna izolacijska tesnilna masa v spreju"},"content":{"rendered":"","protected":false},"excerpt":{"rendered":"<p>Ste utrujeni od nadle\u017enega pu\u0161\u010danja, razpok in vrzeli v va\u0161em domu ali vozilu? Iskanje popolnega izdelka za popravilo se kon\u010duje, saj vam predstavljamo re\u0161itev LEAK PROOF! Ta izdelek je s svojimi izjemnimi tesnilnimi lastnostmi in vsestransko uporabnostjo popoln za popravilo va\u0161ega doma, tako zunaj kot tudi znotraj, uporabite pa ga lahko tudi za popravilo avta.<\/p>\n","protected":false},"featured_media":21880,"comment_status":"closed","ping_status":"closed","template":"","meta":{"_acf_changed":false,"inline_featured_image":false},"product_cat":[78,77],"product_tag":[],"class_list":{"0":"post-21879","1":"product","2":"type-product","3":"status-publish","4":"has-post-thumbnail","6":"product_cat-avtomobilski-izdelki","7":"product_cat-dom-in-vrt","9":"first","10":"instock","11":"sale","12":"shipping-taxable","13":"purchasable","14":"product-type-simple"},"acf":[],"_links":{"self":[{"href":"https:\/\/fixlabproducts.com\/si\/wp-json\/wp\/v2\/product\/21879"}],"collection":[{"href":"https:\/\/fixlabproducts.com\/si\/wp-json\/wp\/v2\/product"}],"about":[{"href":"https:\/\/fixlabproducts.com\/si\/wp-json\/wp\/v2\/types\/product"}],"replies":[{"embeddable":true,"href":"https:\/\/fixlabproducts.com\/si\/wp-json\/wp\/v2\/comments?post=21879"}],"wp:featuredmedia":[{"embeddable":true,"href":"https:\/\/fixlabproducts.com\/si\/wp-json\/wp\/v2\/media\/21880"}],"wp:attachment":[{"href":"https:\/\/fixlabproducts.com\/si\/wp-json\/wp\/v2\/media?parent=21879"}],"wp:term":[{"taxonomy":"product_cat","embeddable":true,"href":"https:\/\/fixlabproducts.com\/si\/wp-json\/wp\/v2\/product_cat?post=21879"},{"taxonomy":"product_tag","embeddable":true,"href":"https:\/\/fixlabproducts.com\/si\/wp-json\/wp\/v2\/product_tag?post=21879"}],"curies":[{"name":"wp","href":"https:\/\/api.w.org\/{rel}","templated":true}]}}