{"id":21812,"date":"2023-09-07T10:52:30","date_gmt":"2023-09-07T08:52:30","guid":{"rendered":"https:\/\/fixlabproducts.com\/si\/?post_type=product&#038;p=21812"},"modified":"2023-09-13T10:08:00","modified_gmt":"2023-09-13T08:08:00","slug":"foam-pro","status":"publish","type":"product","link":"https:\/\/fixlabproducts.com\/si\/produkt\/foam-pro\/","title":{"rendered":"FOAM PRO &#8211; Ve\u010dnamenska pena za \u010di\u0161\u010denje"},"content":{"rendered":"","protected":false},"excerpt":{"rendered":"<p>Foam Pro vam omogo\u010da globinsko \u010di\u0161\u010denje in obnovo povr\u0161in brez napora. Va\u0161 avto, \u010doln in dom bodo ponovno videti kot novi. Foam Pro je idealen za vse pralne ali barvane povr\u0161ine in z lahkoto preoblikuje notranjost v sve\u017eo in sijo\u010do!<\/p>\n","protected":false},"featured_media":21813,"comment_status":"closed","ping_status":"closed","template":"","meta":{"_acf_changed":false,"inline_featured_image":false},"product_cat":[78,77],"product_tag":[],"class_list":{"0":"post-21812","1":"product","2":"type-product","3":"status-publish","4":"has-post-thumbnail","6":"product_cat-avtomobilski-izdelki","7":"product_cat-dom-in-vrt","9":"first","10":"instock","11":"sale","12":"shipping-taxable","13":"purchasable","14":"product-type-simple"},"acf":[],"_links":{"self":[{"href":"https:\/\/fixlabproducts.com\/si\/wp-json\/wp\/v2\/product\/21812"}],"collection":[{"href":"https:\/\/fixlabproducts.com\/si\/wp-json\/wp\/v2\/product"}],"about":[{"href":"https:\/\/fixlabproducts.com\/si\/wp-json\/wp\/v2\/types\/product"}],"replies":[{"embeddable":true,"href":"https:\/\/fixlabproducts.com\/si\/wp-json\/wp\/v2\/comments?post=21812"}],"wp:featuredmedia":[{"embeddable":true,"href":"https:\/\/fixlabproducts.com\/si\/wp-json\/wp\/v2\/media\/21813"}],"wp:attachment":[{"href":"https:\/\/fixlabproducts.com\/si\/wp-json\/wp\/v2\/media?parent=21812"}],"wp:term":[{"taxonomy":"product_cat","embeddable":true,"href":"https:\/\/fixlabproducts.com\/si\/wp-json\/wp\/v2\/product_cat?post=21812"},{"taxonomy":"product_tag","embeddable":true,"href":"https:\/\/fixlabproducts.com\/si\/wp-json\/wp\/v2\/product_tag?post=21812"}],"curies":[{"name":"wp","href":"https:\/\/api.w.org\/{rel}","templated":true}]}}