{"id":20512,"date":"2023-03-01T12:03:09","date_gmt":"2023-03-01T11:03:09","guid":{"rendered":"https:\/\/fixlabproducts.com\/si\/?post_type=product&#038;p=20512"},"modified":"2023-03-16T11:37:29","modified_gmt":"2023-03-16T10:37:29","slug":"floor-max","status":"publish","type":"product","link":"https:\/\/fixlabproducts.com\/si\/produkt\/floor-max\/","title":{"rendered":"FLOOR MAX &#8211; EMULZIJA ZA TLA VISOKEGA SIJAJA 500ml"},"content":{"rendered":"","protected":false},"excerpt":{"rendered":"<p>Predstavljamo na\u0161o revolucionarno emulzijo Floor Max! Odporen, nedrse\u010d in sijo\u010d premaz za vse gladke vodotesne talne povr\u0161ine. Primerno za ve\u010dino vrst tal! Zagotavlja vrhunsko odpornost na praske in umazanijo ter ustvari odli\u010den sijajni, odsevni zaklju\u010dek, zaradi katerega so va\u0161a tla videti nova in sve\u017ea!<\/p>\n","protected":false},"featured_media":20517,"comment_status":"closed","ping_status":"closed","template":"","meta":{"_acf_changed":false,"inline_featured_image":false},"product_cat":[16,77],"product_tag":[],"class_list":{"0":"post-20512","1":"product","2":"type-product","3":"status-publish","4":"has-post-thumbnail","6":"product_cat-uncategorized","7":"product_cat-dom-in-vrt","9":"first","10":"instock","11":"sale","12":"shipping-taxable","13":"purchasable","14":"product-type-simple"},"acf":[],"_links":{"self":[{"href":"https:\/\/fixlabproducts.com\/si\/wp-json\/wp\/v2\/product\/20512"}],"collection":[{"href":"https:\/\/fixlabproducts.com\/si\/wp-json\/wp\/v2\/product"}],"about":[{"href":"https:\/\/fixlabproducts.com\/si\/wp-json\/wp\/v2\/types\/product"}],"replies":[{"embeddable":true,"href":"https:\/\/fixlabproducts.com\/si\/wp-json\/wp\/v2\/comments?post=20512"}],"wp:featuredmedia":[{"embeddable":true,"href":"https:\/\/fixlabproducts.com\/si\/wp-json\/wp\/v2\/media\/20517"}],"wp:attachment":[{"href":"https:\/\/fixlabproducts.com\/si\/wp-json\/wp\/v2\/media?parent=20512"}],"wp:term":[{"taxonomy":"product_cat","embeddable":true,"href":"https:\/\/fixlabproducts.com\/si\/wp-json\/wp\/v2\/product_cat?post=20512"},{"taxonomy":"product_tag","embeddable":true,"href":"https:\/\/fixlabproducts.com\/si\/wp-json\/wp\/v2\/product_tag?post=20512"}],"curies":[{"name":"wp","href":"https:\/\/api.w.org\/{rel}","templated":true}]}}