{"id":20469,"date":"2023-02-23T08:11:46","date_gmt":"2023-02-23T07:11:46","guid":{"rendered":"https:\/\/fixlabproducts.com\/si\/?post_type=product&#038;p=20469"},"modified":"2023-02-23T09:44:21","modified_gmt":"2023-02-23T08:44:21","slug":"wall-fix","status":"publish","type":"product","link":"https:\/\/fixlabproducts.com\/si\/produkt\/wall-fix\/","title":{"rendered":"WALL FIX &#8211;  Pasta za popravilo razpok in lukenj na steni"},"content":{"rendered":"","protected":false},"excerpt":{"rendered":"<p>Krpanje razpok in lukenj v steni \u0161e nikoli ni bilo tako enostavno. Predstavljamo vam na\u0161o revolucionarno pasto Wall Fix, najbolj\u0161o re\u0161itev za popravilo va\u0161ih sten. Na\u0161a pasta je zasnovana tako, da zagotavlja mo\u010dno in trajno vez, va\u0161e stene pa bodo ponovno videti brezhibne.<\/p>\n","protected":false},"featured_media":20470,"comment_status":"closed","ping_status":"closed","template":"","meta":{"_acf_changed":false,"inline_featured_image":false},"product_cat":[77],"product_tag":[],"class_list":{"0":"post-20469","1":"product","2":"type-product","3":"status-publish","4":"has-post-thumbnail","6":"product_cat-dom-in-vrt","8":"first","9":"instock","10":"sale","11":"shipping-taxable","12":"purchasable","13":"product-type-simple"},"acf":[],"_links":{"self":[{"href":"https:\/\/fixlabproducts.com\/si\/wp-json\/wp\/v2\/product\/20469"}],"collection":[{"href":"https:\/\/fixlabproducts.com\/si\/wp-json\/wp\/v2\/product"}],"about":[{"href":"https:\/\/fixlabproducts.com\/si\/wp-json\/wp\/v2\/types\/product"}],"replies":[{"embeddable":true,"href":"https:\/\/fixlabproducts.com\/si\/wp-json\/wp\/v2\/comments?post=20469"}],"wp:featuredmedia":[{"embeddable":true,"href":"https:\/\/fixlabproducts.com\/si\/wp-json\/wp\/v2\/media\/20470"}],"wp:attachment":[{"href":"https:\/\/fixlabproducts.com\/si\/wp-json\/wp\/v2\/media?parent=20469"}],"wp:term":[{"taxonomy":"product_cat","embeddable":true,"href":"https:\/\/fixlabproducts.com\/si\/wp-json\/wp\/v2\/product_cat?post=20469"},{"taxonomy":"product_tag","embeddable":true,"href":"https:\/\/fixlabproducts.com\/si\/wp-json\/wp\/v2\/product_tag?post=20469"}],"curies":[{"name":"wp","href":"https:\/\/api.w.org\/{rel}","templated":true}]}}