{"id":20312,"date":"2023-01-17T13:35:35","date_gmt":"2023-01-17T12:35:35","guid":{"rendered":"https:\/\/fixlabproducts.com\/si\/?post_type=product&#038;p=20312"},"modified":"2023-03-06T14:19:45","modified_gmt":"2023-03-06T13:19:45","slug":"rust-paint","status":"publish","type":"product","link":"https:\/\/fixlabproducts.com\/si\/produkt\/rust-paint\/","title":{"rendered":"Posebna barva za prekrivanje rje (300ml)"},"content":{"rendered":"","protected":false},"excerpt":{"rendered":"<p><span class=\"HwtZe\" lang=\"sl\"><span class=\"jCAhz ChMk0b\"><span class=\"ryNqvb\">Ste se naveli\u010dali ukvarjanja z grdo rjo in korozijo na va\u0161ih kovinskih povr\u0161inah?<\/span><\/span> <span class=\"jCAhz ChMk0b\"><span class=\"ryNqvb\">Na\u0161 ve\u010dnamenski izdelek Rust Paint ne le stabilizira povr\u0161ino, ampak tudi zagotavlja dolgotrajno za\u0161\u010dito v samo enem preprostem koraku.<\/span><\/span> <span class=\"jCAhz ChMk0b\"><span class=\"ryNqvb\">Ne glede na to, ali ste profesionalni izvajalec ali navdu\u0161enec nad DIY, bo na\u0161a formula zagotovo izpolnila vse va\u0161e potrebe!<\/span><\/span><\/span><\/p>\n","protected":false},"featured_media":20321,"comment_status":"closed","ping_status":"closed","template":"","meta":{"_acf_changed":false,"inline_featured_image":false},"product_cat":[77],"product_tag":[],"class_list":{"0":"post-20312","1":"product","2":"type-product","3":"status-publish","4":"has-post-thumbnail","6":"product_cat-dom-in-vrt","8":"first","9":"instock","10":"sale","11":"shipping-taxable","12":"purchasable","13":"product-type-simple"},"acf":[],"_links":{"self":[{"href":"https:\/\/fixlabproducts.com\/si\/wp-json\/wp\/v2\/product\/20312"}],"collection":[{"href":"https:\/\/fixlabproducts.com\/si\/wp-json\/wp\/v2\/product"}],"about":[{"href":"https:\/\/fixlabproducts.com\/si\/wp-json\/wp\/v2\/types\/product"}],"replies":[{"embeddable":true,"href":"https:\/\/fixlabproducts.com\/si\/wp-json\/wp\/v2\/comments?post=20312"}],"wp:featuredmedia":[{"embeddable":true,"href":"https:\/\/fixlabproducts.com\/si\/wp-json\/wp\/v2\/media\/20321"}],"wp:attachment":[{"href":"https:\/\/fixlabproducts.com\/si\/wp-json\/wp\/v2\/media?parent=20312"}],"wp:term":[{"taxonomy":"product_cat","embeddable":true,"href":"https:\/\/fixlabproducts.com\/si\/wp-json\/wp\/v2\/product_cat?post=20312"},{"taxonomy":"product_tag","embeddable":true,"href":"https:\/\/fixlabproducts.com\/si\/wp-json\/wp\/v2\/product_tag?post=20312"}],"curies":[{"name":"wp","href":"https:\/\/api.w.org\/{rel}","templated":true}]}}