{"id":20263,"date":"2022-10-04T13:11:10","date_gmt":"2022-10-04T11:11:10","guid":{"rendered":"https:\/\/fixlabproducts.com\/si\/?post_type=product&#038;p=20263"},"modified":"2023-02-20T13:14:56","modified_gmt":"2023-02-20T12:14:56","slug":"leak-stop-clear-xl","status":"publish","type":"product","link":"https:\/\/fixlabproducts.com\/si\/produkt\/leak-stop-clear-xl\/","title":{"rendered":"Vodoodporna izolacijska tesnilna masa 300ml"},"content":{"rendered":"","protected":false},"excerpt":{"rendered":"<p>Izdelek omogo\u010da hitro popravilo razli\u010dnih razpok in lukenj, \u0161\u010diti pred vlago in rjo na razli\u010dnih kriti\u010dnih povr\u0161inah.<\/p>\n","protected":false},"featured_media":20274,"comment_status":"closed","ping_status":"closed","template":"","meta":{"_acf_changed":false,"inline_featured_image":false},"product_cat":[16,77],"product_tag":[],"class_list":{"0":"post-20263","1":"product","2":"type-product","3":"status-publish","4":"has-post-thumbnail","6":"product_cat-uncategorized","7":"product_cat-dom-in-vrt","9":"first","10":"instock","11":"sale","12":"shipping-taxable","13":"purchasable","14":"product-type-simple"},"acf":[],"_links":{"self":[{"href":"https:\/\/fixlabproducts.com\/si\/wp-json\/wp\/v2\/product\/20263"}],"collection":[{"href":"https:\/\/fixlabproducts.com\/si\/wp-json\/wp\/v2\/product"}],"about":[{"href":"https:\/\/fixlabproducts.com\/si\/wp-json\/wp\/v2\/types\/product"}],"replies":[{"embeddable":true,"href":"https:\/\/fixlabproducts.com\/si\/wp-json\/wp\/v2\/comments?post=20263"}],"wp:featuredmedia":[{"embeddable":true,"href":"https:\/\/fixlabproducts.com\/si\/wp-json\/wp\/v2\/media\/20274"}],"wp:attachment":[{"href":"https:\/\/fixlabproducts.com\/si\/wp-json\/wp\/v2\/media?parent=20263"}],"wp:term":[{"taxonomy":"product_cat","embeddable":true,"href":"https:\/\/fixlabproducts.com\/si\/wp-json\/wp\/v2\/product_cat?post=20263"},{"taxonomy":"product_tag","embeddable":true,"href":"https:\/\/fixlabproducts.com\/si\/wp-json\/wp\/v2\/product_tag?post=20263"}],"curies":[{"name":"wp","href":"https:\/\/api.w.org\/{rel}","templated":true}]}}