{"id":431,"date":"2020-08-11T07:19:11","date_gmt":"2020-08-11T07:19:11","guid":{"rendered":"https:\/\/aleiashop.com\/si\/?page_id=431"},"modified":"2023-03-31T12:33:33","modified_gmt":"2023-03-31T10:33:33","slug":"returns","status":"publish","type":"page","link":"https:\/\/fixlabproducts.com\/si\/returns\/","title":{"rendered":"Reklamacije in zamenjave"},"content":{"rendered":"<p><strong>REKLAMACIJ<\/strong><strong>E<\/strong><\/p>\n<p>&nbsp;<\/p>\n<p>NA\u010cINI VRA\u010cILA KUPNINE<\/p>\n<p>Kupnino kupec dobi vrnjeno na pla\u010dilno metodo, ki jo je uporabil pri nakupu, razen pri pla\u010dilih z gotovino ob prevzemu, kupec prejme kupnino na svoj transakcijski ra\u010dun.<\/p>\n<p>&nbsp;<\/p>\n<p>KAKO ZAHTEVATI VRA\u010cILO KUPNINE OZ. MENJAVO IZDELKA<\/p>\n<p>&nbsp;<\/p>\n<p>Za vra\u010dilo kupnine oz. menjavo izdelka izpolnite spletni obrazec. \u010ce bo napaka\/po\u0161kodba izdelka razvidna iz slike\/videa, nas o tem obvestite po e-mailu, da izdelka ni treba vra\u010dati, vra\u010dilo kupnine oz. menjave pa uredimo \u010dim prej oz. v roku 30 delovnih dni od prejetja va\u0161ega zahtevka.<\/p>\n<p>&nbsp;<\/p>\n<p>\u010ce napake\/po\u0161kodbe izdelka niso razvidne iz slike\/posnetka, ali odstopate od pogodbe, pa bo po izpolnjenem reklamacijskem obrazcu kupnina vrnjena oz. menjava izvedena v roku 30 delovnih dni od prejetja paketa.<\/p>\n<p>&nbsp;<\/p>\n<p>Preden paket odpo\u0161ljete, nujno preverite na potrdilu o naro\u010dilu ali ra\u010dunu, ki ste ga prejeli po elektronski po\u0161ti v trenutku naro\u010dila, da ste izdelek kupili v na\u0161i spletni trgovini. V primeru, da nam dostavite izdelek ki ni na\u0161, ne odgovarjamo za va\u0161o napako in paketa ne bomo vra\u010dali.<\/p>\n<p>&nbsp;<\/p>\n<p>Obrazec izpolnite na spodnji povezavi:<\/p>\n<p>&nbsp;<\/p>\n<p><a href=\"https:\/\/docs.google.com\/forms\/d\/e\/1FAIpQLSePF0vHtwVSRmpuxQFMK40cZVSOJbyzaLjEi5hAKvbWG9j77A\/viewform\">\u00a0https:\/\/docs.google.com\/forms\/d\/e\/1FAIpQLSePF0vHtwVSRmpuxQFMK40cZVSOJbyzaLjEi5hAKvbWG9j77A\/viewform<\/a><\/p>\n<p>Naslov, kamor po\u0161ljete va\u0161 izdelek, ki ga \u017eelite vrniti: GM WEB d.o.o., Ljubljanska cesta 45, 1241 Kamnik<\/p>\n<p>&nbsp;<\/p>\n<p>STRO\u0160KI PO\u0160ILJANJA PRI VRA\u010cILU BLAGA<\/p>\n<p>Stro\u0161ke vra\u010dila blaga krije kupec. Za vrnjene izdelke ne sprejemamo po\u0161iljk s pla\u010dilom po\u0161tnine po povzetju.<\/p>\n<p>&nbsp;<\/p>\n<p>Naslov za vra\u010dilo blaga je naveden, znotraj e-maila, ki ga prejmete po oddanem obrazcu za odstop od pogodbe, vra\u010dilo kupnine oz. menjavo izdelka.<\/p>\n<p>&nbsp;<\/p>\n","protected":false},"excerpt":{"rendered":"<p>REKLAMACIJE &nbsp; NA\u010cINI VRA\u010cILA KUPNINE Kupnino kupec dobi vrnjeno na pla\u010dilno metodo, ki jo je uporabil pri nakupu, razen pri pla\u010dilih z gotovino ob prevzemu, kupec prejme kupnino na svoj transakcijski ra\u010dun. &nbsp; KAKO ZAHTEVATI VRA\u010cILO KUPNINE OZ. MENJAVO IZDELKA &nbsp; Za vra\u010dilo kupnine oz. menjavo izdelka izpolnite spletni obrazec. \u010ce bo napaka\/po\u0161kodba izdelka razvidna [&hellip;]<\/p>\n","protected":false},"author":26,"featured_media":0,"parent":0,"menu_order":0,"comment_status":"closed","ping_status":"closed","template":"","meta":{"_acf_changed":false,"inline_featured_image":false,"footnotes":""},"class_list":["post-431","page","type-page","status-publish","hentry"],"acf":[],"_links":{"self":[{"href":"https:\/\/fixlabproducts.com\/si\/wp-json\/wp\/v2\/pages\/431"}],"collection":[{"href":"https:\/\/fixlabproducts.com\/si\/wp-json\/wp\/v2\/pages"}],"about":[{"href":"https:\/\/fixlabproducts.com\/si\/wp-json\/wp\/v2\/types\/page"}],"author":[{"embeddable":true,"href":"https:\/\/fixlabproducts.com\/si\/wp-json\/wp\/v2\/users\/26"}],"replies":[{"embeddable":true,"href":"https:\/\/fixlabproducts.com\/si\/wp-json\/wp\/v2\/comments?post=431"}],"version-history":[{"count":6,"href":"https:\/\/fixlabproducts.com\/si\/wp-json\/wp\/v2\/pages\/431\/revisions"}],"predecessor-version":[{"id":20799,"href":"https:\/\/fixlabproducts.com\/si\/wp-json\/wp\/v2\/pages\/431\/revisions\/20799"}],"wp:attachment":[{"href":"https:\/\/fixlabproducts.com\/si\/wp-json\/wp\/v2\/media?parent=431"}],"curies":[{"name":"wp","href":"https:\/\/api.w.org\/{rel}","templated":true}]}}