{"id":425,"date":"2020-08-11T07:18:26","date_gmt":"2020-08-11T07:18:26","guid":{"rendered":"https:\/\/aleiashop.com\/si\/?page_id=425"},"modified":"2023-04-04T08:21:37","modified_gmt":"2023-04-04T06:21:37","slug":"o-podjetju","status":"publish","type":"page","link":"https:\/\/fixlabproducts.com\/si\/o-podjetju\/","title":{"rendered":"O podjetju"},"content":{"rendered":"<p><strong>O podjetju:<\/strong><\/p>\n<p>GM WEB d.o.o.,<br \/>\nLjubljanska cesta 45,<br \/>\n1241 KAMNIK,<br \/>\nSlovenija<\/p>\n<p><b data-stringify-type=\"bold\">Dav\u010dna \u0161tevilka SI:\u00a0<\/b>54700477<br \/>\n<b data-stringify-type=\"bold\">Mati\u010dna \u0161tevilka:\u00a0<\/b>8632081000<\/p>\n<p>Vpis v registrski organ: 10.4.2020.<\/p>\n<p>SKD: J62.010 &#8211; Ra\u010dunalni\u0161ko programiranje<\/p>\n<p>Kraj vpisa: Okro\u017eno sodi\u0161\u010de Ljubljana<\/p>\n<p>Kontakt:<br \/>\nE-mail:\u00a0<a href=\"mailto:info@fixlabproducts.com\">info@fixlabproducts.com<\/a><\/p>\n<p>&nbsp;<\/p>\n<p><img fetchpriority=\"high\" decoding=\"async\" class=\"alignnone wp-image-1525\" src=\"https:\/\/fixlabproducts.com\/wp-content\/uploads\/2020\/10\/alieashop-450x600.jpg\" alt=\"\" width=\"331\" height=\"441\" \/><\/p>\n<p><img decoding=\"async\" class=\"alignnone wp-image-1527\" src=\"https:\/\/fixlabproducts.com\/wp-content\/uploads\/2020\/10\/IMG_6245-min-450x600.jpg\" alt=\"\" width=\"330\" height=\"440\" \/><\/p>\n","protected":false},"excerpt":{"rendered":"<p>O podjetju: GM WEB d.o.o., Ljubljanska cesta 45, 1241 KAMNIK, Slovenija Dav\u010dna \u0161tevilka SI:\u00a054700477 Mati\u010dna \u0161tevilka:\u00a08632081000 Vpis v registrski organ: 10.4.2020. SKD: J62.010 &#8211; Ra\u010dunalni\u0161ko programiranje Kraj vpisa: Okro\u017eno sodi\u0161\u010de Ljubljana Kontakt: E-mail:\u00a0info@fixlabproducts.com &nbsp;<\/p>\n","protected":false},"author":5,"featured_media":0,"parent":0,"menu_order":0,"comment_status":"closed","ping_status":"closed","template":"","meta":{"_acf_changed":false,"inline_featured_image":false,"footnotes":""},"class_list":["post-425","page","type-page","status-publish","hentry"],"acf":[],"_links":{"self":[{"href":"https:\/\/fixlabproducts.com\/si\/wp-json\/wp\/v2\/pages\/425"}],"collection":[{"href":"https:\/\/fixlabproducts.com\/si\/wp-json\/wp\/v2\/pages"}],"about":[{"href":"https:\/\/fixlabproducts.com\/si\/wp-json\/wp\/v2\/types\/page"}],"author":[{"embeddable":true,"href":"https:\/\/fixlabproducts.com\/si\/wp-json\/wp\/v2\/users\/5"}],"replies":[{"embeddable":true,"href":"https:\/\/fixlabproducts.com\/si\/wp-json\/wp\/v2\/comments?post=425"}],"version-history":[{"count":8,"href":"https:\/\/fixlabproducts.com\/si\/wp-json\/wp\/v2\/pages\/425\/revisions"}],"predecessor-version":[{"id":20827,"href":"https:\/\/fixlabproducts.com\/si\/wp-json\/wp\/v2\/pages\/425\/revisions\/20827"}],"wp:attachment":[{"href":"https:\/\/fixlabproducts.com\/si\/wp-json\/wp\/v2\/media?parent=425"}],"curies":[{"name":"wp","href":"https:\/\/api.w.org\/{rel}","templated":true}]}}