{"id":36523,"date":"2025-01-24T10:35:18","date_gmt":"2025-01-24T09:35:18","guid":{"rendered":"https:\/\/fixlabproducts.com\/ro\/product\/pipeaid\/"},"modified":"2025-01-27T10:58:30","modified_gmt":"2025-01-27T09:58:30","slug":"pipeaid","status":"publish","type":"product","link":"https:\/\/fixlabproducts.com\/ro\/product\/pipeaid\/","title":{"rendered":"PipeAID &#8211; Cur\u0103\u021b\u0103tor de canalizare"},"content":{"rendered":"<p>PipeAID este formulat cu o compozi\u021bie bl\u00e2nd\u0103, dar puternic\u0103, care este bl\u00e2nd\u0103 cu sistemele dvs. sanitare, dar dur\u0103 cu blocajele.<\/p>\n<p><img fetchpriority=\"high\" decoding=\"async\" class=\"alignnone size-medium wp-image-58554\" src=\"https:\/\/clickostore.com\/ro\/wp-content\/uploads\/sites\/10\/2024\/05\/RO2-1-600x600.jpg\" alt=\"\" width=\"600\" height=\"600\" \/><\/p>\n<p>Ac\u021biunea unic\u0103 de spumare se extinde \u00een \u021bevi \u0219i cur\u0103\u021b\u0103 eficient o debran\u0219are. Perfect pentru buc\u0103t\u0103rii, b\u0103i etc.<\/p>\n<p><img decoding=\"async\" class=\"alignnone size-medium wp-image-53147\" src=\"https:\/\/clickostore.com\/si\/wp-content\/uploads\/sites\/23\/2024\/05\/3-600x600.jpg\" alt=\"\" width=\"600\" height=\"600\" \/><\/p>\n<p>PipeAID abordeaz\u0103, de asemenea, mirosurile nepl\u0103cute care \u00eenso\u021besc blocajele de scurgere, iar formula inovatoare \u00eembun\u0103t\u0103\u021be\u0219te fluxul de ap\u0103.<\/p>\n<p><img decoding=\"async\" class=\"alignnone size-medium wp-image-53148\" src=\"https:\/\/clickostore.com\/si\/wp-content\/uploads\/sites\/23\/2024\/05\/4-600x600.jpg\" alt=\"\" width=\"600\" height=\"600\" \/><\/p>\n<p>PipeAID, modalitatea rapid\u0103, sigur\u0103 \u0219i eficient\u0103 de a men\u021bine scurgerile libere \u0219i o cas\u0103 curat\u0103 \u0219i f\u0103r\u0103 mirosuri. Totul \u00eentr-un singur produs!<\/p>\n<p><img loading=\"lazy\" decoding=\"async\" class=\"alignnone size-medium wp-image-53149\" src=\"https:\/\/clickostore.com\/si\/wp-content\/uploads\/sites\/23\/2024\/05\/5-1-600x600.jpg\" alt=\"\" width=\"600\" height=\"600\" \/><\/p>\n","protected":false},"excerpt":{"rendered":"<p>Fie c\u0103 este vorba de o chiuvet\u0103 \u00eenfundat\u0103 \u00een buc\u0103t\u0103rie, de o baie care se scurge greu sau chiar de o conduct\u0103 de canalizare \u00eenfundat\u0103, PipeAID este versatil \u0219i eficient pentru toate. Economisi\u021bi-v\u0103 timpul, costurile \u0219i deranjul repara\u021biilor profesionale de instala\u021bii sanitare!<\/p>\n","protected":false},"featured_media":36522,"comment_status":"closed","ping_status":"closed","template":"","meta":{"_acf_changed":false,"inline_featured_image":false},"product_cat":[76],"product_tag":[],"class_list":{"0":"post-36523","1":"product","2":"type-product","3":"status-publish","4":"has-post-thumbnail","6":"product_cat-casa-si-gradina","8":"first","9":"instock","10":"sale","11":"shipping-taxable","12":"purchasable","13":"product-type-simple"},"acf":[],"_links":{"self":[{"href":"https:\/\/fixlabproducts.com\/ro\/wp-json\/wp\/v2\/product\/36523"}],"collection":[{"href":"https:\/\/fixlabproducts.com\/ro\/wp-json\/wp\/v2\/product"}],"about":[{"href":"https:\/\/fixlabproducts.com\/ro\/wp-json\/wp\/v2\/types\/product"}],"replies":[{"embeddable":true,"href":"https:\/\/fixlabproducts.com\/ro\/wp-json\/wp\/v2\/comments?post=36523"}],"wp:featuredmedia":[{"embeddable":true,"href":"https:\/\/fixlabproducts.com\/ro\/wp-json\/wp\/v2\/media\/36522"}],"wp:attachment":[{"href":"https:\/\/fixlabproducts.com\/ro\/wp-json\/wp\/v2\/media?parent=36523"}],"wp:term":[{"taxonomy":"product_cat","embeddable":true,"href":"https:\/\/fixlabproducts.com\/ro\/wp-json\/wp\/v2\/product_cat?post=36523"},{"taxonomy":"product_tag","embeddable":true,"href":"https:\/\/fixlabproducts.com\/ro\/wp-json\/wp\/v2\/product_tag?post=36523"}],"curies":[{"name":"wp","href":"https:\/\/api.w.org\/{rel}","templated":true}]}}