{"id":35928,"date":"2024-05-21T10:30:56","date_gmt":"2024-05-21T08:30:56","guid":{"rendered":"https:\/\/fixlabproducts.com\/ro\/product\/mold-remover\/"},"modified":"2024-05-31T12:30:36","modified_gmt":"2024-05-31T10:30:36","slug":"mold-remover","status":"publish","type":"product","link":"https:\/\/fixlabproducts.com\/ro\/product\/mold-remover\/","title":{"rendered":"MOLD REMOVER &#8211; Spray pentru prevenirea mucegaiului"},"content":{"rendered":"","protected":false},"excerpt":{"rendered":"<p>Spray-ul nostru nu con\u021bine substan\u021be chimice periculoase, fiind o op\u021biune sigur\u0103 \u0219i ecologic\u0103 pentru prevenirea mucegaiului. Dac\u0103 nu vre\u021bi s\u0103 mai ave\u021bi de-a face cu cre\u0219terea permanent\u0103 a mucegaiului \u00een cas\u0103 sau la birou, folosi\u021bi spray-ul de eliminare a mucegaiului. Datorit\u0103 mirosului s\u0103u pl\u0103cut, al siguran\u021bei \u00een utilizare \u0219i eficien\u021bei sale, este solu\u021bia optim\u0103 pentru prevenirea cre\u0219terii mucegaiului \u0219i pentru p\u0103strarea cur\u0103\u021beniei \u0219i s\u0103n\u0103t\u0103\u021bii spa\u021biului.<\/p>\n","protected":false},"featured_media":35927,"comment_status":"closed","ping_status":"closed","template":"","meta":{"_acf_changed":false,"inline_featured_image":false},"product_cat":[76,75],"product_tag":[],"class_list":{"0":"post-35928","1":"product","2":"type-product","3":"status-publish","4":"has-post-thumbnail","6":"product_cat-casa-si-gradina","7":"product_cat-tehnologie","9":"first","10":"instock","11":"sale","12":"shipping-taxable","13":"purchasable","14":"product-type-simple"},"acf":[],"_links":{"self":[{"href":"https:\/\/fixlabproducts.com\/ro\/wp-json\/wp\/v2\/product\/35928"}],"collection":[{"href":"https:\/\/fixlabproducts.com\/ro\/wp-json\/wp\/v2\/product"}],"about":[{"href":"https:\/\/fixlabproducts.com\/ro\/wp-json\/wp\/v2\/types\/product"}],"replies":[{"embeddable":true,"href":"https:\/\/fixlabproducts.com\/ro\/wp-json\/wp\/v2\/comments?post=35928"}],"wp:featuredmedia":[{"embeddable":true,"href":"https:\/\/fixlabproducts.com\/ro\/wp-json\/wp\/v2\/media\/35927"}],"wp:attachment":[{"href":"https:\/\/fixlabproducts.com\/ro\/wp-json\/wp\/v2\/media?parent=35928"}],"wp:term":[{"taxonomy":"product_cat","embeddable":true,"href":"https:\/\/fixlabproducts.com\/ro\/wp-json\/wp\/v2\/product_cat?post=35928"},{"taxonomy":"product_tag","embeddable":true,"href":"https:\/\/fixlabproducts.com\/ro\/wp-json\/wp\/v2\/product_tag?post=35928"}],"curies":[{"name":"wp","href":"https:\/\/api.w.org\/{rel}","templated":true}]}}