{"id":35926,"date":"2024-05-21T10:28:24","date_gmt":"2024-05-21T08:28:24","guid":{"rendered":"https:\/\/fixlabproducts.com\/ro\/product\/solidmax\/"},"modified":"2025-01-27T10:56:53","modified_gmt":"2025-01-27T09:56:53","slug":"solidmax","status":"publish","type":"product","link":"https:\/\/fixlabproducts.com\/ro\/product\/solidmax\/","title":{"rendered":"SolidMax &#8211; Cur\u0103\u021b\u0103tor de calcar"},"content":{"rendered":"<p>Formula lui SolidMax p\u0103trunde \u0219i dizolv\u0103 calcarul, calciul \u0219i petele de ap\u0103 dur\u0103, care v\u0103 afecteaz\u0103 robinetele, chiuvetele, c\u0103zile de baie, bideurile etc.<\/p>\n<p><img fetchpriority=\"high\" decoding=\"async\" class=\"alignnone size-medium wp-image-52669\" src=\"https:\/\/clickostore.com\/si\/wp-content\/uploads\/sites\/23\/2024\/01\/16-600x600.jpg\" alt=\"\" width=\"600\" height=\"600\" \/><\/p>\n<p>Formula sa unic\u0103 nu se opre\u0219te doar la \u00eendep\u0103rtarea calcarului &#8211; creeaz\u0103, de asemenea, o barier\u0103 protectoare care ajut\u0103 la prevenirea acumul\u0103rilor viitoare!<\/p>\n<p><img decoding=\"async\" class=\"alignnone size-medium wp-image-52671\" src=\"https:\/\/clickostore.com\/si\/wp-content\/uploads\/sites\/23\/2024\/01\/33-600x600.jpg\" alt=\"\" width=\"600\" height=\"600\" \/><\/p>\n<p>Nu este nevoie s\u0103 petrece\u021bi ore \u00eentregi frec\u00e2nd \u0219i r\u0103zuind &#8211; pur \u0219i simplu aplica\u021bi SolidMax, l\u0103sa\u021bi-l s\u0103-\u0219i fac\u0103 magia \u0219i \u0219terge\u021bi petele f\u0103r\u0103 efort.<\/p>\n<p><img decoding=\"async\" class=\"alignnone size-medium wp-image-52670\" src=\"https:\/\/clickostore.com\/si\/wp-content\/uploads\/sites\/23\/2024\/01\/32-600x600.jpg\" alt=\"\" width=\"600\" height=\"600\" \/><\/p>\n<p>P\u0103\u0219i\u021bi \u00eentr-o lume \u00een care cur\u0103\u021benia nu este o corvoad\u0103, ci o experien\u021b\u0103 satisf\u0103c\u0103toare. Alege\u021bi SolidMax &#8211; unde inova\u021bia \u00eent\u00e2lne\u0219te cur\u0103\u021benia!<\/p>\n<p><img loading=\"lazy\" decoding=\"async\" class=\"alignnone size-medium wp-image-52672\" src=\"https:\/\/clickostore.com\/si\/wp-content\/uploads\/sites\/23\/2024\/01\/34-600x600.jpg\" alt=\"\" width=\"600\" height=\"600\" \/><\/p>\n","protected":false},"excerpt":{"rendered":"<p>F\u0103-\u021bi baia super curat\u0103 \u0219i str\u0103lucitoare cu SolidMax. Este cel mai bun mod de a sc\u0103pa de calcar \u0219i de a face ca baia ta s\u0103 str\u0103luceasc\u0103 \u0219i s\u0103 arate uimitor. Pentru c\u0103 locuin\u021ba ta nu merit\u0103 nimic altceva dec\u00e2t ce e mai bun!<\/p>\n","protected":false},"featured_media":35925,"comment_status":"closed","ping_status":"closed","template":"","meta":{"_acf_changed":false,"inline_featured_image":false},"product_cat":[76],"product_tag":[],"class_list":{"0":"post-35926","1":"product","2":"type-product","3":"status-publish","4":"has-post-thumbnail","6":"product_cat-casa-si-gradina","8":"first","9":"instock","10":"sale","11":"shipping-taxable","12":"purchasable","13":"product-type-simple"},"acf":[],"_links":{"self":[{"href":"https:\/\/fixlabproducts.com\/ro\/wp-json\/wp\/v2\/product\/35926"}],"collection":[{"href":"https:\/\/fixlabproducts.com\/ro\/wp-json\/wp\/v2\/product"}],"about":[{"href":"https:\/\/fixlabproducts.com\/ro\/wp-json\/wp\/v2\/types\/product"}],"replies":[{"embeddable":true,"href":"https:\/\/fixlabproducts.com\/ro\/wp-json\/wp\/v2\/comments?post=35926"}],"wp:featuredmedia":[{"embeddable":true,"href":"https:\/\/fixlabproducts.com\/ro\/wp-json\/wp\/v2\/media\/35925"}],"wp:attachment":[{"href":"https:\/\/fixlabproducts.com\/ro\/wp-json\/wp\/v2\/media?parent=35926"}],"wp:term":[{"taxonomy":"product_cat","embeddable":true,"href":"https:\/\/fixlabproducts.com\/ro\/wp-json\/wp\/v2\/product_cat?post=35926"},{"taxonomy":"product_tag","embeddable":true,"href":"https:\/\/fixlabproducts.com\/ro\/wp-json\/wp\/v2\/product_tag?post=35926"}],"curies":[{"name":"wp","href":"https:\/\/api.w.org\/{rel}","templated":true}]}}