{"id":35924,"date":"2024-05-21T10:27:18","date_gmt":"2024-05-21T08:27:18","guid":{"rendered":"https:\/\/fixlabproducts.com\/ro\/product\/vivavex\/"},"modified":"2024-05-31T12:30:28","modified_gmt":"2024-05-31T10:30:28","slug":"vivavex","status":"publish","type":"product","link":"https:\/\/fixlabproducts.com\/ro\/product\/vivavex\/","title":{"rendered":"VivaVex &#8211; Cur\u0103\u021b\u0103tor de pavaje"},"content":{"rendered":"<p>Formula puternic\u0103 este special conceput\u0103 pentru a aborda o gam\u0103 larg\u0103 de suprafe\u021be, oferindu-v\u0103 o putere de cur\u0103\u021bare versatil\u0103!<\/p>\n<p><img fetchpriority=\"high\" decoding=\"async\" class=\"alignnone size-medium wp-image-58480\" src=\"https:\/\/clickostore.com\/ro\/wp-content\/uploads\/sites\/10\/2024\/04\/ro3-600x600.jpg\" alt=\"\" width=\"600\" height=\"600\" \/><\/p>\n<p>Potrivit pentru granit lustruit, marmur\u0103, travertin rustic, gresie robust\u0103, ceramic\u0103 elegant\u0103, teracot\u0103 elegant\u0103 \u0219i multe altele.<\/p>\n<p><img decoding=\"async\" class=\"alignnone size-medium wp-image-53058\" src=\"https:\/\/clickostore.com\/si\/wp-content\/uploads\/sites\/23\/2024\/04\/5-1-600x600.jpg\" alt=\"\" width=\"600\" height=\"600\" \/><\/p>\n<p>V\u0103 ajut\u0103 s\u0103 ob\u021bine\u021bi rezultate uimitoare pentru terasa, aleea de acces sau aleile din gr\u0103din\u0103, asigur\u00e2nd excelen\u021b\u0103 \u00een fiecare proiect.<\/p>\n<p><img decoding=\"async\" class=\"alignnone size-medium wp-image-53056\" src=\"https:\/\/clickostore.com\/si\/wp-content\/uploads\/sites\/23\/2024\/04\/2-1-600x600.jpg\" alt=\"\" width=\"600\" height=\"600\" \/><\/p>\n<p>VivaVex este sigur atunci c\u00e2nd este utilizat corect! \u00cen timp ce are putere \u00eempotriva petelor dificile, este delicat cu suprafe\u021bele dvs.<\/p>\n<p><img loading=\"lazy\" decoding=\"async\" class=\"alignnone size-medium wp-image-53057\" src=\"https:\/\/clickostore.com\/si\/wp-content\/uploads\/sites\/23\/2024\/04\/4-1-600x600.jpg\" alt=\"\" width=\"600\" height=\"600\" \/><\/p>\n","protected":false},"excerpt":{"rendered":"<p>Cu VivaVex, cur\u0103\u021barea pavajului dvs. nu a fost niciodat\u0103 mai u\u0219oar\u0103 \u0219i mai eficient\u0103. Spune\u021bi adio petelor uleioase, acumul\u0103rilor de gr\u0103sime, algelor inestetice, mucegaiului enervant \u0219i depunerilor minerale \u00eenc\u0103p\u0103\u021b\u00e2nate! Solu\u021bia perfect\u0103 pentru dumneavoastr\u0103!<\/p>\n","protected":false},"featured_media":35923,"comment_status":"closed","ping_status":"closed","template":"","meta":{"_acf_changed":false,"inline_featured_image":false},"product_cat":[74],"product_tag":[],"class_list":{"0":"post-35924","1":"product","2":"type-product","3":"status-publish","4":"has-post-thumbnail","6":"product_cat-jucarii","8":"first","9":"instock","10":"sale","11":"shipping-taxable","12":"purchasable","13":"product-type-simple"},"acf":[],"_links":{"self":[{"href":"https:\/\/fixlabproducts.com\/ro\/wp-json\/wp\/v2\/product\/35924"}],"collection":[{"href":"https:\/\/fixlabproducts.com\/ro\/wp-json\/wp\/v2\/product"}],"about":[{"href":"https:\/\/fixlabproducts.com\/ro\/wp-json\/wp\/v2\/types\/product"}],"replies":[{"embeddable":true,"href":"https:\/\/fixlabproducts.com\/ro\/wp-json\/wp\/v2\/comments?post=35924"}],"wp:featuredmedia":[{"embeddable":true,"href":"https:\/\/fixlabproducts.com\/ro\/wp-json\/wp\/v2\/media\/35923"}],"wp:attachment":[{"href":"https:\/\/fixlabproducts.com\/ro\/wp-json\/wp\/v2\/media?parent=35924"}],"wp:term":[{"taxonomy":"product_cat","embeddable":true,"href":"https:\/\/fixlabproducts.com\/ro\/wp-json\/wp\/v2\/product_cat?post=35924"},{"taxonomy":"product_tag","embeddable":true,"href":"https:\/\/fixlabproducts.com\/ro\/wp-json\/wp\/v2\/product_tag?post=35924"}],"curies":[{"name":"wp","href":"https:\/\/api.w.org\/{rel}","templated":true}]}}