{"id":35922,"date":"2024-05-21T10:25:41","date_gmt":"2024-05-21T08:25:41","guid":{"rendered":"https:\/\/fixlabproducts.com\/ro\/product\/easyclean\/"},"modified":"2024-05-31T12:30:23","modified_gmt":"2024-05-31T10:30:23","slug":"easyclean","status":"publish","type":"product","link":"https:\/\/fixlabproducts.com\/ro\/product\/easyclean\/","title":{"rendered":"EASYCLEAN &#8211; pentru cur\u0103\u021barea chiuvetelor \u0219i a scurgerilor"},"content":{"rendered":"","protected":false},"excerpt":{"rendered":"<div id=\"tw-container\" class=\"YQaNob\" data-cp=\"1\" data-is-ver=\"false\" data-nnttsvi=\"1\" data-sm=\"1\" data-sugg-time=\"500\" data-sugg-url=\"https:\/\/clients1.google.com\/complete\/search\" data-uilc=\"sl\">\n<div id=\"tw-ob\" class=\"tw-src-ltr\">\n<div class=\"oSioSc\">\n<div id=\"tw-target\">\n<div id=\"kAz1tf\" class=\"g9WsWb\">\n<div id=\"tw-target-text-container\" class=\"tw-ta-container hide-focus-ring tw-nfl\">\n<p>Dispozitivul de cur\u0103\u021bare a chiuvetelor \u0219i a scurgerilor EASYCLEAN este solu\u021bia perfect\u0103 pentru a men\u021bine func\u021bionarea optim\u0103 a sistemului dumneavoastr\u0103 de instala\u021bii sanitare. Acest produs de cur\u0103\u0163are cu formul\u0103 special\u0103 este conceput pentru a dizolva f\u0103r\u0103 efort materiile organice care cauzeaz\u0103 \u00eenfundarea, cum ar fi gr\u0103simea, p\u0103rul, h\u00e2rtia, reziduurile de s\u0103pun \u0219i uleiul. Produsul de cur\u0103\u0163are este puternic \u015fi eficient pe toate suprafe\u021bele, inclusiv pe \u021bevi, toalete, chiuvete, c\u0103zi de baie \u0219i alte canaliz\u0103ri principale.<\/p>\n<\/div>\n<\/div>\n<\/div>\n<\/div>\n<\/div>\n<\/div>\n","protected":false},"featured_media":35921,"comment_status":"closed","ping_status":"closed","template":"","meta":{"_acf_changed":false,"inline_featured_image":false},"product_cat":[16,76,74],"product_tag":[],"class_list":{"0":"post-35922","1":"product","2":"type-product","3":"status-publish","4":"has-post-thumbnail","6":"product_cat-uncategorized","7":"product_cat-casa-si-gradina","8":"product_cat-jucarii","10":"first","11":"instock","12":"sale","13":"shipping-taxable","14":"purchasable","15":"product-type-simple"},"acf":[],"_links":{"self":[{"href":"https:\/\/fixlabproducts.com\/ro\/wp-json\/wp\/v2\/product\/35922"}],"collection":[{"href":"https:\/\/fixlabproducts.com\/ro\/wp-json\/wp\/v2\/product"}],"about":[{"href":"https:\/\/fixlabproducts.com\/ro\/wp-json\/wp\/v2\/types\/product"}],"replies":[{"embeddable":true,"href":"https:\/\/fixlabproducts.com\/ro\/wp-json\/wp\/v2\/comments?post=35922"}],"wp:featuredmedia":[{"embeddable":true,"href":"https:\/\/fixlabproducts.com\/ro\/wp-json\/wp\/v2\/media\/35921"}],"wp:attachment":[{"href":"https:\/\/fixlabproducts.com\/ro\/wp-json\/wp\/v2\/media?parent=35922"}],"wp:term":[{"taxonomy":"product_cat","embeddable":true,"href":"https:\/\/fixlabproducts.com\/ro\/wp-json\/wp\/v2\/product_cat?post=35922"},{"taxonomy":"product_tag","embeddable":true,"href":"https:\/\/fixlabproducts.com\/ro\/wp-json\/wp\/v2\/product_tag?post=35922"}],"curies":[{"name":"wp","href":"https:\/\/api.w.org\/{rel}","templated":true}]}}