{"id":35892,"date":"2024-05-16T11:38:07","date_gmt":"2024-05-16T09:38:07","guid":{"rendered":"https:\/\/fixlabproducts.com\/ro\/product\/ultra-paste\/"},"modified":"2024-05-31T12:30:07","modified_gmt":"2024-05-31T10:30:07","slug":"ultra-paste","status":"publish","type":"product","link":"https:\/\/fixlabproducts.com\/ro\/product\/ultra-paste\/","title":{"rendered":"Ultra Paste"},"content":{"rendered":"<p>Ultra Paste este solu\u021bia suprem\u0103 pentru repararea fisurilor pe ceramic\u0103. Indiferent dac\u0103 ave\u021bi gresie ciobit\u0103, suprafe\u021be \u00eenfundate sau obiecte din por\u021belan sparte, Ultra Paste este aici pentru a salva ziua.<\/p>\n<p><img fetchpriority=\"high\" decoding=\"async\" class=\"alignnone size-medium wp-image-58188\" src=\"https:\/\/clickostore.com\/ro\/wp-content\/uploads\/sites\/10\/2023\/06\/1-2-600x600.jpg\" alt=\"\" width=\"600\" height=\"600\" \/><\/p>\n<p>Printr-o singur\u0103 mi\u0219care simpl\u0103, v\u0103 pute\u021bi reface pl\u0103cile ceramice \u0219i aparatele de uz casnic sparte. Pasta se usuc\u0103 rapid, ceea ce \u00eenseamn\u0103 c\u0103 nu va trebui s\u0103 a\u0219tepta\u021bi ore \u00eentregi pentru a se usca.<\/p>\n<p><img decoding=\"async\" class=\"alignnone size-medium wp-image-58191\" src=\"https:\/\/clickostore.com\/ro\/wp-content\/uploads\/sites\/10\/2023\/06\/4-1-600x600.jpg\" alt=\"\" width=\"600\" height=\"600\" \/><\/p>\n<p>Atunci c\u00e2nd este aplicat\u0103, pasta umple f\u0103r\u0103 probleme toate fisurile, marginile rupte \u0219i g\u0103urile. Odat\u0103 uscat\u0103, pasta Ultra Paste se potrive\u0219te perfect cu culoarea \u0219i textura pl\u0103cilor dvs. ceramice.<\/p>\n<p><img decoding=\"async\" class=\"alignnone size-medium wp-image-58193\" src=\"https:\/\/clickostore.com\/ro\/wp-content\/uploads\/sites\/10\/2023\/06\/6-2-600x600.jpg\" alt=\"\" width=\"600\" height=\"600\" \/><\/p>\n<p>Poate fi utilizat\u0103 pe diverse suprafe\u021be ceramice, inclusiv pe gresie, ce\u0219ti, farfurii, vase \u0219i multe altele. Indiferent de m\u0103rimea sau tipul de obiect ceramic pe care trebuie s\u0103-l repara\u021bi, Ultra Paste este la \u00een\u0103l\u021bimea sarcinii.<\/p>\n<p><img loading=\"lazy\" decoding=\"async\" class=\"alignnone size-medium wp-image-58189\" src=\"https:\/\/clickostore.com\/ro\/wp-content\/uploads\/sites\/10\/2023\/06\/2-1-600x600.jpg\" alt=\"\" width=\"600\" height=\"600\" \/><\/p>\n","protected":false},"excerpt":{"rendered":"<p>Ultra Paste este solu\u021bia suprem\u0103 pentru repararea fisurilor pe ceramic\u0103. Indiferent dac\u0103 ave\u021bi gresie ciobit\u0103, suprafe\u021be \u00eenfundate sau obiecte din por\u021belan sparte, Ultra Paste este aici pentru a salva ziua. Printr-o singur\u0103 mi\u0219care simpl\u0103, v\u0103 pute\u021bi reface pl\u0103cile ceramice \u0219i aparatele de uz casnic sparte. Pasta se usuc\u0103 rapid, ceea ce \u00eenseamn\u0103 c\u0103 nu va [&hellip;]<\/p>\n","protected":false},"featured_media":35891,"comment_status":"closed","ping_status":"closed","template":"","meta":{"_acf_changed":false,"inline_featured_image":false},"product_cat":[74],"product_tag":[],"class_list":{"0":"post-35892","1":"product","2":"type-product","3":"status-publish","4":"has-post-thumbnail","6":"product_cat-jucarii","8":"first","9":"instock","10":"sale","11":"shipping-taxable","12":"purchasable","13":"product-type-simple"},"acf":[],"_links":{"self":[{"href":"https:\/\/fixlabproducts.com\/ro\/wp-json\/wp\/v2\/product\/35892"}],"collection":[{"href":"https:\/\/fixlabproducts.com\/ro\/wp-json\/wp\/v2\/product"}],"about":[{"href":"https:\/\/fixlabproducts.com\/ro\/wp-json\/wp\/v2\/types\/product"}],"replies":[{"embeddable":true,"href":"https:\/\/fixlabproducts.com\/ro\/wp-json\/wp\/v2\/comments?post=35892"}],"wp:featuredmedia":[{"embeddable":true,"href":"https:\/\/fixlabproducts.com\/ro\/wp-json\/wp\/v2\/media\/35891"}],"wp:attachment":[{"href":"https:\/\/fixlabproducts.com\/ro\/wp-json\/wp\/v2\/media?parent=35892"}],"wp:term":[{"taxonomy":"product_cat","embeddable":true,"href":"https:\/\/fixlabproducts.com\/ro\/wp-json\/wp\/v2\/product_cat?post=35892"},{"taxonomy":"product_tag","embeddable":true,"href":"https:\/\/fixlabproducts.com\/ro\/wp-json\/wp\/v2\/product_tag?post=35892"}],"curies":[{"name":"wp","href":"https:\/\/api.w.org\/{rel}","templated":true}]}}