{"id":34667,"date":"2023-03-01T13:31:51","date_gmt":"2023-03-01T12:31:51","guid":{"rendered":"https:\/\/fixlabproducts.com\/ro\/?post_type=product&#038;p=34667"},"modified":"2025-01-27T10:57:35","modified_gmt":"2025-01-27T09:57:35","slug":"floor-max","status":"publish","type":"product","link":"https:\/\/fixlabproducts.com\/ro\/product\/floor-max\/","title":{"rendered":"FLOOR MAX &#8211; Emulsie lucioas\u0103 pentru pardosele 500ml"},"content":{"rendered":"","protected":false},"excerpt":{"rendered":"<p>V\u0103 prezent\u0103m emulsia noastr\u0103 revolu\u021bionar\u0103 Floor Max, care ofer\u0103 o finisare rezistent\u0103, antiderapant\u0103 \u0219i lucioas\u0103 pentru toate podelele cu suprafa\u021b\u0103 neted\u0103 impermeabil\u0103. Adecvat\u0103 pentru cele mai multe tipuri de pardoseal\u0103! Tehnologia de produc\u021bie folosit\u0103 asigur\u0103 rezisten\u021b\u0103 superioar\u0103 la zg\u00e2rieturi \u0219i murd\u0103rie \u0219i ofer\u0103 o finisare lucioas\u0103 care face podelele tale s\u0103 arate ca noi!<\/p>\n","protected":false},"featured_media":34673,"comment_status":"closed","ping_status":"closed","template":"","meta":{"_acf_changed":false,"inline_featured_image":false},"product_cat":[159,76],"product_tag":[],"class_list":{"0":"post-34667","1":"product","2":"type-product","3":"status-publish","4":"has-post-thumbnail","6":"product_cat-dom-in-vrt","7":"product_cat-casa-si-gradina","9":"first","10":"instock","11":"sale","12":"shipping-taxable","13":"purchasable","14":"product-type-simple"},"acf":[],"_links":{"self":[{"href":"https:\/\/fixlabproducts.com\/ro\/wp-json\/wp\/v2\/product\/34667"}],"collection":[{"href":"https:\/\/fixlabproducts.com\/ro\/wp-json\/wp\/v2\/product"}],"about":[{"href":"https:\/\/fixlabproducts.com\/ro\/wp-json\/wp\/v2\/types\/product"}],"replies":[{"embeddable":true,"href":"https:\/\/fixlabproducts.com\/ro\/wp-json\/wp\/v2\/comments?post=34667"}],"wp:featuredmedia":[{"embeddable":true,"href":"https:\/\/fixlabproducts.com\/ro\/wp-json\/wp\/v2\/media\/34673"}],"wp:attachment":[{"href":"https:\/\/fixlabproducts.com\/ro\/wp-json\/wp\/v2\/media?parent=34667"}],"wp:term":[{"taxonomy":"product_cat","embeddable":true,"href":"https:\/\/fixlabproducts.com\/ro\/wp-json\/wp\/v2\/product_cat?post=34667"},{"taxonomy":"product_tag","embeddable":true,"href":"https:\/\/fixlabproducts.com\/ro\/wp-json\/wp\/v2\/product_tag?post=34667"}],"curies":[{"name":"wp","href":"https:\/\/api.w.org\/{rel}","templated":true}]}}