{"id":34440,"date":"2023-01-17T10:59:21","date_gmt":"2023-01-17T09:59:21","guid":{"rendered":"https:\/\/fixlabproducts.com\/ro\/?post_type=product&#038;p=34440"},"modified":"2024-07-12T10:11:27","modified_gmt":"2024-07-12T08:11:27","slug":"rust-paint","status":"publish","type":"product","link":"https:\/\/fixlabproducts.com\/ro\/product\/rust-paint\/","title":{"rendered":"Vopsea special\u0103 pentru acoperirea ruginii (300ml)"},"content":{"rendered":"","protected":false},"excerpt":{"rendered":"<p>Te-ai s\u0103turat de pete ur\u00e2te de rugin\u0103 \u0219i coroziune pe suprafe\u021bele tale metalice? Produsul nostru multifunc\u021bional Rust Paint nu doar stabilizeaz\u0103 suprafa\u021ba, ci ofer\u0103 \u0219i protec\u021bie de lung\u0103 durat\u0103 \u00eentr-un singur pas simplu. Indiferent dac\u0103 e\u0219ti un antreprenor profesionist sau doar un amator pasionat de bricolaj, formula noastr\u0103 cu siguran\u021b\u0103 \u00ee\u021bi va satisface toate cerin\u021bele!<\/p>\n","protected":false},"featured_media":36192,"comment_status":"closed","ping_status":"closed","template":"","meta":{"_acf_changed":false,"inline_featured_image":false},"product_cat":[76],"product_tag":[],"class_list":{"0":"post-34440","1":"product","2":"type-product","3":"status-publish","4":"has-post-thumbnail","6":"product_cat-casa-si-gradina","8":"first","9":"instock","10":"sale","11":"shipping-taxable","12":"purchasable","13":"product-type-variable","14":"has-default-attributes","15":"rtwpvs-product"},"acf":[],"_links":{"self":[{"href":"https:\/\/fixlabproducts.com\/ro\/wp-json\/wp\/v2\/product\/34440"}],"collection":[{"href":"https:\/\/fixlabproducts.com\/ro\/wp-json\/wp\/v2\/product"}],"about":[{"href":"https:\/\/fixlabproducts.com\/ro\/wp-json\/wp\/v2\/types\/product"}],"replies":[{"embeddable":true,"href":"https:\/\/fixlabproducts.com\/ro\/wp-json\/wp\/v2\/comments?post=34440"}],"wp:featuredmedia":[{"embeddable":true,"href":"https:\/\/fixlabproducts.com\/ro\/wp-json\/wp\/v2\/media\/36192"}],"wp:attachment":[{"href":"https:\/\/fixlabproducts.com\/ro\/wp-json\/wp\/v2\/media?parent=34440"}],"wp:term":[{"taxonomy":"product_cat","embeddable":true,"href":"https:\/\/fixlabproducts.com\/ro\/wp-json\/wp\/v2\/product_cat?post=34440"},{"taxonomy":"product_tag","embeddable":true,"href":"https:\/\/fixlabproducts.com\/ro\/wp-json\/wp\/v2\/product_tag?post=34440"}],"curies":[{"name":"wp","href":"https:\/\/api.w.org\/{rel}","templated":true}]}}