{"id":431,"date":"2020-08-11T07:19:11","date_gmt":"2020-08-11T07:19:11","guid":{"rendered":"https:\/\/aleiashop.com\/ro\/?page_id=431"},"modified":"2021-11-23T10:18:07","modified_gmt":"2021-11-23T09:18:07","slug":"returns","status":"publish","type":"page","link":"https:\/\/fixlabproducts.com\/ro\/returns\/","title":{"rendered":"Returns"},"content":{"rendered":"<h4>Returnare \u0219i schimbare<\/h4>\n<p>\u00cen termen de 14 zile de la data primirii coletului, ave\u021bi op\u021biunea de returnare a articolelor achizi\u021bionate, timp in care ave\u021bi dreptul s\u0103 \u00eenlocui\u021bi produsul sau s\u0103 cere\u021bi restituirea contravalorii produsului. Produsul pe care dori\u021bi s\u0103-l returna\u021bi sau \u00eenlocui\u021bi trebuie s\u0103 fie nedeteriorat. Acesta trebuie returnat \u00een ambalajul original, cu toate echipamentele ata\u0219ate. \u00cen caz contrar, cererea va fi respins\u0103 sau respins\u0103 par\u021bial. \u00cen termen de 14 zile de la primirea coletului, v\u0103 rug\u0103m s\u0103 ne informa\u021bi \u00een scris prin e-mail \u0219i s\u0103 returna\u021bi produsul la adresa noastr\u0103: GM WEB d.o.o., Ljubljanska cesta 45, 1241 Kamnik, Slovenia. \u00cen cazul ramburs\u0103rii, accesa\u021bi \u0219i completa\u021bi urm\u0103torul link: \u00cen cazul schimb\u0103rii produsului, accesa\u021bi \u0219i completa\u021bi urm\u0103torul link: \u00cen pachet, nota\u021bi codul de reclama\u021bie pe care \u00eel primi\u021bi \u00een e-mail, dup\u0103 ce a\u021bi completat formularul. Expedierile f\u0103r\u0103 cod de reclama\u021bie, nu pot fi identificate. \u00cen consecin\u021b\u0103, dac\u0103 lipsesc informa\u021biile necesare sau contul bancar \u0219i nume \/ prenume titular cont nu sunt corecte, va exista \u00eent\u00e2rziere pentru perioada de rambursare, astfel v\u0103 rug\u0103m s\u0103 verifica\u021bi de dou\u0103 ori dac\u0103 toate datele introduse sunt corecte. Costul de expediere este suportat de c\u0103tre client. Expedi\u021biile cu r\u0103scump\u0103rare nu sunt acceptate. \u00cen cazul \u00een care nu primim anularea \u00een scris a comenzii \u00een termen de 14 zile de la primirea expedierii, rambursarea sau \u00eenlocuirea nu se poate efectua. \u00cen termen de 14 zile de la primirea declara\u021biei si a datelor dvs., produsul va fi \u00eenlocuit sau banii vor fi returna\u021bi. Returnarea banilor se va face automat in contul bancar pe care dvs. l-a\u021bi completat \u00een formularul de returnare.<\/p>\n<h4>Reclama\u021bie privind garan\u021bia<\/h4>\n<p>\u00cen cazul \u00een care produsul dvs. nu func\u021bioneaz\u0103 corect, pute\u021bi solicita garan\u021bia. Toate dispozitivele electronice din oferta noastr\u0103, au 24 de luni de garan\u021bie. Garan\u021bia nu se aplic\u0103 \u00een cazul:<br \/>\n\u2022 loviri;<br \/>\n\u2022 uzur\u0103 datorit\u0103 utiliz\u0103rii;<br \/>\n\u2022 erori rezultate din folosirea necorespunz\u0103toare \u0219i neglijent\u0103 a articolului.<br \/>\nProdusul trebuie returnat \u00een ambalajul original \u0219i nedeteriorat, cu toate echipamentele ata\u0219ate. \u00cen caz contrar, cererea va fi respins\u0103 sau respins\u0103 par\u021bial. \u00cen cazul unei reclama\u021bii, v\u0103 rug\u0103m s\u0103 ne trimite\u021bi produsul la adresa noastr\u0103: GM WEB d.o.o., Ljubljanska cesta 45, 1241 Kamnik, Slovenia. \u00cen cazul schimb\u0103rii produsului, accesa\u021bi \u0219i completa\u021bi urm\u0103torul link: \u00cen pachet, nota\u021bi codul de reclama\u021bie pe care \u00eel primi\u021bi in e-mail, dup\u0103 ce a\u021bi completat formularul. Costul de expediere este suportat de c\u0103tre client. Expedi\u021biile cu r\u0103scump\u0103rare nu sunt acceptate. \u00cen cazul \u00een care nu primim anularea \u00een scris a comenzii \u00een termen de 14 zile de la primirea expedierii, rambursarea sau \u00eenlocuirea nu se poate realiza. \u00cen termen de 14 zile de la primirea declara\u021biei si a datelor dvs., produsul va fi \u00eenlocuit sau banii vor fi returna\u021bi. Returnarea banilor se va face automat in contul bancar pe care dvs. l-a\u021bi completat \u00een formularul de returnare.<\/p>\n","protected":false},"excerpt":{"rendered":"<p>Returnare \u0219i schimbare \u00cen termen de 14 zile de la data primirii coletului, ave\u021bi op\u021biunea de returnare a articolelor achizi\u021bionate, timp in care ave\u021bi dreptul s\u0103 \u00eenlocui\u021bi produsul sau s\u0103 cere\u021bi restituirea contravalorii produsului. Produsul pe care dori\u021bi s\u0103-l returna\u021bi sau \u00eenlocui\u021bi trebuie s\u0103 fie nedeteriorat. Acesta trebuie returnat \u00een ambalajul original, cu toate echipamentele [&hellip;]<\/p>\n","protected":false},"author":1,"featured_media":0,"parent":0,"menu_order":0,"comment_status":"closed","ping_status":"closed","template":"","meta":{"_acf_changed":false,"inline_featured_image":false,"footnotes":""},"class_list":["post-431","page","type-page","status-publish","hentry"],"acf":[],"_links":{"self":[{"href":"https:\/\/fixlabproducts.com\/ro\/wp-json\/wp\/v2\/pages\/431"}],"collection":[{"href":"https:\/\/fixlabproducts.com\/ro\/wp-json\/wp\/v2\/pages"}],"about":[{"href":"https:\/\/fixlabproducts.com\/ro\/wp-json\/wp\/v2\/types\/page"}],"author":[{"embeddable":true,"href":"https:\/\/fixlabproducts.com\/ro\/wp-json\/wp\/v2\/users\/1"}],"replies":[{"embeddable":true,"href":"https:\/\/fixlabproducts.com\/ro\/wp-json\/wp\/v2\/comments?post=431"}],"version-history":[{"count":5,"href":"https:\/\/fixlabproducts.com\/ro\/wp-json\/wp\/v2\/pages\/431\/revisions"}],"predecessor-version":[{"id":22137,"href":"https:\/\/fixlabproducts.com\/ro\/wp-json\/wp\/v2\/pages\/431\/revisions\/22137"}],"wp:attachment":[{"href":"https:\/\/fixlabproducts.com\/ro\/wp-json\/wp\/v2\/media?parent=431"}],"curies":[{"name":"wp","href":"https:\/\/api.w.org\/{rel}","templated":true}]}}