{"id":22636,"date":"2025-01-24T09:04:17","date_gmt":"2025-01-24T08:04:17","guid":{"rendered":"https:\/\/fixlabproducts.com\/pl\/produkt\/banishmold\/"},"modified":"2025-01-27T07:46:33","modified_gmt":"2025-01-27T06:46:33","slug":"banishmold","status":"publish","type":"product","link":"https:\/\/fixlabproducts.com\/pl\/produkt\/banishmold\/","title":{"rendered":"BanishMold &#8211; \u017cel do czyszczenia ple\u015bni"},"content":{"rendered":"<p>BanishMold to \u017cel bez szorowania, kt\u00f3ry szybko rozpuszcza plamy z ple\u015bni &#8211; wystarczy na\u0142o\u017cy\u0107, poczeka\u0107 i obserwowa\u0107, jak plamy znikaj\u0105.<\/p>\n<p><img fetchpriority=\"high\" decoding=\"async\" class=\"alignnone size-medium wp-image-47779\" src=\"https:\/\/vellostore.com\/pl\/wp-content\/uploads\/sites\/4\/2024\/11\/6-600x600.png\" alt=\"\" width=\"600\" height=\"600\" \/><\/p>\n<p>Nasz g\u0119sty \u017cel przylega do powierzchni, g\u0142\u0119boko penetruj\u0105c fugi i naro\u017cniki p\u0142ytek, skutecznie i wydajnie zwalczaj\u0105c ple\u015b\u0144.<\/p>\n<p><img decoding=\"async\" class=\"alignnone size-medium wp-image-47776\" src=\"https:\/\/vellostore.com\/pl\/wp-content\/uploads\/sites\/4\/2024\/11\/3-600x600.png\" alt=\"\" width=\"600\" height=\"600\" \/><\/p>\n<p>Usuwa plamy i zapobiega ich przysz\u0142emu rozwojowi, utrzymuj\u0105c dom d\u0142u\u017cej wolny od ple\u015bni i zapewniaj\u0105c zdrowsze \u015brodowisko.<\/p>\n<p><img decoding=\"async\" class=\"alignnone size-medium wp-image-47778\" src=\"https:\/\/vellostore.com\/pl\/wp-content\/uploads\/sites\/4\/2024\/11\/5-600x600.png\" alt=\"\" width=\"600\" height=\"600\" \/><\/p>\n<p>Idealny do \u0142azienek, kuchni, fug, pralek, lod\u00f3wek, prysznic\u00f3w, zlew\u00f3w i uszczelniaczy.<\/p>\n<p><img loading=\"lazy\" decoding=\"async\" class=\"alignnone size-medium wp-image-47777\" src=\"https:\/\/vellostore.com\/pl\/wp-content\/uploads\/sites\/4\/2024\/11\/4-600x600.png\" alt=\"\" width=\"600\" height=\"600\" \/><\/p>\n","protected":false},"excerpt":{"rendered":"<p>Po\u017cegnaj si\u0119 z szorowaniem i szkodliwymi chemikaliami \u2013 BanishMold zosta\u0142 zaprojektowany tak, aby by\u0142 skuteczny, bezpieczny i \u0142atwy w u\u017cyciu, dzi\u0119ki czemu mo\u017cesz przywr\u00f3ci\u0107 czysto\u015b\u0107 i \u015bwie\u017co\u015b\u0107 swoim przestrzeniom przy minimalnym wysi\u0142ku.<\/p>\n","protected":false},"featured_media":22635,"comment_status":"closed","ping_status":"closed","template":"","meta":{"_acf_changed":false,"inline_featured_image":false},"product_cat":[189],"product_tag":[],"class_list":{"0":"post-22636","1":"product","2":"type-product","3":"status-publish","4":"has-post-thumbnail","6":"product_cat-hracky","8":"first","9":"instock","10":"sale","11":"shipping-taxable","12":"purchasable","13":"product-type-simple"},"acf":[],"_links":{"self":[{"href":"https:\/\/fixlabproducts.com\/pl\/wp-json\/wp\/v2\/product\/22636"}],"collection":[{"href":"https:\/\/fixlabproducts.com\/pl\/wp-json\/wp\/v2\/product"}],"about":[{"href":"https:\/\/fixlabproducts.com\/pl\/wp-json\/wp\/v2\/types\/product"}],"replies":[{"embeddable":true,"href":"https:\/\/fixlabproducts.com\/pl\/wp-json\/wp\/v2\/comments?post=22636"}],"wp:featuredmedia":[{"embeddable":true,"href":"https:\/\/fixlabproducts.com\/pl\/wp-json\/wp\/v2\/media\/22635"}],"wp:attachment":[{"href":"https:\/\/fixlabproducts.com\/pl\/wp-json\/wp\/v2\/media?parent=22636"}],"wp:term":[{"taxonomy":"product_cat","embeddable":true,"href":"https:\/\/fixlabproducts.com\/pl\/wp-json\/wp\/v2\/product_cat?post=22636"},{"taxonomy":"product_tag","embeddable":true,"href":"https:\/\/fixlabproducts.com\/pl\/wp-json\/wp\/v2\/product_tag?post=22636"}],"curies":[{"name":"wp","href":"https:\/\/api.w.org\/{rel}","templated":true}]}}