{"id":22632,"date":"2025-01-24T08:40:27","date_gmt":"2025-01-24T07:40:27","guid":{"rendered":"https:\/\/fixlabproducts.com\/pl\/produkt\/climatop-2\/"},"modified":"2025-01-27T07:59:42","modified_gmt":"2025-01-27T06:59:42","slug":"climatop","status":"publish","type":"product","link":"https:\/\/fixlabproducts.com\/pl\/produkt\/climatop\/","title":{"rendered":"ClimaTop &#8211; Piankowy czyszcz\u0105cy do klimatyzatora"},"content":{"rendered":"<p>ClimaTop zawiera silne \u015brodki, kt\u00f3re wnikaj\u0105 g\u0142\u0119boko w cewki i \u017cebra klimatyzatora.<\/p>\n<p><img fetchpriority=\"high\" decoding=\"async\" class=\"alignnone size-medium wp-image-53163\" src=\"https:\/\/clickostore.com\/si\/wp-content\/uploads\/sites\/23\/2024\/05\/PLANT-FERTILIZER-2-600x600.jpg\" alt=\"\" width=\"600\" height=\"600\" \/><\/p>\n<p>Eliminuj\u0105c ple\u015b\u0144 i bakterie, ClimaTop zapewnia zdrowsze \u015brodowisko dla Ciebie i Twoich bliskich.<\/p>\n<p><img decoding=\"async\" class=\"alignnone size-medium wp-image-43099\" src=\"https:\/\/clickostore.com\/pl\/wp-content\/uploads\/sites\/4\/2024\/05\/17-600x600.jpg\" alt=\"\" width=\"600\" height=\"600\" \/><\/p>\n<p>Czysty klimatyzator dzia\u0142a wydajniej, zu\u017cywaj\u0105c mniej energii i obni\u017caj\u0105c rachunki za pr\u0105d.<\/p>\n<p><img decoding=\"async\" class=\"alignnone size-medium wp-image-53158\" src=\"https:\/\/clickostore.com\/si\/wp-content\/uploads\/sites\/23\/2024\/05\/3-600x600.png\" alt=\"\" width=\"600\" height=\"600\" \/><\/p>\n<p>Jego niekorozyjna formu\u0142a sprawia, \u017ce mo\u017ce by\u0107 bezpiecznie stosowany na r\u00f3\u017cnych powierzchniach, nie powoduj\u0105c \u017cadnych uszkodze\u0144.<\/p>\n<p><img loading=\"lazy\" decoding=\"async\" class=\"alignnone size-medium wp-image-43098\" src=\"https:\/\/clickostore.com\/pl\/wp-content\/uploads\/sites\/4\/2024\/05\/14-600x600.jpg\" alt=\"\" width=\"600\" height=\"600\" \/><\/p>\n<p>&nbsp;<\/p>\n<p>&nbsp;<\/p>\n<p>&nbsp;<\/p>\n","protected":false},"excerpt":{"rendered":"<p>ClimaTop to idealne rozwi\u0105zanie do utrzymania systemu klimatyzacji w szczytowej formie. ClimaTop zosta\u0142 specjalnie zaprojektowany, aby zwi\u0119kszy\u0107 wydajno\u015b\u0107 klimatyzatora, zapewniaj\u0105c \u015bwie\u017ce, ch\u0142odne powietrze!\ud83d\udca8\ud83c\udf43<\/p>\n","protected":false},"featured_media":22631,"comment_status":"closed","ping_status":"closed","template":"","meta":{"_acf_changed":false,"inline_featured_image":false},"product_cat":[75],"product_tag":[],"class_list":{"0":"post-22632","1":"product","2":"type-product","3":"status-publish","4":"has-post-thumbnail","6":"product_cat-zabawki","8":"first","9":"instock","10":"sale","11":"shipping-taxable","12":"purchasable","13":"product-type-simple"},"acf":[],"_links":{"self":[{"href":"https:\/\/fixlabproducts.com\/pl\/wp-json\/wp\/v2\/product\/22632"}],"collection":[{"href":"https:\/\/fixlabproducts.com\/pl\/wp-json\/wp\/v2\/product"}],"about":[{"href":"https:\/\/fixlabproducts.com\/pl\/wp-json\/wp\/v2\/types\/product"}],"replies":[{"embeddable":true,"href":"https:\/\/fixlabproducts.com\/pl\/wp-json\/wp\/v2\/comments?post=22632"}],"wp:featuredmedia":[{"embeddable":true,"href":"https:\/\/fixlabproducts.com\/pl\/wp-json\/wp\/v2\/media\/22631"}],"wp:attachment":[{"href":"https:\/\/fixlabproducts.com\/pl\/wp-json\/wp\/v2\/media?parent=22632"}],"wp:term":[{"taxonomy":"product_cat","embeddable":true,"href":"https:\/\/fixlabproducts.com\/pl\/wp-json\/wp\/v2\/product_cat?post=22632"},{"taxonomy":"product_tag","embeddable":true,"href":"https:\/\/fixlabproducts.com\/pl\/wp-json\/wp\/v2\/product_tag?post=22632"}],"curies":[{"name":"wp","href":"https:\/\/api.w.org\/{rel}","templated":true}]}}