{"id":22628,"date":"2025-01-24T08:38:28","date_gmt":"2025-01-24T07:38:28","guid":{"rendered":"https:\/\/fixlabproducts.com\/pl\/produkt\/pipeaid\/"},"modified":"2025-01-27T08:49:26","modified_gmt":"2025-01-27T07:49:26","slug":"pipeaid","status":"publish","type":"product","link":"https:\/\/fixlabproducts.com\/pl\/produkt\/pipeaid\/","title":{"rendered":"PipeAID &#8211; \u015arodek do udra\u017cniania kanalizacji"},"content":{"rendered":"<p>PipeAID zosta\u0142 opracowany z delikatn\u0105, ale siln\u0105 kompozycj\u0105, kt\u00f3ra jest \u0142agodna dla system\u00f3w hydraulicznych, ale trudna do zatkania.<\/p>\n<p><img fetchpriority=\"high\" decoding=\"async\" class=\"alignnone size-medium wp-image-43083\" src=\"https:\/\/clickostore.com\/pl\/wp-content\/uploads\/sites\/4\/2024\/05\/PL2-1-600x600.jpg\" alt=\"\" width=\"600\" height=\"600\" \/><\/p>\n<p>Unikalne dzia\u0142anie pieni\u0105ce rozszerza si\u0119 w rurach i skutecznie czy\u015bci zator. Idealny do kuchni, \u0142azienek itp.<\/p>\n<p><img decoding=\"async\" class=\"alignnone size-medium wp-image-53147\" src=\"https:\/\/clickostore.com\/si\/wp-content\/uploads\/sites\/23\/2024\/05\/3-600x600.jpg\" alt=\"\" width=\"600\" height=\"600\" \/><\/p>\n<p>PipeAID radzi sobie r\u00f3wnie\u017c z nieprzyjemnymi zapachami, kt\u00f3re towarzysz\u0105 blokadom odp\u0142yw\u00f3w, a innowacyjna formu\u0142a poprawia przep\u0142yw wody.<\/p>\n<p><img decoding=\"async\" class=\"alignnone size-medium wp-image-53148\" src=\"https:\/\/clickostore.com\/si\/wp-content\/uploads\/sites\/23\/2024\/05\/4-600x600.jpg\" alt=\"\" width=\"600\" height=\"600\" \/><\/p>\n<p>PipeAID to szybki, bezpieczny i skuteczny spos\u00f3b na utrzymanie dro\u017cno\u015bci odp\u0142yw\u00f3w i czystego domu bez nieprzyjemnych zapach\u00f3w. Wszystko w jednym!<\/p>\n<p><img loading=\"lazy\" decoding=\"async\" class=\"alignnone size-medium wp-image-53149\" src=\"https:\/\/clickostore.com\/si\/wp-content\/uploads\/sites\/23\/2024\/05\/5-1-600x600.jpg\" alt=\"\" width=\"600\" height=\"600\" \/><\/p>\n","protected":false},"excerpt":{"rendered":"<p>Niezale\u017cnie od tego, czy chodzi o zatkany zlew kuchenny, wolno opr\u00f3\u017cniaj\u0105c\u0105 si\u0119 \u0142azienk\u0119, czy nawet zapchan\u0105 lini\u0119 kanalizacyjn\u0105, PipeAID jest wszechstronny i skuteczny dla wszystkich. Oszcz\u0119d\u017a sobie czasu, koszt\u00f3w i k\u0142opot\u00f3w zwi\u0105zanych z profesjonalnymi naprawami hydraulicznymi!<\/p>\n","protected":false},"featured_media":22627,"comment_status":"closed","ping_status":"closed","template":"","meta":{"_acf_changed":false,"inline_featured_image":false},"product_cat":[77],"product_tag":[],"class_list":{"0":"post-22628","1":"product","2":"type-product","3":"status-publish","4":"has-post-thumbnail","6":"product_cat-dom-i-ogrod","8":"first","9":"instock","10":"sale","11":"shipping-taxable","12":"purchasable","13":"product-type-simple"},"acf":[],"_links":{"self":[{"href":"https:\/\/fixlabproducts.com\/pl\/wp-json\/wp\/v2\/product\/22628"}],"collection":[{"href":"https:\/\/fixlabproducts.com\/pl\/wp-json\/wp\/v2\/product"}],"about":[{"href":"https:\/\/fixlabproducts.com\/pl\/wp-json\/wp\/v2\/types\/product"}],"replies":[{"embeddable":true,"href":"https:\/\/fixlabproducts.com\/pl\/wp-json\/wp\/v2\/comments?post=22628"}],"wp:featuredmedia":[{"embeddable":true,"href":"https:\/\/fixlabproducts.com\/pl\/wp-json\/wp\/v2\/media\/22627"}],"wp:attachment":[{"href":"https:\/\/fixlabproducts.com\/pl\/wp-json\/wp\/v2\/media?parent=22628"}],"wp:term":[{"taxonomy":"product_cat","embeddable":true,"href":"https:\/\/fixlabproducts.com\/pl\/wp-json\/wp\/v2\/product_cat?post=22628"},{"taxonomy":"product_tag","embeddable":true,"href":"https:\/\/fixlabproducts.com\/pl\/wp-json\/wp\/v2\/product_tag?post=22628"}],"curies":[{"name":"wp","href":"https:\/\/api.w.org\/{rel}","templated":true}]}}