{"id":22626,"date":"2025-01-24T08:29:14","date_gmt":"2025-01-24T07:29:14","guid":{"rendered":"https:\/\/fixlabproducts.com\/pl\/produkt\/greaseoff\/"},"modified":"2025-01-27T08:49:33","modified_gmt":"2025-01-27T07:49:33","slug":"greaseoff","status":"publish","type":"product","link":"https:\/\/fixlabproducts.com\/pl\/produkt\/greaseoff\/","title":{"rendered":"GreaseOFF &#8211; Uniwersalny odt\u0142uszczacz"},"content":{"rendered":"<p>Jego formu\u0142a jest idealna zar\u00f3wno do u\u017cytku domowego, jak i profesjonalnego, przecinaj\u0105c warstwy nagromadzonego t\u0142uszczu!<\/p>\n<p><img fetchpriority=\"high\" decoding=\"async\" class=\"alignnone size-medium wp-image-43268\" src=\"https:\/\/clickostore.com\/pl\/wp-content\/uploads\/sites\/4\/2024\/09\/PL2-600x600.jpg\" alt=\"\" width=\"600\" height=\"600\" \/><\/p>\n<p>U\u017cywaj GreaseOFF na kuchenkach, piekarnikach, grillach, silnikach samochodowych, \u0142a\u0144cuchach rowerowych, a nawet maszynach przemys\u0142owych.<\/p>\n<p><img decoding=\"async\" class=\"alignnone size-medium wp-image-61049\" src=\"https:\/\/clickostore.com\/sk\/wp-content\/uploads\/sites\/6\/2024\/09\/3-1-600x600.jpg\" alt=\"\" width=\"600\" height=\"600\" \/><\/p>\n<p>Spryskaj bezpo\u015brednio dotkni\u0119ty obszar, odczekaj kilka chwil, a nast\u0119pnie wytrzyj do czysta &#8211; szybko i bez wysi\u0142ku.<\/p>\n<p><img decoding=\"async\" class=\"alignnone size-medium wp-image-43269\" src=\"https:\/\/clickostore.com\/pl\/wp-content\/uploads\/sites\/4\/2024\/09\/PL4-600x600.jpg\" alt=\"\" width=\"600\" height=\"600\" \/><\/p>\n<p>Po co u\u017cywa\u0107 wielu \u015brodk\u00f3w czyszcz\u0105cych, skoro GreaseOFF robi to wszystko? Jest skuteczny, ekonomiczny i zajmuje niewiele miejsca.<\/p>\n<p><img loading=\"lazy\" decoding=\"async\" class=\"alignnone size-medium wp-image-61054\" src=\"https:\/\/clickostore.com\/sk\/wp-content\/uploads\/sites\/6\/2024\/09\/EU5-600x600.jpg\" alt=\"\" width=\"600\" height=\"600\" \/><\/p>\n","protected":false},"excerpt":{"rendered":"<p>\u017begnaj uporczywy smarze i brudzie! Zaawansowana formu\u0142a GreaseOFF wnika g\u0142\u0119boko w t\u0142uszcz, rozbijaj\u0105c go na poziomie molekularnym, aby zapewni\u0107 nieskazitelne, wolne od pozosta\u0142o\u015bci wyko\u0144czenie na ka\u017cdej powierzchni.<\/p>\n","protected":false},"featured_media":22625,"comment_status":"closed","ping_status":"closed","template":"","meta":{"_acf_changed":false,"inline_featured_image":false},"product_cat":[190],"product_tag":[],"class_list":{"0":"post-22626","1":"product","2":"type-product","3":"status-publish","4":"has-post-thumbnail","6":"product_cat-dom-a-zahrada","8":"first","9":"instock","10":"sale","11":"shipping-taxable","12":"purchasable","13":"product-type-simple"},"acf":[],"_links":{"self":[{"href":"https:\/\/fixlabproducts.com\/pl\/wp-json\/wp\/v2\/product\/22626"}],"collection":[{"href":"https:\/\/fixlabproducts.com\/pl\/wp-json\/wp\/v2\/product"}],"about":[{"href":"https:\/\/fixlabproducts.com\/pl\/wp-json\/wp\/v2\/types\/product"}],"replies":[{"embeddable":true,"href":"https:\/\/fixlabproducts.com\/pl\/wp-json\/wp\/v2\/comments?post=22626"}],"wp:featuredmedia":[{"embeddable":true,"href":"https:\/\/fixlabproducts.com\/pl\/wp-json\/wp\/v2\/media\/22625"}],"wp:attachment":[{"href":"https:\/\/fixlabproducts.com\/pl\/wp-json\/wp\/v2\/media?parent=22626"}],"wp:term":[{"taxonomy":"product_cat","embeddable":true,"href":"https:\/\/fixlabproducts.com\/pl\/wp-json\/wp\/v2\/product_cat?post=22626"},{"taxonomy":"product_tag","embeddable":true,"href":"https:\/\/fixlabproducts.com\/pl\/wp-json\/wp\/v2\/product_tag?post=22626"}],"curies":[{"name":"wp","href":"https:\/\/api.w.org\/{rel}","templated":true}]}}