{"id":22623,"date":"2025-01-24T07:49:04","date_gmt":"2025-01-24T06:49:04","guid":{"rendered":"https:\/\/fixlabproducts.com\/pl\/produkt\/groutseal\/"},"modified":"2025-01-27T08:50:08","modified_gmt":"2025-01-27T07:50:08","slug":"groutseal","status":"publish","type":"product","link":"https:\/\/fixlabproducts.com\/pl\/produkt\/groutseal\/","title":{"rendered":"GroutSeal \u2014 elastyczny uszczelniacz polimocznikowy do spoinowania"},"content":{"rendered":"","protected":false},"excerpt":{"rendered":"<p>Ten \u0142atwy do nak\u0142adania uszczelniacz polimocznikowy pozwala skutecznie naprawia\u0107 p\u0119kni\u0119cia w\u00a0\u015bcianach i wype\u0142nia\u0107 spoiny, a tak\u017ce eliminowa\u0107 nieszczelno\u015bci. Stanowi natychmiastowe i\u00a0trwa\u0142e rozwi\u0105zanie do u\u017cytku zar\u00f3wno w budynkach, jak i na zewn\u0105trz. W celu korzystania z\u00a0produktu GroutSeal nie jest potrzebne \u017cadne wcze\u015bniejsze do\u015bwiadczenie.<\/p>\n","protected":false},"featured_media":22622,"comment_status":"closed","ping_status":"closed","template":"","meta":{"_acf_changed":false,"inline_featured_image":false},"product_cat":[189,94],"product_tag":[],"class_list":{"0":"post-22623","1":"product","2":"type-product","3":"status-publish","4":"has-post-thumbnail","6":"product_cat-hracky","7":"product_cat-winter-sale","9":"first","10":"instock","11":"sale","12":"shipping-taxable","13":"purchasable","14":"product-type-simple"},"acf":[],"_links":{"self":[{"href":"https:\/\/fixlabproducts.com\/pl\/wp-json\/wp\/v2\/product\/22623"}],"collection":[{"href":"https:\/\/fixlabproducts.com\/pl\/wp-json\/wp\/v2\/product"}],"about":[{"href":"https:\/\/fixlabproducts.com\/pl\/wp-json\/wp\/v2\/types\/product"}],"replies":[{"embeddable":true,"href":"https:\/\/fixlabproducts.com\/pl\/wp-json\/wp\/v2\/comments?post=22623"}],"wp:featuredmedia":[{"embeddable":true,"href":"https:\/\/fixlabproducts.com\/pl\/wp-json\/wp\/v2\/media\/22622"}],"wp:attachment":[{"href":"https:\/\/fixlabproducts.com\/pl\/wp-json\/wp\/v2\/media?parent=22623"}],"wp:term":[{"taxonomy":"product_cat","embeddable":true,"href":"https:\/\/fixlabproducts.com\/pl\/wp-json\/wp\/v2\/product_cat?post=22623"},{"taxonomy":"product_tag","embeddable":true,"href":"https:\/\/fixlabproducts.com\/pl\/wp-json\/wp\/v2\/product_tag?post=22623"}],"curies":[{"name":"wp","href":"https:\/\/api.w.org\/{rel}","templated":true}]}}