{"id":21783,"date":"2024-05-15T13:28:45","date_gmt":"2024-05-15T11:28:45","guid":{"rendered":"https:\/\/fixlabproducts.com\/pl\/produkt\/solidmax\/"},"modified":"2024-05-31T11:54:59","modified_gmt":"2024-05-31T09:54:59","slug":"solidmax","status":"publish","type":"product","link":"https:\/\/fixlabproducts.com\/pl\/produkt\/solidmax\/","title":{"rendered":"SolidMax &#8211; \u015arodek do czyszczenia z kamienia"},"content":{"rendered":"<p>Formu\u0142a SolidMax penetruje i rozpuszcza kamie\u0144, wap\u0144 i plamy z twardej wody, kt\u00f3re n\u0119kaj\u0105 krany, zlewy, wanny, bidety itp.<\/p>\n<p><img fetchpriority=\"high\" decoding=\"async\" class=\"alignnone size-medium wp-image-52669\" src=\"https:\/\/clickostore.com\/si\/wp-content\/uploads\/sites\/23\/2024\/01\/16-600x600.jpg\" alt=\"\" width=\"600\" height=\"600\" \/><\/p>\n<p>Jego unikalna formu\u0142a nie tylko usuwa kamie\u0144 &#8211; tworzy r\u00f3wnie\u017c barier\u0119 ochronn\u0105, kt\u00f3ra pomaga zapobiega\u0107 jego gromadzeniu si\u0119 w przysz\u0142o\u015bci!<\/p>\n<p><img decoding=\"async\" class=\"alignnone size-medium wp-image-52671\" src=\"https:\/\/clickostore.com\/si\/wp-content\/uploads\/sites\/23\/2024\/01\/33-600x600.jpg\" alt=\"\" width=\"600\" height=\"600\" \/><\/p>\n<p>Nie musisz sp\u0119dza\u0107 godzin na szorowaniu i skrobaniu &#8211; po prostu na\u0142\u00f3\u017c SolidMax, pozw\u00f3l mu zadzia\u0142a\u0107 i zetrzyj plamy bez wysi\u0142ku.<\/p>\n<p><img decoding=\"async\" class=\"alignnone size-medium wp-image-52670\" src=\"https:\/\/clickostore.com\/si\/wp-content\/uploads\/sites\/23\/2024\/01\/32-600x600.jpg\" alt=\"\" width=\"600\" height=\"600\" \/><\/p>\n<p>Wkrocz do \u015bwiata, w kt\u00f3rym sprz\u0105tanie nie jest przykrym obowi\u0105zkiem, ale satysfakcjonuj\u0105cym do\u015bwiadczeniem. Wybierz SolidMax &#8211; gdzie innowacja spotyka si\u0119 z czysto\u015bci\u0105!<\/p>\n<p><img loading=\"lazy\" decoding=\"async\" class=\"alignnone size-medium wp-image-52672\" src=\"https:\/\/clickostore.com\/si\/wp-content\/uploads\/sites\/23\/2024\/01\/34-600x600.jpg\" alt=\"\" width=\"600\" height=\"600\" \/><\/p>\n","protected":false},"excerpt":{"rendered":"<p>Spraw, aby Twoja \u0142azienka by\u0142a super czysta i l\u015bni\u0105ca dzi\u0119ki SolidMax. To najlepszy spos\u00f3b na pozbycie si\u0119 kamienia i sprawienie, by \u0142azienka l\u015bni\u0142a i wygl\u0105da\u0142a niesamowicie. Poniewa\u017c Tw\u00f3j dom zas\u0142uguje tylko na to, co najlepsze!<\/p>\n","protected":false},"featured_media":21782,"comment_status":"closed","ping_status":"closed","template":"","meta":{"_acf_changed":false,"inline_featured_image":false},"product_cat":[77],"product_tag":[],"class_list":{"0":"post-21783","1":"product","2":"type-product","3":"status-publish","4":"has-post-thumbnail","6":"product_cat-dom-i-ogrod","8":"first","9":"instock","10":"sale","11":"shipping-taxable","12":"purchasable","13":"product-type-simple"},"acf":[],"_links":{"self":[{"href":"https:\/\/fixlabproducts.com\/pl\/wp-json\/wp\/v2\/product\/21783"}],"collection":[{"href":"https:\/\/fixlabproducts.com\/pl\/wp-json\/wp\/v2\/product"}],"about":[{"href":"https:\/\/fixlabproducts.com\/pl\/wp-json\/wp\/v2\/types\/product"}],"replies":[{"embeddable":true,"href":"https:\/\/fixlabproducts.com\/pl\/wp-json\/wp\/v2\/comments?post=21783"}],"wp:featuredmedia":[{"embeddable":true,"href":"https:\/\/fixlabproducts.com\/pl\/wp-json\/wp\/v2\/media\/21782"}],"wp:attachment":[{"href":"https:\/\/fixlabproducts.com\/pl\/wp-json\/wp\/v2\/media?parent=21783"}],"wp:term":[{"taxonomy":"product_cat","embeddable":true,"href":"https:\/\/fixlabproducts.com\/pl\/wp-json\/wp\/v2\/product_cat?post=21783"},{"taxonomy":"product_tag","embeddable":true,"href":"https:\/\/fixlabproducts.com\/pl\/wp-json\/wp\/v2\/product_tag?post=21783"}],"curies":[{"name":"wp","href":"https:\/\/api.w.org\/{rel}","templated":true}]}}