{"id":21781,"date":"2024-05-15T13:28:09","date_gmt":"2024-05-15T11:28:09","guid":{"rendered":"https:\/\/fixlabproducts.com\/pl\/produkt\/vivavex\/"},"modified":"2025-01-27T08:45:07","modified_gmt":"2025-01-27T07:45:07","slug":"vivavex","status":"publish","type":"product","link":"https:\/\/fixlabproducts.com\/pl\/produkt\/vivavex\/","title":{"rendered":"VivaVex &#8211; \u015arodek do czyszczenia kostki brukowej"},"content":{"rendered":"<p>Silna formu\u0142a zosta\u0142a specjalnie zaprojektowana do czyszczenia szerokiej gamy powierzchni, zapewniaj\u0105c wszechstronn\u0105 moc czyszczenia!<\/p>\n<p><img fetchpriority=\"high\" decoding=\"async\" class=\"alignnone size-medium wp-image-43004\" src=\"https:\/\/clickostore.com\/pl\/wp-content\/uploads\/sites\/4\/2024\/04\/pl3-600x600.jpg\" alt=\"\" width=\"600\" height=\"600\" \/><\/p>\n<p>Nadaje si\u0119 do polerowanego granitu, marmuru, rustykalnego trawertynu, wytrzyma\u0142ego piaskowca, eleganckiej ceramiki, eleganckiego lastryko i innych.<\/p>\n<p><img decoding=\"async\" class=\"alignnone size-medium wp-image-53058\" src=\"https:\/\/clickostore.com\/si\/wp-content\/uploads\/sites\/23\/2024\/04\/5-1-600x600.jpg\" alt=\"\" width=\"600\" height=\"600\" \/><\/p>\n<p>Pomaga osi\u0105gn\u0105\u0107 osza\u0142amiaj\u0105ce rezultaty na patio, podje\u017adzie lub \u015bcie\u017ckach ogrodowych, zapewniaj\u0105c doskona\u0142o\u015b\u0107 w ka\u017cdym projekcie.<\/p>\n<p><img decoding=\"async\" class=\"alignnone size-medium wp-image-53056\" src=\"https:\/\/clickostore.com\/si\/wp-content\/uploads\/sites\/23\/2024\/04\/2-1-600x600.jpg\" alt=\"\" width=\"600\" height=\"600\" \/><\/p>\n<p>VivaVex jest bezpieczny przy prawid\u0142owym stosowaniu! Cho\u0107 jest skuteczny w walce z trudnymi plamami, jest delikatny dla powierzchni.<\/p>\n<p><img loading=\"lazy\" decoding=\"async\" class=\"alignnone size-medium wp-image-53057\" src=\"https:\/\/clickostore.com\/si\/wp-content\/uploads\/sites\/23\/2024\/04\/4-1-600x600.jpg\" alt=\"\" width=\"600\" height=\"600\" \/><\/p>\n","protected":false},"excerpt":{"rendered":"<p>Dzi\u0119ki VivaVex czyszczenie nawierzchni nigdy nie by\u0142o \u0142atwiejsze i skuteczniejsze. Po\u017cegnaj si\u0119 z t\u0142ustymi plamami, nagromadzonym t\u0142uszczem, nieestetycznymi glonami, uci\u0105\u017cliw\u0105 ple\u015bni\u0105 i uporczywymi osadami mineralnymi! Idealne rozwi\u0105zanie dla Ciebie!<\/p>\n","protected":false},"featured_media":21780,"comment_status":"closed","ping_status":"closed","template":"","meta":{"_acf_changed":false,"inline_featured_image":false},"product_cat":[75],"product_tag":[],"class_list":{"0":"post-21781","1":"product","2":"type-product","3":"status-publish","4":"has-post-thumbnail","6":"product_cat-zabawki","8":"first","9":"instock","10":"sale","11":"shipping-taxable","12":"purchasable","13":"product-type-simple"},"acf":[],"_links":{"self":[{"href":"https:\/\/fixlabproducts.com\/pl\/wp-json\/wp\/v2\/product\/21781"}],"collection":[{"href":"https:\/\/fixlabproducts.com\/pl\/wp-json\/wp\/v2\/product"}],"about":[{"href":"https:\/\/fixlabproducts.com\/pl\/wp-json\/wp\/v2\/types\/product"}],"replies":[{"embeddable":true,"href":"https:\/\/fixlabproducts.com\/pl\/wp-json\/wp\/v2\/comments?post=21781"}],"wp:featuredmedia":[{"embeddable":true,"href":"https:\/\/fixlabproducts.com\/pl\/wp-json\/wp\/v2\/media\/21780"}],"wp:attachment":[{"href":"https:\/\/fixlabproducts.com\/pl\/wp-json\/wp\/v2\/media?parent=21781"}],"wp:term":[{"taxonomy":"product_cat","embeddable":true,"href":"https:\/\/fixlabproducts.com\/pl\/wp-json\/wp\/v2\/product_cat?post=21781"},{"taxonomy":"product_tag","embeddable":true,"href":"https:\/\/fixlabproducts.com\/pl\/wp-json\/wp\/v2\/product_tag?post=21781"}],"curies":[{"name":"wp","href":"https:\/\/api.w.org\/{rel}","templated":true}]}}