{"id":20445,"date":"2023-01-17T09:23:56","date_gmt":"2023-01-17T08:23:56","guid":{"rendered":"https:\/\/fixlabproducts.com\/pl\/?post_type=product&#038;p=20445"},"modified":"2024-07-12T09:32:53","modified_gmt":"2024-07-12T07:32:53","slug":"rust-paint","status":"publish","type":"product","link":"https:\/\/fixlabproducts.com\/pl\/produkt\/rust-paint\/","title":{"rendered":"Specjalna farba do pokrywania rdzy (300ml)"},"content":{"rendered":"","protected":false},"excerpt":{"rendered":"<p>Masz do\u015b\u0107 zmagania si\u0119 z nieestetyczn\u0105 rdz\u0105 i korozj\u0105 na swoich metalowych powierzchniach? Nasza wielofunkcyjna farba do rdzy nie tylko stabilizuje powierzchni\u0119, ale tak\u017ce zapewnia d\u0142ugotrwa\u0142\u0105 ochron\u0119 w zaledwie jednym prostym kroku. Niezale\u017cnie od tego, czy jeste\u015b profesjonalnym wykonawc\u0105, czy majsterkowiczem-hobbyst\u0105, nasza formu\u0142a z pewno\u015bci\u0105 spe\u0142ni wszystkie Twoje potrzeby!<\/p>\n","protected":false},"featured_media":22326,"comment_status":"closed","ping_status":"closed","template":"","meta":{"_acf_changed":false,"inline_featured_image":false},"product_cat":[77],"product_tag":[],"class_list":{"0":"post-20445","1":"product","2":"type-product","3":"status-publish","4":"has-post-thumbnail","6":"product_cat-dom-i-ogrod","8":"first","9":"instock","10":"sale","11":"shipping-taxable","12":"purchasable","13":"product-type-variable","14":"has-default-attributes","15":"rtwpvs-product"},"acf":[],"_links":{"self":[{"href":"https:\/\/fixlabproducts.com\/pl\/wp-json\/wp\/v2\/product\/20445"}],"collection":[{"href":"https:\/\/fixlabproducts.com\/pl\/wp-json\/wp\/v2\/product"}],"about":[{"href":"https:\/\/fixlabproducts.com\/pl\/wp-json\/wp\/v2\/types\/product"}],"replies":[{"embeddable":true,"href":"https:\/\/fixlabproducts.com\/pl\/wp-json\/wp\/v2\/comments?post=20445"}],"wp:featuredmedia":[{"embeddable":true,"href":"https:\/\/fixlabproducts.com\/pl\/wp-json\/wp\/v2\/media\/22326"}],"wp:attachment":[{"href":"https:\/\/fixlabproducts.com\/pl\/wp-json\/wp\/v2\/media?parent=20445"}],"wp:term":[{"taxonomy":"product_cat","embeddable":true,"href":"https:\/\/fixlabproducts.com\/pl\/wp-json\/wp\/v2\/product_cat?post=20445"},{"taxonomy":"product_tag","embeddable":true,"href":"https:\/\/fixlabproducts.com\/pl\/wp-json\/wp\/v2\/product_tag?post=20445"}],"curies":[{"name":"wp","href":"https:\/\/api.w.org\/{rel}","templated":true}]}}