{"id":40480,"date":"2025-01-24T10:01:46","date_gmt":"2025-01-24T09:01:46","guid":{"rendered":"https:\/\/fixlabproducts.com\/it\/prodotto\/climatop\/"},"modified":"2025-01-28T10:14:58","modified_gmt":"2025-01-28T09:14:58","slug":"climatop","status":"publish","type":"product","link":"https:\/\/fixlabproducts.com\/it\/prodotto\/climatop\/","title":{"rendered":"ClimaTop &#8211; Pulitore a schiuma per condizionatori d&#8217;aria"},"content":{"rendered":"<p>ClimaTop \u00e8 formulato con potenti agenti che penetrano in profondit\u00e0 nelle serpentine e nelle alette dell&#8217;unit\u00e0 di condizionamento.<\/p>\n<p><img fetchpriority=\"high\" decoding=\"async\" class=\"alignnone size-medium wp-image-53163\" src=\"https:\/\/clickostore.com\/si\/wp-content\/uploads\/sites\/23\/2024\/05\/PLANT-FERTILIZER-2-600x600.jpg\" alt=\"\" width=\"600\" height=\"600\" \/><\/p>\n<p>Eliminando muffe, funghi e batteri, ClimaTop assicura un ambiente pi\u00f9 sano per voi e i vostri cari.<\/p>\n<p><img decoding=\"async\" class=\"alignnone size-medium wp-image-61817\" src=\"https:\/\/clickostore.com\/it\/wp-content\/uploads\/sites\/3\/2024\/05\/17-600x600.jpg\" alt=\"\" width=\"600\" height=\"600\" \/><\/p>\n<p>Un condizionatore d&#8217;aria pulito funziona in modo pi\u00f9 efficiente, consumando meno energia e riducendo le bollette.<\/p>\n<p><img decoding=\"async\" class=\"alignnone size-medium wp-image-53158\" src=\"https:\/\/clickostore.com\/si\/wp-content\/uploads\/sites\/23\/2024\/05\/3-600x600.png\" alt=\"\" width=\"600\" height=\"600\" \/><\/p>\n<p>La sua formula non corrosiva lo rende sicuro per l&#8217;uso su varie superfici, senza causare alcun danno.<\/p>\n<p><img loading=\"lazy\" decoding=\"async\" class=\"alignnone size-medium wp-image-61816\" src=\"https:\/\/clickostore.com\/it\/wp-content\/uploads\/sites\/3\/2024\/05\/14-600x600.jpg\" alt=\"\" width=\"600\" height=\"600\" \/><\/p>\n<p>&nbsp;<\/p>\n<p>&nbsp;<\/p>\n<p>&nbsp;<\/p>\n","protected":false},"excerpt":{"rendered":"<p>ClimaTop \u00e8 la soluzione perfetta per mantenere il vostro impianto di climatizzazione in condizioni ottimali. ClimaTop \u00e8 specificamente progettato per migliorare l\u2019efficienza del vostro condizionatore d\u2019aria, assicurandovi aria fresca!\ud83d\udca8\ud83c\udf43<\/p>\n","protected":false},"featured_media":40476,"comment_status":"closed","ping_status":"closed","template":"","meta":{"_acf_changed":false,"inline_featured_image":false},"product_cat":[74],"product_tag":[],"class_list":{"0":"post-40480","1":"product","2":"type-product","3":"status-publish","4":"has-post-thumbnail","6":"product_cat-giocattoli","8":"first","9":"instock","10":"sale","11":"shipping-taxable","12":"purchasable","13":"product-type-simple"},"acf":[],"_links":{"self":[{"href":"https:\/\/fixlabproducts.com\/it\/wp-json\/wp\/v2\/product\/40480"}],"collection":[{"href":"https:\/\/fixlabproducts.com\/it\/wp-json\/wp\/v2\/product"}],"about":[{"href":"https:\/\/fixlabproducts.com\/it\/wp-json\/wp\/v2\/types\/product"}],"replies":[{"embeddable":true,"href":"https:\/\/fixlabproducts.com\/it\/wp-json\/wp\/v2\/comments?post=40480"}],"wp:featuredmedia":[{"embeddable":true,"href":"https:\/\/fixlabproducts.com\/it\/wp-json\/wp\/v2\/media\/40476"}],"wp:attachment":[{"href":"https:\/\/fixlabproducts.com\/it\/wp-json\/wp\/v2\/media?parent=40480"}],"wp:term":[{"taxonomy":"product_cat","embeddable":true,"href":"https:\/\/fixlabproducts.com\/it\/wp-json\/wp\/v2\/product_cat?post=40480"},{"taxonomy":"product_tag","embeddable":true,"href":"https:\/\/fixlabproducts.com\/it\/wp-json\/wp\/v2\/product_tag?post=40480"}],"curies":[{"name":"wp","href":"https:\/\/api.w.org\/{rel}","templated":true}]}}