{"id":40471,"date":"2025-01-24T09:56:12","date_gmt":"2025-01-24T08:56:12","guid":{"rendered":"https:\/\/fixlabproducts.com\/it\/prodotto\/greaseoff\/"},"modified":"2025-01-28T10:17:16","modified_gmt":"2025-01-28T09:17:16","slug":"greaseoff","status":"publish","type":"product","link":"https:\/\/fixlabproducts.com\/it\/prodotto\/greaseoff\/","title":{"rendered":"GreaseOFF &#8211; Sgrassatore universale"},"content":{"rendered":"<p>La sua formula \u00e8 perfetta sia per l&#8217;uso domestico che per quello professionale e taglia gli strati di grasso accumulato!<\/p>\n<p><img fetchpriority=\"high\" decoding=\"async\" class=\"alignnone size-medium wp-image-61981\" src=\"https:\/\/clickostore.com\/it\/wp-content\/uploads\/sites\/3\/2024\/09\/IT2-600x600.jpg\" alt=\"\" width=\"600\" height=\"600\" \/><\/p>\n<p>Utilizzate GreaseOFF su piani cottura, forni, griglie per barbecue, motori di auto, catene di biciclette e persino macchinari industriali.<\/p>\n<p><img decoding=\"async\" class=\"alignnone size-medium wp-image-61049\" src=\"https:\/\/clickostore.com\/sk\/wp-content\/uploads\/sites\/6\/2024\/09\/3-1-600x600.jpg\" alt=\"\" width=\"600\" height=\"600\" \/><\/p>\n<p>Spruzzate direttamente sull&#8217;area interessata, attendete qualche istante, quindi pulite con un panno: rapido e senza fatica.<\/p>\n<p><img decoding=\"async\" class=\"alignnone size-medium wp-image-61982\" src=\"https:\/\/clickostore.com\/it\/wp-content\/uploads\/sites\/3\/2024\/09\/IT4-600x600.jpg\" alt=\"\" width=\"600\" height=\"600\" \/><\/p>\n<p>Perch\u00e9 usare pi\u00f9 detergenti quando GreaseOFF fa tutto? \u00c8 efficace, economico e poco ingombrante.<\/p>\n<p><img loading=\"lazy\" decoding=\"async\" class=\"alignnone size-medium wp-image-61054\" src=\"https:\/\/clickostore.com\/sk\/wp-content\/uploads\/sites\/6\/2024\/09\/EU5-600x600.jpg\" alt=\"\" width=\"600\" height=\"600\" \/><\/p>\n","protected":false},"excerpt":{"rendered":"<p>Addio a grasso e sporcizia ostinati! La formula avanzata di GreaseOFF penetra in profondit\u00e0 nel grasso, scomponendolo a livello molecolare per garantire una finitura senza macchie e senza residui su qualsiasi superficie.<\/p>\n","protected":false},"featured_media":40470,"comment_status":"closed","ping_status":"closed","template":"","meta":{"_acf_changed":false,"inline_featured_image":false},"product_cat":[195],"product_tag":[],"class_list":{"0":"post-40471","1":"product","2":"type-product","3":"status-publish","4":"has-post-thumbnail","6":"product_cat-dom-a-zahrada","8":"first","9":"instock","10":"sale","11":"shipping-taxable","12":"purchasable","13":"product-type-simple"},"acf":[],"_links":{"self":[{"href":"https:\/\/fixlabproducts.com\/it\/wp-json\/wp\/v2\/product\/40471"}],"collection":[{"href":"https:\/\/fixlabproducts.com\/it\/wp-json\/wp\/v2\/product"}],"about":[{"href":"https:\/\/fixlabproducts.com\/it\/wp-json\/wp\/v2\/types\/product"}],"replies":[{"embeddable":true,"href":"https:\/\/fixlabproducts.com\/it\/wp-json\/wp\/v2\/comments?post=40471"}],"wp:featuredmedia":[{"embeddable":true,"href":"https:\/\/fixlabproducts.com\/it\/wp-json\/wp\/v2\/media\/40470"}],"wp:attachment":[{"href":"https:\/\/fixlabproducts.com\/it\/wp-json\/wp\/v2\/media?parent=40471"}],"wp:term":[{"taxonomy":"product_cat","embeddable":true,"href":"https:\/\/fixlabproducts.com\/it\/wp-json\/wp\/v2\/product_cat?post=40471"},{"taxonomy":"product_tag","embeddable":true,"href":"https:\/\/fixlabproducts.com\/it\/wp-json\/wp\/v2\/product_tag?post=40471"}],"curies":[{"name":"wp","href":"https:\/\/api.w.org\/{rel}","templated":true}]}}