{"id":39729,"date":"2024-05-20T13:49:31","date_gmt":"2024-05-20T11:49:31","guid":{"rendered":"https:\/\/fixlabproducts.com\/it\/prodotto\/vivavex\/"},"modified":"2025-01-28T09:18:38","modified_gmt":"2025-01-28T08:18:38","slug":"vivavex","status":"publish","type":"product","link":"https:\/\/fixlabproducts.com\/it\/prodotto\/vivavex\/","title":{"rendered":"VivaVex &#8211; Detergente per pavimentazioni"},"content":{"rendered":"<p>La potente formula \u00e8 stata appositamente studiata per affrontare un&#8217;ampia gamma di superfici, offrendo un potere pulente versatile!<\/p>\n<p><img fetchpriority=\"high\" decoding=\"async\" class=\"alignnone size-medium wp-image-61729\" src=\"https:\/\/clickostore.com\/it\/wp-content\/uploads\/sites\/3\/2024\/04\/it3-600x600.jpg\" alt=\"\" width=\"600\" height=\"600\" \/><\/p>\n<p>Adatto per granito lucido, marmo, travertino rustico, arenaria robusta, ceramica elegante, terrazzo elegante e altro ancora.<\/p>\n<p><img decoding=\"async\" class=\"alignnone size-medium wp-image-53058\" src=\"https:\/\/clickostore.com\/si\/wp-content\/uploads\/sites\/23\/2024\/04\/5-1-600x600.jpg\" alt=\"\" width=\"600\" height=\"600\" \/><\/p>\n<p>Consente di ottenere risultati straordinari per il patio, il vialetto o i sentieri del giardino, garantendo l&#8217;eccellenza in ogni progetto.<\/p>\n<p><img decoding=\"async\" class=\"alignnone size-medium wp-image-53056\" src=\"https:\/\/clickostore.com\/si\/wp-content\/uploads\/sites\/23\/2024\/04\/2-1-600x600.jpg\" alt=\"\" width=\"600\" height=\"600\" \/><\/p>\n<p>VivaVex \u00e8 sicuro se usato correttamente! Pur essendo efficace contro le macchie pi\u00f9 resistenti, \u00e8 delicato sulle superfici.<\/p>\n<p><img loading=\"lazy\" decoding=\"async\" class=\"alignnone size-medium wp-image-53057\" src=\"https:\/\/clickostore.com\/si\/wp-content\/uploads\/sites\/23\/2024\/04\/4-1-600x600.jpg\" alt=\"\" width=\"600\" height=\"600\" \/><\/p>\n","protected":false},"excerpt":{"rendered":"<p>Con VivaVex, la pulizia della pavimentazione non \u00e8 mai stata cos\u00ec facile ed efficace. Dite addio a macchie oleose, accumuli di grasso, alghe antiestetiche, muffe fastidiose e depositi minerali ostinati! La soluzione perfetta per voi!<\/p>\n","protected":false},"featured_media":39728,"comment_status":"closed","ping_status":"closed","template":"","meta":{"_acf_changed":false,"inline_featured_image":false},"product_cat":[74],"product_tag":[],"class_list":{"0":"post-39729","1":"product","2":"type-product","3":"status-publish","4":"has-post-thumbnail","6":"product_cat-giocattoli","8":"first","9":"instock","10":"sale","11":"shipping-taxable","12":"purchasable","13":"product-type-simple"},"acf":[],"_links":{"self":[{"href":"https:\/\/fixlabproducts.com\/it\/wp-json\/wp\/v2\/product\/39729"}],"collection":[{"href":"https:\/\/fixlabproducts.com\/it\/wp-json\/wp\/v2\/product"}],"about":[{"href":"https:\/\/fixlabproducts.com\/it\/wp-json\/wp\/v2\/types\/product"}],"replies":[{"embeddable":true,"href":"https:\/\/fixlabproducts.com\/it\/wp-json\/wp\/v2\/comments?post=39729"}],"wp:featuredmedia":[{"embeddable":true,"href":"https:\/\/fixlabproducts.com\/it\/wp-json\/wp\/v2\/media\/39728"}],"wp:attachment":[{"href":"https:\/\/fixlabproducts.com\/it\/wp-json\/wp\/v2\/media?parent=39729"}],"wp:term":[{"taxonomy":"product_cat","embeddable":true,"href":"https:\/\/fixlabproducts.com\/it\/wp-json\/wp\/v2\/product_cat?post=39729"},{"taxonomy":"product_tag","embeddable":true,"href":"https:\/\/fixlabproducts.com\/it\/wp-json\/wp\/v2\/product_tag?post=39729"}],"curies":[{"name":"wp","href":"https:\/\/api.w.org\/{rel}","templated":true}]}}