{"id":38644,"date":"2023-03-15T10:07:54","date_gmt":"2023-03-15T09:07:54","guid":{"rendered":"https:\/\/fixlabproducts.com\/it\/?post_type=product&#038;p=38644"},"modified":"2024-05-09T14:05:34","modified_gmt":"2024-05-09T12:05:34","slug":"kingmeter","status":"publish","type":"product","link":"https:\/\/fixlabproducts.com\/it\/prodotto\/kingmeter\/","title":{"rendered":"KING METER"},"content":{"rendered":"","protected":false},"excerpt":{"rendered":"<p>Cercate lo strumento perfetto per rendere la misurazione facile e veloce? Non cercate altro che King Meter! Grazie al design elegante ed ergonomico, alle tre diverse modalit\u00e0 e alla possibilit\u00e0 di scegliere tra scala standard e metrica, King Meter \u00e8 lo strumento perfetto per qualsiasi progetto, grande o piccolo che sia.<\/p>\n","protected":false},"featured_media":38645,"comment_status":"closed","ping_status":"closed","template":"","meta":{"_acf_changed":false,"inline_featured_image":false},"product_cat":[179,16,76,75],"product_tag":[],"class_list":{"0":"post-38644","1":"product","2":"type-product","3":"status-publish","4":"has-post-thumbnail","6":"product_cat-dom-in-vrt","7":"product_cat-uncategorized","8":"product_cat-casa-e-giardino","9":"product_cat-tecnologia","11":"first","12":"instock","13":"sale","14":"shipping-taxable","15":"purchasable","16":"product-type-simple"},"acf":[],"_links":{"self":[{"href":"https:\/\/fixlabproducts.com\/it\/wp-json\/wp\/v2\/product\/38644"}],"collection":[{"href":"https:\/\/fixlabproducts.com\/it\/wp-json\/wp\/v2\/product"}],"about":[{"href":"https:\/\/fixlabproducts.com\/it\/wp-json\/wp\/v2\/types\/product"}],"replies":[{"embeddable":true,"href":"https:\/\/fixlabproducts.com\/it\/wp-json\/wp\/v2\/comments?post=38644"}],"wp:featuredmedia":[{"embeddable":true,"href":"https:\/\/fixlabproducts.com\/it\/wp-json\/wp\/v2\/media\/38645"}],"wp:attachment":[{"href":"https:\/\/fixlabproducts.com\/it\/wp-json\/wp\/v2\/media?parent=38644"}],"wp:term":[{"taxonomy":"product_cat","embeddable":true,"href":"https:\/\/fixlabproducts.com\/it\/wp-json\/wp\/v2\/product_cat?post=38644"},{"taxonomy":"product_tag","embeddable":true,"href":"https:\/\/fixlabproducts.com\/it\/wp-json\/wp\/v2\/product_tag?post=38644"}],"curies":[{"name":"wp","href":"https:\/\/api.w.org\/{rel}","templated":true}]}}