{"id":21505,"date":"2023-01-17T13:06:05","date_gmt":"2023-01-17T12:06:05","guid":{"rendered":"https:\/\/fixlabproducts.com\/hu\/?post_type=product&#038;p=21505"},"modified":"2025-01-27T12:56:52","modified_gmt":"2025-01-27T11:56:52","slug":"rust-paint","status":"publish","type":"product","link":"https:\/\/fixlabproducts.com\/hu\/product\/rust-paint\/","title":{"rendered":"Speci\u00e1lis fest\u00e9k a rozsda lefed\u00e9s\u00e9hez (300ml)"},"content":{"rendered":"","protected":false},"excerpt":{"rendered":"<p>Megunta m\u00e1r a ronda rozsd\u00e1t \u00e9s korr\u00f3zi\u00f3t a f\u00e9mfel\u00fcleteken? A Rust Paint t\u00f6bbfunkci\u00f3s term\u00e9k\u00fcnk stabiliz\u00e1lja a fel\u00fcletet, \u00e9s hosszan tart\u00f3 v\u00e9delmet biztos\u00edt egyetlen k\u00f6nny\u0171 l\u00e9p\u00e9sben. Lehet szakember vagy lelkes bark\u00e1csol\u00f3, a formul\u00e1nk mindenki ig\u00e9nyeinek eleget tesz!<\/p>\n","protected":false},"featured_media":23427,"comment_status":"closed","ping_status":"closed","template":"","meta":{"_acf_changed":false,"inline_featured_image":false},"product_cat":[74],"product_tag":[],"class_list":{"0":"post-21505","1":"product","2":"type-product","3":"status-publish","4":"has-post-thumbnail","6":"product_cat-otthon-es-kert","8":"first","9":"instock","10":"sale","11":"shipping-taxable","12":"purchasable","13":"product-type-variable","14":"has-default-attributes","15":"rtwpvs-product"},"acf":[],"_links":{"self":[{"href":"https:\/\/fixlabproducts.com\/hu\/wp-json\/wp\/v2\/product\/21505"}],"collection":[{"href":"https:\/\/fixlabproducts.com\/hu\/wp-json\/wp\/v2\/product"}],"about":[{"href":"https:\/\/fixlabproducts.com\/hu\/wp-json\/wp\/v2\/types\/product"}],"replies":[{"embeddable":true,"href":"https:\/\/fixlabproducts.com\/hu\/wp-json\/wp\/v2\/comments?post=21505"}],"wp:featuredmedia":[{"embeddable":true,"href":"https:\/\/fixlabproducts.com\/hu\/wp-json\/wp\/v2\/media\/23427"}],"wp:attachment":[{"href":"https:\/\/fixlabproducts.com\/hu\/wp-json\/wp\/v2\/media?parent=21505"}],"wp:term":[{"taxonomy":"product_cat","embeddable":true,"href":"https:\/\/fixlabproducts.com\/hu\/wp-json\/wp\/v2\/product_cat?post=21505"},{"taxonomy":"product_tag","embeddable":true,"href":"https:\/\/fixlabproducts.com\/hu\/wp-json\/wp\/v2\/product_tag?post=21505"}],"curies":[{"name":"wp","href":"https:\/\/api.w.org\/{rel}","templated":true}]}}